{"id":11965,"date":"2025-04-24T14:18:29","date_gmt":"2025-04-24T14:18:29","guid":{"rendered":"https:\/\/stadiuminsight.com\/?page_id=11965"},"modified":"2025-10-18T10:07:54","modified_gmt":"2025-10-18T10:07:54","slug":"integritetspolicy-for-stadiuminsight","status":"publish","type":"page","link":"https:\/\/stadiuminsight.com\/sv\/integritetspolicy-for-stadiuminsight\/","title":{"rendered":"Integritetspolicy f\u00f6r Stadiuminsight"},"content":{"rendered":"<div id=\"fws_69d4dd18501e6\"  data-column-margin=\"default\" data-midnight=\"dark\"  class=\"wpb_row vc_row-fluid vc_row\"  style=\"padding-top: 0px; padding-bottom: 0px; \"><div class=\"row-bg-wrap\" data-bg-animation=\"none\" data-bg-animation-delay=\"\" data-bg-overlay=\"false\"><div class=\"inner-wrap row-bg-layer\" ><div class=\"row-bg viewport-desktop\"  style=\"\"><\/div><\/div><\/div><div class=\"row_col_wrap_12 col span_12 dark left\">\n\t<div  class=\"vc_col-sm-12 wpb_column column_container vc_column_container col no-extra-padding inherit_tablet inherit_phone\"  data-padding-pos=\"all\" data-has-bg-color=\"false\" data-bg-color=\"\" data-bg-opacity=\"1\" data-animation=\"\" data-delay=\"0\" >\n\t\t<div class=\"vc_column-inner\" >\n\t\t\t<div class=\"wpb_wrapper\">\n\t\t\t\t\n<div class=\"wpb_text_column wpb_content_element\" >\n\t<div class=\"wpb_wrapper\">\n\t\t<div class=\"aioseo-breadcrumbs\"><span class=\"aioseo-breadcrumb\">\n\tHem\n<\/span><\/div>\n\t<\/div>\n<\/div>\n\n\n\n\n\t\t\t<\/div> \n\t\t<\/div>\n\t<\/div> \n<\/div><\/div>\n\t\t<div id=\"fws_69d4dd1850b1d\"  data-column-margin=\"default\" data-midnight=\"dark\"  class=\"wpb_row vc_row-fluid vc_row\"  style=\"padding-top: 0px; padding-bottom: 0px; \"><div class=\"row-bg-wrap\" data-bg-animation=\"none\" data-bg-animation-delay=\"\" data-bg-overlay=\"false\"><div class=\"inner-wrap row-bg-layer\" ><div class=\"row-bg viewport-desktop\"  style=\"\"><\/div><\/div><\/div><div class=\"row_col_wrap_12 col span_12 dark left\">\n\t<div  class=\"vc_col-sm-12 wpb_column column_container vc_column_container col no-extra-padding inherit_tablet inherit_phone\"  data-padding-pos=\"all\" data-has-bg-color=\"false\" data-bg-color=\"\" data-bg-opacity=\"1\" data-animation=\"\" data-delay=\"0\" >\n\t\t<div class=\"vc_column-inner\" >\n\t\t\t<div class=\"wpb_wrapper\">\n\t\t\t\t\n<div class=\"wpb_text_column wpb_content_element\" >\n\t<div class=\"wpb_wrapper\">\n\t\t\t<\/div>\n<\/div>\n\n\n\n\n\t\t\t<\/div> \n\t\t<\/div>\n\t<\/div> \n<\/div><\/div>\n\t\t<div id=\"fws_69d4dd1850cbb\"  data-column-margin=\"default\" data-midnight=\"dark\"  class=\"wpb_row vc_row-fluid vc_row\"  style=\"padding-top: 0px; padding-bottom: 0px; \"><div class=\"row-bg-wrap\" data-bg-animation=\"none\" data-bg-animation-delay=\"\" data-bg-overlay=\"false\"><div class=\"inner-wrap row-bg-layer\" ><div class=\"row-bg viewport-desktop\"  style=\"\"><\/div><\/div><\/div><div class=\"row_col_wrap_12 col span_12 dark left\">\n\t<div  class=\"vc_col-sm-12 wpb_column column_container vc_column_container col no-extra-padding inherit_tablet inherit_phone\"  data-padding-pos=\"all\" data-has-bg-color=\"false\" data-bg-color=\"\" data-bg-opacity=\"1\" data-animation=\"\" data-delay=\"0\" >\n\t\t<div class=\"vc_column-inner\" >\n\t\t\t<div class=\"wpb_wrapper\">\n\t\t\t\t\n<div class=\"wpb_text_column wpb_content_element\" >\n\t<div class=\"wpb_wrapper\">\n\t\t<h1>Integritetspolicy<\/h1>\n<p>P\u00e5 StadiumInsight.com \u00e4r vi fast beslutna att skydda din integritet och s\u00e4kerst\u00e4lla s\u00e4kerheten f\u00f6r din personliga information. Denna policy f\u00f6rklarar hur vi samlar in, anv\u00e4nder och skyddar dina uppgifter i enlighet med g\u00e4llande dataskyddslagar, inklusive EU:s allm\u00e4nna dataskyddsf\u00f6rordning (GDPR).<\/p>\n<p>1. Personuppgiftsansvarig<br \/>\nStadiumInsight.com \u00e4r den personuppgiftsansvarige som ansvarar f\u00f6r behandlingen av dina personuppgifter.<\/p>\n<p>2. Information som vi samlar in<br \/>\nVi samlar endast in de uppgifter som \u00e4r n\u00f6dv\u00e4ndiga f\u00f6r att tillhandah\u00e5lla v\u00e5ra tj\u00e4nster och kommunicera effektivt med dig, t.ex:<\/p>\n<p>Namn<\/p>\n<p>E-postadress<\/p>\n<p>IP-adress<\/p>\n<p>Uppgifter om webbplatsanv\u00e4ndning (via cookies)<\/p>\n<p>3. \u00c4ndam\u00e5let med behandlingen<br \/>\nDina personuppgifter kan komma att behandlas f\u00f6r att:<\/p>\n<p>Tillhandah\u00e5lla och f\u00f6rb\u00e4ttra v\u00e5ra tj\u00e4nster<\/p>\n<p>Svara p\u00e5 f\u00f6rfr\u00e5gningar och kommunicera med anv\u00e4ndare<\/p>\n<p>Uppfylla r\u00e4ttsliga och avtalsenliga skyldigheter<\/p>\n<p>Analysera trafiken p\u00e5 webbplatsen och f\u00f6rb\u00e4ttra anv\u00e4ndarupplevelsen med hj\u00e4lp av cookies<\/p>\n<p>4. R\u00e4ttslig grund<br \/>\nVi behandlar personuppgifter baserat p\u00e5:<\/p>\n<p>Ditt samtycke (t.ex. anv\u00e4ndning av cookies)<\/p>\n<p>Avtalsenlig n\u00f6dv\u00e4ndighet<\/p>\n<p>Ber\u00e4ttigat intresse av att f\u00f6rb\u00e4ttra tj\u00e4nsterna<\/p>\n<p>Uppfyllande av r\u00e4ttsliga skyldigheter<\/p>\n<p>5. Delning av data<br \/>\nPersonuppgifter delas inte med tredje part om det inte kr\u00e4vs enligt lag eller \u00e4r n\u00f6dv\u00e4ndigt f\u00f6r att uppfylla en servicerelaterad funktion (t.ex. hosting- eller analysleverant\u00f6rer).<\/p>\n<p>6. Bevarande av uppgifter<br \/>\nVi lagrar personuppgifter endast s\u00e5 l\u00e4nge som det beh\u00f6vs f\u00f6r de \u00e4ndam\u00e5l som anges eller enligt lag. Vanligtvis lagras uppgifter i upp till 12 m\u00e5nader efter den senaste interaktionen om inte annat f\u00f6reskrivs.<\/p>\n<p>7. Dina r\u00e4ttigheter<br \/>\nEnligt GDPR har du r\u00e4tt till:<\/p>\n<p>F\u00e5 tillg\u00e5ng till dina uppgifter<\/p>\n<p>Beg\u00e4ran om r\u00e4ttelse eller radering<\/p>\n<p>Begr\u00e4nsa eller inv\u00e4nda mot behandling<\/p>\n<p>Ta emot dina data i ett b\u00e4rbart format<\/p>\n<p>\u00c5terkalla samtycke n\u00e4r som helst<\/p>\n<p>Om du vill ut\u00f6va dessa r\u00e4ttigheter, v\u00e4nligen kontakta oss via de uppgifter som anges p\u00e5 StadiumInsight.com.<\/p>\n<p>8. Kakor<br \/>\nVi anv\u00e4nder cookies f\u00f6r att m\u00e4ta trafik, anpassa anv\u00e4ndarupplevelsen och f\u00f6rb\u00e4ttra webbplatsens prestanda. Du kan n\u00e4r som helst hantera eller inaktivera cookies via inst\u00e4llningarna i din webbl\u00e4sare.<\/p>\n\t<\/div>\n<\/div>\n\n\n\n\n\t\t\t<\/div> \n\t\t<\/div>\n\t<\/div> \n<\/div><\/div>","protected":false},"excerpt":{"rendered":"Hem Integritetspolicy P\u00e5 StadiumInsight.com \u00e4r vi engagerade i att skydda din integritet och s\u00e4kerst\u00e4lla s\u00e4kerheten f\u00f6r din personliga information. Denna policy f\u00f6rklarar hur vi samlar in, anv\u00e4nder och skyddar dina uppgifter i enlighet med g\u00e4llande dataskyddslagar, inklusive EU:s allm\u00e4nna dataskyddsf\u00f6rordning (GDPR). 1. Personuppgiftsansvarig StadiumInsight.com \u00e4r den personuppgiftsansvarige som ansvarar f\u00f6r behandlingen av dina personuppgifter. 2. Information som vi samlar in Vi samlar endast in de uppgifter som \u00e4r n\u00f6dv\u00e4ndiga...","protected":false},"author":7,"featured_media":0,"parent":0,"menu_order":0,"comment_status":"closed","ping_status":"closed","template":"","meta":{"_acf_changed":false,"inline_featured_image":false,"_glsr_average":0,"_glsr_ranking":0,"_glsr_reviews":0,"footnotes":""},"class_list":["post-11965","page","type-page","status-publish"],"acf":[],"aioseo_notices":[],"aioseo_head":"\n\t\t<!-- All in One SEO Pro 4.8.1.1 - aioseo.com -->\n\t<meta name=\"description\" content=\"Stadiuminsight Privacy Policy explains how we collect, use, and protect your personal data in accordance with the GDPR and your rights.\" \/>\n\t<meta name=\"robots\" content=\"max-image-preview:large\" \/>\n\t<link rel=\"canonical\" href=\"https:\/\/stadiuminsight.com\/sv\/integritetspolicy-for-stadiuminsight\/\" \/>\n\t<meta name=\"generator\" content=\"All in One SEO Pro (AIOSEO) 4.8.1.1\" \/>\n\t\t<meta property=\"og:locale\" content=\"sv_SE\" \/>\n\t\t<meta property=\"og:site_name\" content=\"Stadiuminsight -\" \/>\n\t\t<meta property=\"og:type\" content=\"website\" \/>\n\t\t<meta property=\"og:title\" content=\"Stadiuminsight privacy policy explains on your personal data\" \/>\n\t\t<meta property=\"og:description\" content=\"Stadiuminsight Privacy Policy explains how we collect, use, and protect your personal data in accordance with the GDPR and your rights.\" \/>\n\t\t<meta property=\"og:url\" content=\"https:\/\/stadiuminsight.com\/sv\/integritetspolicy-for-stadiuminsight\/\" \/>\n\t\t<meta name=\"twitter:card\" content=\"summary_large_image\" \/>\n\t\t<meta name=\"twitter:site\" content=\"@MarekProch97105\" \/>\n\t\t<meta name=\"twitter:title\" content=\"Stadiuminsight privacy policy explains on your personal data\" \/>\n\t\t<meta name=\"twitter:description\" content=\"Stadiuminsight Privacy Policy explains how we collect, use, and protect your personal data in accordance with the GDPR and your rights.\" \/>\n\t\t<meta name=\"twitter:creator\" content=\"@MarekProch97105\" \/>\n\t\t<script type=\"application\/ld+json\" class=\"aioseo-schema\">\n\t\t\t{\"@context\":\"https:\\\/\\\/schema.org\",\"@graph\":[{\"@type\":\"BreadcrumbList\",\"@id\":\"https:\\\/\\\/stadiuminsight.com\\\/sv\\\/integritetspolicy-for-stadiuminsight\\\/#breadcrumblist\",\"itemListElement\":[{\"@type\":\"ListItem\",\"@id\":\"https:\\\/\\\/stadiuminsight.com\\\/sv\\\/#listItem\",\"position\":1,\"name\":\"Hem\",\"item\":\"https:\\\/\\\/stadiuminsight.com\\\/sv\\\/\",\"nextItem\":{\"@type\":\"ListItem\",\"@id\":\"https:\\\/\\\/stadiuminsight.com\\\/sv\\\/integritetspolicy-for-stadiuminsight\\\/#listItem\",\"name\":\"Privacy policy for Stadiuminsight\"}},{\"@type\":\"ListItem\",\"@id\":\"https:\\\/\\\/stadiuminsight.com\\\/sv\\\/integritetspolicy-for-stadiuminsight\\\/#listItem\",\"position\":2,\"name\":\"Privacy policy for Stadiuminsight\",\"previousItem\":{\"@type\":\"ListItem\",\"@id\":\"https:\\\/\\\/stadiuminsight.com\\\/sv\\\/#listItem\",\"name\":\"Hem\"}}]},{\"@type\":\"Organization\",\"@id\":\"https:\\\/\\\/stadiuminsight.com\\\/sv\\\/#organization\",\"name\":\"Stadiuminsight\",\"url\":\"https:\\\/\\\/stadiuminsight.com\\\/sv\\\/\",\"sameAs\":[\"https:\\\/\\\/x.com\\\/MarekProch97105\",\"https:\\\/\\\/www.linkedin.com\\\/in\\\/marek-prochzka-a44875328\\\/\"]},{\"@type\":\"WebPage\",\"@id\":\"https:\\\/\\\/stadiuminsight.com\\\/sv\\\/integritetspolicy-for-stadiuminsight\\\/#webpage\",\"url\":\"https:\\\/\\\/stadiuminsight.com\\\/sv\\\/integritetspolicy-for-stadiuminsight\\\/\",\"name\":\"Stadiuminsight privacy policy explains on your personal data\",\"description\":\"Stadiuminsight Privacy Policy explains how we collect, use, and protect your personal data in accordance with the GDPR and your rights.\",\"inLanguage\":\"sv-SE\",\"isPartOf\":{\"@id\":\"https:\\\/\\\/stadiuminsight.com\\\/sv\\\/#website\"},\"breadcrumb\":{\"@id\":\"https:\\\/\\\/stadiuminsight.com\\\/sv\\\/integritetspolicy-for-stadiuminsight\\\/#breadcrumblist\"},\"datePublished\":\"2025-04-24T14:18:29+00:00\",\"dateModified\":\"2025-10-18T10:07:54+00:00\"},{\"@type\":\"WebSite\",\"@id\":\"https:\\\/\\\/stadiuminsight.com\\\/sv\\\/#website\",\"url\":\"https:\\\/\\\/stadiuminsight.com\\\/sv\\\/\",\"name\":\"Stadiuminsight\",\"inLanguage\":\"sv-SE\",\"publisher\":{\"@id\":\"https:\\\/\\\/stadiuminsight.com\\\/sv\\\/#organization\"}}]}\n\t\t<\/script>\n\t\t<!-- All in One SEO Pro -->\r\n\t\t<title>Stadiuminsight privacy policy explains on your personal data<\/title>\n\n","aioseo_head_json":{"title":"Stadiuminsights integritetspolicy f\u00f6rklarar dina personuppgifter","description":"Stadiuminsights integritetspolicy f\u00f6rklarar hur vi samlar in, anv\u00e4nder och skyddar dina personuppgifter i enlighet med GDPR och dina r\u00e4ttigheter.","canonical_url":"https:\/\/stadiuminsight.com\/sv\/integritetspolicy-for-stadiuminsight\/","robots":"max-image-preview:large","keywords":"","webmasterTools":{"miscellaneous":""},"schema":{"@context":"https:\/\/schema.org","@graph":[{"@type":"BreadcrumbList","@id":"https:\/\/stadiuminsight.com\/sv\/integritetspolicy-for-stadiuminsight\/#breadcrumblist","itemListElement":[{"@type":"ListItem","@id":"https:\/\/stadiuminsight.com\/sv\/#listItem","position":1,"name":"Hem","item":"https:\/\/stadiuminsight.com\/sv\/","nextItem":{"@type":"ListItem","@id":"https:\/\/stadiuminsight.com\/sv\/integritetspolicy-for-stadiuminsight\/#listItem","name":"Privacy policy for Stadiuminsight"}},{"@type":"ListItem","@id":"https:\/\/stadiuminsight.com\/sv\/integritetspolicy-for-stadiuminsight\/#listItem","position":2,"name":"Privacy policy for Stadiuminsight","previousItem":{"@type":"ListItem","@id":"https:\/\/stadiuminsight.com\/sv\/#listItem","name":"Hem"}}]},{"@type":"Organization","@id":"https:\/\/stadiuminsight.com\/sv\/#organization","name":"Stadiuminsight","url":"https:\/\/stadiuminsight.com\/sv\/","sameAs":["https:\/\/x.com\/MarekProch97105","https:\/\/www.linkedin.com\/in\/marek-prochzka-a44875328\/"]},{"@type":"WebPage","@id":"https:\/\/stadiuminsight.com\/sv\/integritetspolicy-for-stadiuminsight\/#webpage","url":"https:\/\/stadiuminsight.com\/sv\/integritetspolicy-for-stadiuminsight\/","name":"Stadiuminsight privacy policy explains on your personal data","description":"Stadiuminsight Privacy Policy explains how we collect, use, and protect your personal data in accordance with the GDPR and your rights.","inLanguage":"sv-SE","isPartOf":{"@id":"https:\/\/stadiuminsight.com\/sv\/#website"},"breadcrumb":{"@id":"https:\/\/stadiuminsight.com\/sv\/integritetspolicy-for-stadiuminsight\/#breadcrumblist"},"datePublished":"2025-04-24T14:18:29+00:00","dateModified":"2025-10-18T10:07:54+00:00"},{"@type":"WebSite","@id":"https:\/\/stadiuminsight.com\/sv\/#website","url":"https:\/\/stadiuminsight.com\/sv\/","name":"Stadiuminsight","inLanguage":"sv-SE","publisher":{"@id":"https:\/\/stadiuminsight.com\/sv\/#organization"}}]},"og:locale":"sv_SE","og:site_name":"Stadiuminsight -","og:type":"website","og:title":"Stadiuminsight privacy policy explains on your personal data","og:description":"Stadiuminsight Privacy Policy explains how we collect, use, and protect your personal data in accordance with the GDPR and your rights.","og:url":"https:\/\/stadiuminsight.com\/sv\/integritetspolicy-for-stadiuminsight\/","twitter:card":"summary_large_image","twitter:site":"@MarekProch97105","twitter:title":"Stadiuminsight privacy policy explains on your personal data","twitter:description":"Stadiuminsight Privacy Policy explains how we collect, use, and protect your personal data in accordance with the GDPR and your rights.","twitter:creator":"@MarekProch97105"},"aioseo_meta_data":{"post_id":"11965","title":"Stadiuminsights integritetspolicy f\u00f6rklarar dina personuppgifter","description":"Stadiuminsights integritetspolicy f\u00f6rklarar hur vi samlar in, anv\u00e4nder och skyddar dina personuppgifter i enlighet med GDPR och dina r\u00e4ttigheter.","keywords":null,"keyphrases":{"focus":{"keyphrase":"privacy policy","score":70,"analysis":{"keyphraseInTitle":{"score":9,"maxScore":9,"error":0},"keyphraseInDescription":{"score":9,"maxScore":9,"error":0},"keyphraseLength":{"score":9,"maxScore":9,"error":0,"length":2},"keyphraseInURL":{"score":5,"maxScore":5,"error":0},"keyphraseInIntroduction":{"score":3,"maxScore":9,"error":1},"keyphraseInSubHeadings":[],"keyphraseInImageAlt":[],"keywordDensity":{"score":0,"type":"low","maxScore":9,"error":1}}},"additional":[]},"primary_term":null,"canonical_url":null,"og_title":null,"og_description":null,"og_object_type":"website","og_image_type":"default","og_image_url":null,"og_image_width":null,"og_image_height":null,"og_image_custom_url":null,"og_image_custom_fields":null,"og_video":"","og_custom_url":null,"og_article_section":null,"og_article_tags":null,"twitter_use_og":false,"twitter_card":"default","twitter_image_type":"default","twitter_image_url":null,"twitter_image_custom_url":null,"twitter_image_custom_fields":null,"twitter_title":null,"twitter_description":null,"schema":{"blockGraphs":[],"customGraphs":[],"default":{"data":{"Article":[],"Course":[],"Dataset":[],"FAQPage":[],"Movie":[],"Person":[],"Product":[],"ProductReview":[],"Car":[],"Recipe":[],"Service":[],"SoftwareApplication":[],"WebPage":[]},"graphName":"WebPage","isEnabled":true},"graphs":[]},"schema_type":"default","schema_type_options":null,"pillar_content":false,"robots_default":true,"robots_noindex":false,"robots_noarchive":false,"robots_nosnippet":false,"robots_nofollow":false,"robots_noimageindex":false,"robots_noodp":false,"robots_notranslate":false,"robots_max_snippet":"-1","robots_max_videopreview":"-1","robots_max_imagepreview":"large","priority":null,"frequency":"default","local_seo":null,"limit_modified_date":false,"reviewed_by":null,"open_ai":null,"created":"2025-04-24 14:17:12","updated":"2025-10-18 10:16:28"},"aioseo_breadcrumb":"<div class=\"aioseo-breadcrumbs\"><span class=\"aioseo-breadcrumb\">\n\t<a href=\"https:\/\/stadiuminsight.com\/sv\" title=\"Home\">Home<\/a>\n<\/span><span class=\"aioseo-breadcrumb-separator\">&gt;<\/span><span class=\"aioseo-breadcrumb\">\n\tPrivacy policy for Stadiuminsight\n<\/span><\/div>","aioseo_breadcrumb_json":[{"label":"Home","link":"https:\/\/stadiuminsight.com\/sv"},{"label":"Privacy policy for Stadiuminsight","link":"https:\/\/stadiuminsight.com\/sv\/integritetspolicy-for-stadiuminsight\/"}],"_links":{"self":[{"href":"https:\/\/stadiuminsight.com\/sv\/wp-json\/wp\/v2\/pages\/11965","targetHints":{"allow":["GET"]}}],"collection":[{"href":"https:\/\/stadiuminsight.com\/sv\/wp-json\/wp\/v2\/pages"}],"about":[{"href":"https:\/\/stadiuminsight.com\/sv\/wp-json\/wp\/v2\/types\/page"}],"author":[{"embeddable":true,"href":"https:\/\/stadiuminsight.com\/sv\/wp-json\/wp\/v2\/users\/7"}],"replies":[{"embeddable":true,"href":"https:\/\/stadiuminsight.com\/sv\/wp-json\/wp\/v2\/comments?post=11965"}],"version-history":[{"count":2,"href":"https:\/\/stadiuminsight.com\/sv\/wp-json\/wp\/v2\/pages\/11965\/revisions"}],"predecessor-version":[{"id":13389,"href":"https:\/\/stadiuminsight.com\/sv\/wp-json\/wp\/v2\/pages\/11965\/revisions\/13389"}],"wp:attachment":[{"href":"https:\/\/stadiuminsight.com\/sv\/wp-json\/wp\/v2\/media?parent=11965"}],"curies":[{"name":"wp","href":"https:\/\/api.w.org\/{rel}","templated":true}]}}