{"id":11232,"date":"2025-01-16T11:26:45","date_gmt":"2025-01-16T11:26:45","guid":{"rendered":"https:\/\/stadiuminsight.com\/?page_id=11232"},"modified":"2026-02-20T20:59:20","modified_gmt":"2026-02-20T20:59:20","slug":"ordbok","status":"publish","type":"page","link":"https:\/\/stadiuminsight.com\/sv\/ordbok\/","title":{"rendered":"Ordbok"},"content":{"rendered":"<div id=\"fws_69d4f05fdd6f1\"  data-column-margin=\"none\" data-midnight=\"dark\"  class=\"wpb_row vc_row-fluid vc_row\"  style=\"padding-top: 0px; padding-bottom: 0px; \"><div class=\"row-bg-wrap\" data-bg-animation=\"none\" data-bg-animation-delay=\"\" data-bg-overlay=\"false\"><div class=\"inner-wrap row-bg-layer\" ><div class=\"row-bg viewport-desktop\"  style=\"\"><\/div><\/div><\/div><div class=\"row_col_wrap_12 col span_12 dark left\">\n\t<div  class=\"vc_col-sm-12 wpb_column column_container vc_column_container col no-extra-padding inherit_tablet inherit_phone\"  data-padding-pos=\"all\" data-has-bg-color=\"false\" data-bg-color=\"\" data-bg-opacity=\"1\" data-animation=\"\" data-delay=\"0\" >\n\t\t<div class=\"vc_column-inner\" >\n\t\t\t<div class=\"wpb_wrapper\">\n\t\t\t\t<div id=\"fws_69d4f05fdda1d\" data-midnight=\"\" data-column-margin=\"default\" class=\"wpb_row vc_row-fluid vc_row inner_row\"  style=\"\"><div class=\"row-bg-wrap\"> <div class=\"row-bg\" ><\/div> <\/div><div class=\"row_col_wrap_12_inner col span_12  left\">\n\t<div  class=\"vc_col-sm-12 wpb_column column_container vc_column_container col child_column no-extra-padding inherit_tablet inherit_phone\"   data-padding-pos=\"all\" data-has-bg-color=\"false\" data-bg-color=\"\" data-bg-opacity=\"1\" data-animation=\"\" data-delay=\"0\" >\n\t\t<div class=\"vc_column-inner\" >\n\t\t<div class=\"wpb_wrapper\">\n\t\t\t<h1 style=\"text-align: center\" class=\"vc_custom_heading vc_do_custom_heading\" >Ordbok<\/h1>\n<div class=\"wpb_text_column wpb_content_element\" >\n\t<div class=\"wpb_wrapper\">\n\t\t<p style=\"text-align: center;\">V\u00e5r stadionordbok f\u00f6rklarar de viktigaste termerna, fraserna och f\u00f6rkortningarna som du ser p\u00e5 moderna idrottsarenor. Fr\u00e5n biljettyper och sittplatskategorier till jargong f\u00f6r g\u00e4stfrihet, s\u00e4kerhet och supporterupplevelse - den h\u00e4r guiden hj\u00e4lper dig att f\u00f6rst\u00e5 exakt vad allt betyder f\u00f6re, under och efter ditt bes\u00f6k.<\/p>\n\t<\/div>\n<\/div>\n\n\n\n\n\t\t<\/div> \n\t<\/div>\n\t<\/div> \n<\/div><\/div><div id=\"fws_69d4f05fddd3a\" data-midnight=\"\" data-column-margin=\"default\" class=\"wpb_row vc_row-fluid vc_row inner_row\"  style=\"\"><div class=\"row-bg-wrap\"> <div class=\"row-bg\" ><\/div> <\/div><div class=\"row_col_wrap_12_inner col span_12  left\">\n\t<div  class=\"vc_col-sm-12 wpb_column column_container vc_column_container col child_column no-extra-padding inherit_tablet inherit_phone\"   data-padding-pos=\"all\" data-has-bg-color=\"false\" data-bg-color=\"\" data-bg-opacity=\"1\" data-animation=\"\" data-delay=\"0\" >\n\t\t<div class=\"vc_column-inner\" >\n\t\t<div class=\"wpb_wrapper\">\n\t\t\t\n<div class=\"wpb_text_column wpb_content_element\" >\n\t<div class=\"wpb_wrapper\">\n\t\t<div class=\"wpg-list-wrapper wpg-list-wrapper-template-alphabet\"><div class=\"wpg-list-filter-container\"><div class=\"wpg-list-filter\"><span class=\"wpg-list-filter-row\"><a class=\"filter active\" data-filter=\"all\">Alla<\/a><a class=\"filter\" data-filter=\".wpg-filter-a\">A<\/a><a class=\"filter\" data-filter=\".wpg-filter-c\">C<\/a><a class=\"filter\" data-filter=\".wpg-filter-f\">F<\/a><a class=\"filter\" data-filter=\".wpg-filter-g\">G<\/a><a class=\"filter\" data-filter=\".wpg-filter-h\">H<\/a><a class=\"filter\" data-filter=\".wpg-filter-j\">J<\/a><a class=\"filter\" data-filter=\".wpg-filter-k\">K<\/a><a class=\"filter\" data-filter=\".wpg-filter-m\">M<\/a><a class=\"filter\" data-filter=\".wpg-filter-p\">P<\/a><a class=\"filter\" data-filter=\".wpg-filter-s\">S<\/a><a class=\"filter\" data-filter=\".wpg-filter-v\">V<\/a><\/span><\/div><\/div><div class=\"wpg-list wpg-list-template-four-column\"><div class=\"wpg-list-block wpg-filter-a mix\" data-filter-base=\"a\"><h3 class=\"wpg-list-block-heading\">A<\/h3><ul class=\"wpg-list-items\"><li class=\"wpg-list-item\"><a class=\"wpg-list-item-title\" title=\"Air hockey\" href=\"https:\/\/stadiuminsight.com\/sv\/ordbok\/airhockey\/\" >Air hockey<\/a><\/li><li class=\"wpg-list-item\"><a class=\"wpg-list-item-title\" title=\"Allsvenskan 2023\" href=\"https:\/\/stadiuminsight.com\/sv\/ordbok\/allsvenskan-2023\/\" >Allsvenskan 2023<\/a><\/li><li class=\"wpg-list-item\"><a class=\"wpg-list-item-title\" title=\"Allsvenskan tabell 2022\" href=\"https:\/\/stadiuminsight.com\/sv\/ordbok\/allsvenskan-tabell-2022\/\" >Allsvenskan tabell 2022<\/a><\/li><li class=\"wpg-list-item\"><a class=\"wpg-list-item-title\" title=\"Bortasektionen\" href=\"https:\/\/stadiuminsight.com\/sv\/ordbok\/bortasektionen\/\" >Bortasektionen<\/a><\/li><\/ul><\/div><div class=\"wpg-list-block wpg-filter-c mix\" data-filter-base=\"c\"><h3 class=\"wpg-list-block-heading\">C<\/h3><ul class=\"wpg-list-items\"><li class=\"wpg-list-item\"><a class=\"wpg-list-item-title\" title=\"Cup Online hockey\" href=\"https:\/\/stadiuminsight.com\/sv\/ordbok\/cup-online-hockey\/\" >Cup Online hockey<\/a><\/li><\/ul><\/div><div class=\"wpg-list-block wpg-filter-f mix\" data-filter-base=\"f\"><h3 class=\"wpg-list-block-heading\">F<\/h3><ul class=\"wpg-list-items\"><li class=\"wpg-list-item\"><a class=\"wpg-list-item-title\" title=\"Familjel\u00e5da\" href=\"https:\/\/stadiuminsight.com\/sv\/ordbok\/familjeruta\/\" >Familjel\u00e5da<\/a><\/li><li class=\"wpg-list-item\"><a class=\"wpg-list-item-title\" title=\"Supporterpaket\" href=\"https:\/\/stadiuminsight.com\/sv\/ordbok\/flaktpaket\/\" >Supporterpaket<\/a><\/li><li class=\"wpg-list-item\"><a class=\"wpg-list-item-title\" title=\"Fk Tomori Berat\" href=\"https:\/\/stadiuminsight.com\/sv\/ordbok\/fk-tomori-berat\/\" >Fk Tomori Berat<\/a><\/li><\/ul><\/div><div class=\"wpg-list-block wpg-filter-g mix\" data-filter-base=\"g\"><h3 class=\"wpg-list-block-heading\">G<\/h3><ul class=\"wpg-list-items\"><li class=\"wpg-list-item\"><a class=\"wpg-list-item-title\" title=\"Groundhopper\" href=\"https:\/\/stadiuminsight.com\/sv\/ordbok\/markhoppare\/\" >Groundhopper<\/a><\/li><li class=\"wpg-list-item\"><a class=\"wpg-list-item-title\" title=\"Gruppbiljett\" href=\"https:\/\/stadiuminsight.com\/sv\/ordbok\/gruppbiljett\/\" >Gruppbiljett<\/a><\/li><\/ul><\/div><div class=\"wpg-list-block wpg-filter-h mix\" data-filter-base=\"h\"><h3 class=\"wpg-list-block-heading\">H<\/h3><ul class=\"wpg-list-items\"><li class=\"wpg-list-item\"><a class=\"wpg-list-item-title\" title=\"Hockey puck\" href=\"https:\/\/stadiuminsight.com\/sv\/ordbok\/hockey-puck\/\" >Hockey puck<\/a><\/li><li class=\"wpg-list-item\"><a class=\"wpg-list-item-title\" title=\"damasker hockey\u200b\" href=\"https:\/\/stadiuminsight.com\/sv\/ordbok\/hockeystrumpor\/\" >damasker hockey\u200b<\/a><\/li><\/ul><\/div><div class=\"wpg-list-block wpg-filter-j mix\" data-filter-base=\"j\"><h3 class=\"wpg-list-block-heading\">J<\/h3><ul class=\"wpg-list-items\"><li class=\"wpg-list-item\"><a class=\"wpg-list-item-title\" title=\"John Rooney\" href=\"https:\/\/stadiuminsight.com\/sv\/ordbok\/john-rooney\/\" >John Rooney<\/a><\/li><\/ul><\/div><div class=\"wpg-list-block wpg-filter-k mix\" data-filter-base=\"k\"><h3 class=\"wpg-list-block-heading\">K<\/h3><ul class=\"wpg-list-items\"><li class=\"wpg-list-item\"><a class=\"wpg-list-item-title\" title=\"Rabatt f\u00f6r barn\" href=\"https:\/\/stadiuminsight.com\/sv\/ordbok\/barnrabatt\/\" >Rabatt f\u00f6r barn<\/a><\/li><\/ul><\/div><div class=\"wpg-list-block wpg-filter-m mix\" data-filter-base=\"m\"><h3 class=\"wpg-list-block-heading\">M<\/h3><ul class=\"wpg-list-items\"><li class=\"wpg-list-item\"><a class=\"wpg-list-item-title\" title=\"Matchdagserbjudande\" href=\"https:\/\/stadiuminsight.com\/sv\/ordbok\/matchdagserbjudande\/\" >Matchdagserbjudande<\/a><\/li><\/ul><\/div><div class=\"wpg-list-block wpg-filter-p mix\" data-filter-base=\"p\"><h3 class=\"wpg-list-block-heading\">P<\/h3><ul class=\"wpg-list-items\"><li class=\"wpg-list-item\"><a class=\"wpg-list-item-title\" title=\"Pitch-turer\" href=\"https:\/\/stadiuminsight.com\/sv\/ordbok\/pitch-turer\/\" >Pitch-turer<\/a><\/li><li class=\"wpg-list-item\"><a class=\"wpg-list-item-title\" title=\"Po\u00e4ngst\u00e4llning i Malm\u00f6 FF\" href=\"https:\/\/stadiuminsight.com\/sv\/ordbok\/poangstallning-i-malmo-ff\/\" >Po\u00e4ngst\u00e4llning i Malm\u00f6 FF<\/a><\/li><li class=\"wpg-list-item\"><a class=\"wpg-list-item-title\" title=\"Premium-platser\" href=\"https:\/\/stadiuminsight.com\/sv\/ordbok\/premiumplatser\/\" >Premium-platser<\/a><\/li><\/ul><\/div><div class=\"wpg-list-block wpg-filter-s mix\" data-filter-base=\"s\"><h3 class=\"wpg-list-block-heading\">S<\/h3><ul class=\"wpg-list-items\"><li class=\"wpg-list-item\"><a class=\"wpg-list-item-title\" title=\"Stadium Bowl\" href=\"https:\/\/stadiuminsight.com\/sv\/ordbok\/stadion-skal\/\" >Stadium Bowl<\/a><\/li><li class=\"wpg-list-item\"><a class=\"wpg-list-item-title\" title=\"Studentbiljett\" href=\"https:\/\/stadiuminsight.com\/sv\/ordbok\/studentbiljett\/\" >Studentbiljett<\/a><\/li><\/ul><\/div><div class=\"wpg-list-block wpg-filter-v mix\" data-filter-base=\"v\"><h3 class=\"wpg-list-block-heading\">V<\/h3><ul class=\"wpg-list-items\"><li class=\"wpg-list-item\"><a class=\"wpg-list-item-title\" title=\"VIP-pass\" href=\"https:\/\/stadiuminsight.com\/sv\/ordbok\/vip-pass\/\" >VIP-pass<\/a><\/li><\/ul><\/div><\/div><div class=\"wpg-clearfix\"><\/div><\/div>\n\t<\/div>\n<\/div>\n\n\n\n\n\t\t<\/div> \n\t<\/div>\n\t<\/div> \n<\/div><\/div>\n\t\t\t<\/div> \n\t\t<\/div>\n\t<\/div> \n<\/div><\/div>","protected":false},"excerpt":{"rendered":"VIP-pass VAD \u00c4R ETT VIP-PASS I EN STADION? Ett VIP-pass \u00e4r en speciell typ av biljett som ger dig en b\u00e4ttre och bekv\u00e4mare upplevelse \u00e4n en vanlig sittplats. Du f\u00e5r normalt tillg\u00e5ng till exklusiva omr\u00e5den, b\u00e4ttre platser och mat och dryck ing\u00e5r eller uppgraderas. L\u00e4s mer intressanta beskrivningar i v\u00e5r ordbok h\u00e4r VAD INNEH\u00c5LLER ETT VIP-PASS? Vad du f\u00e5r beror p\u00e5 klubben och arenan, men...","protected":false},"author":7,"featured_media":0,"parent":0,"menu_order":0,"comment_status":"closed","ping_status":"closed","template":"","meta":{"_acf_changed":false,"inline_featured_image":false,"_glsr_average":0,"_glsr_ranking":0,"_glsr_reviews":0,"footnotes":""},"class_list":["post-11232","page","type-page","status-publish"],"acf":[],"aioseo_notices":[],"aioseo_head":"\n\t\t<!-- All in One SEO Pro 4.8.1.1 - aioseo.com -->\n\t<meta name=\"description\" content=\"Comprehensive guide to VIP pass usage in stadiums: features, security, issuance, pricing models, and best practices for operators and guests.\" \/>\n\t<meta name=\"robots\" content=\"max-image-preview:large\" \/>\n\t<link rel=\"canonical\" href=\"https:\/\/stadiuminsight.com\/sv\/ordbok\/vip-pass\/\" \/>\n\t<meta name=\"generator\" content=\"All in One SEO Pro (AIOSEO) 4.8.1.1\" \/>\n\t\t<meta property=\"og:locale\" content=\"sv_SE\" \/>\n\t\t<meta property=\"og:site_name\" content=\"Stadiuminsight -\" \/>\n\t\t<meta property=\"og:type\" content=\"article\" \/>\n\t\t<meta property=\"og:title\" content=\"VIP Pass in Stadiums: Access, Benefits &amp; Guide\" \/>\n\t\t<meta property=\"og:description\" content=\"Comprehensive guide to VIP pass usage in stadiums: features, security, issuance, pricing models, and best practices for operators and guests.\" \/>\n\t\t<meta property=\"og:url\" content=\"https:\/\/stadiuminsight.com\/sv\/ordbok\/vip-pass\/\" \/>\n\t\t<meta property=\"article:published_time\" content=\"2025-12-07T16:55:21+00:00\" \/>\n\t\t<meta property=\"article:modified_time\" content=\"2026-02-16T17:05:10+00:00\" \/>\n\t\t<meta name=\"twitter:card\" content=\"summary_large_image\" \/>\n\t\t<meta name=\"twitter:site\" content=\"@MarekProch97105\" \/>\n\t\t<meta name=\"twitter:title\" content=\"VIP Pass in Stadiums: Access, Benefits &amp; Guide\" \/>\n\t\t<meta name=\"twitter:description\" content=\"Comprehensive guide to VIP pass usage in stadiums: features, security, issuance, pricing models, and best practices for operators and guests.\" \/>\n\t\t<meta name=\"twitter:creator\" content=\"@MarekProch97105\" \/>\n\t\t<script type=\"application\/ld+json\" class=\"aioseo-schema\">\n\t\t\t{\"@context\":\"https:\\\/\\\/schema.org\",\"@graph\":[{\"@type\":\"BreadcrumbList\",\"@id\":\"https:\\\/\\\/stadiuminsight.com\\\/sv\\\/ordbok\\\/vip-pass\\\/#breadcrumblist\",\"itemListElement\":[{\"@type\":\"ListItem\",\"@id\":\"https:\\\/\\\/stadiuminsight.com\\\/sv\\\/#listItem\",\"position\":1,\"name\":\"Hem\",\"item\":\"https:\\\/\\\/stadiuminsight.com\\\/sv\\\/\",\"nextItem\":{\"@type\":\"ListItem\",\"@id\":\"https:\\\/\\\/stadiuminsight.com\\\/sv\\\/ordbok\\\/vip-pass\\\/#listItem\",\"name\":\"VIP pass\"}},{\"@type\":\"ListItem\",\"@id\":\"https:\\\/\\\/stadiuminsight.com\\\/sv\\\/ordbok\\\/vip-pass\\\/#listItem\",\"position\":2,\"name\":\"VIP pass\",\"previousItem\":{\"@type\":\"ListItem\",\"@id\":\"https:\\\/\\\/stadiuminsight.com\\\/sv\\\/#listItem\",\"name\":\"Hem\"}}]},{\"@type\":\"Organization\",\"@id\":\"https:\\\/\\\/stadiuminsight.com\\\/sv\\\/#organization\",\"name\":\"Stadiuminsight\",\"url\":\"https:\\\/\\\/stadiuminsight.com\\\/sv\\\/\",\"sameAs\":[\"https:\\\/\\\/x.com\\\/MarekProch97105\",\"https:\\\/\\\/www.linkedin.com\\\/in\\\/marek-prochzka-a44875328\\\/\"]},{\"@type\":\"Person\",\"@id\":\"https:\\\/\\\/stadiuminsight.com\\\/sv\\\/post-author\\\/marek-prochazka#author\",\"url\":\"https:\\\/\\\/stadiuminsight.com\\\/sv\\\/post-author\\\/marek-prochazka\",\"name\":\"Marek Prochazka\",\"image\":{\"@type\":\"ImageObject\",\"@id\":\"https:\\\/\\\/stadiuminsight.com\\\/sv\\\/ordbok\\\/vip-pass\\\/#authorImage\",\"url\":\"https:\\\/\\\/stadiuminsight.com\\\/wp-content\\\/uploads\\\/2024\\\/07\\\/cropped-Reduced1_shutterstock_2188071443-1-e1726160946634.jpg\",\"width\":96,\"height\":96,\"caption\":\"Marek Prochazka\"}},{\"@type\":\"WebPage\",\"@id\":\"https:\\\/\\\/stadiuminsight.com\\\/sv\\\/ordbok\\\/vip-pass\\\/#webpage\",\"url\":\"https:\\\/\\\/stadiuminsight.com\\\/sv\\\/ordbok\\\/vip-pass\\\/\",\"name\":\"VIP Pass in Stadiums: Access, Benefits & Guide\",\"description\":\"Comprehensive guide to VIP pass usage in stadiums: features, security, issuance, pricing models, and best practices for operators and guests.\",\"inLanguage\":\"sv-SE\",\"isPartOf\":{\"@id\":\"https:\\\/\\\/stadiuminsight.com\\\/sv\\\/#website\"},\"breadcrumb\":{\"@id\":\"https:\\\/\\\/stadiuminsight.com\\\/sv\\\/ordbok\\\/vip-pass\\\/#breadcrumblist\"},\"author\":{\"@id\":\"https:\\\/\\\/stadiuminsight.com\\\/sv\\\/post-author\\\/marek-prochazka#author\"},\"creator\":{\"@id\":\"https:\\\/\\\/stadiuminsight.com\\\/sv\\\/post-author\\\/marek-prochazka#author\"},\"datePublished\":\"2025-12-07T16:55:21+00:00\",\"dateModified\":\"2026-02-16T17:05:10+00:00\"},{\"@type\":\"WebSite\",\"@id\":\"https:\\\/\\\/stadiuminsight.com\\\/sv\\\/#website\",\"url\":\"https:\\\/\\\/stadiuminsight.com\\\/sv\\\/\",\"name\":\"Stadiuminsight\",\"inLanguage\":\"sv-SE\",\"publisher\":{\"@id\":\"https:\\\/\\\/stadiuminsight.com\\\/sv\\\/#organization\"}}]}\n\t\t<\/script>\n\t\t<!-- All in One SEO Pro -->\r\n\t\t<title>VIP Pass in Stadiums: Access, Benefits &amp; Guide<\/title>\n\n","aioseo_head_json":{"title":"VIP-pass p\u00e5 arenor: Tillg\u00e5ng, f\u00f6rdelar och guide","description":"Omfattande guide till anv\u00e4ndning av VIP-pass p\u00e5 arenor: funktioner, s\u00e4kerhet, utf\u00e4rdande, prismodeller och b\u00e4sta praxis f\u00f6r operat\u00f6rer och g\u00e4ster.","canonical_url":"https:\/\/stadiuminsight.com\/sv\/ordbok\/vip-pass\/","robots":"max-image-preview:large","keywords":"","webmasterTools":{"miscellaneous":""},"schema":{"@context":"https:\/\/schema.org","@graph":[{"@type":"BreadcrumbList","@id":"https:\/\/stadiuminsight.com\/sv\/ordbok\/vip-pass\/#breadcrumblist","itemListElement":[{"@type":"ListItem","@id":"https:\/\/stadiuminsight.com\/sv\/#listItem","position":1,"name":"Hem","item":"https:\/\/stadiuminsight.com\/sv\/","nextItem":{"@type":"ListItem","@id":"https:\/\/stadiuminsight.com\/sv\/ordbok\/vip-pass\/#listItem","name":"VIP pass"}},{"@type":"ListItem","@id":"https:\/\/stadiuminsight.com\/sv\/ordbok\/vip-pass\/#listItem","position":2,"name":"VIP pass","previousItem":{"@type":"ListItem","@id":"https:\/\/stadiuminsight.com\/sv\/#listItem","name":"Hem"}}]},{"@type":"Organization","@id":"https:\/\/stadiuminsight.com\/sv\/#organization","name":"Stadiuminsight","url":"https:\/\/stadiuminsight.com\/sv\/","sameAs":["https:\/\/x.com\/MarekProch97105","https:\/\/www.linkedin.com\/in\/marek-prochzka-a44875328\/"]},{"@type":"Person","@id":"https:\/\/stadiuminsight.com\/sv\/post-author\/marek-prochazka#author","url":"https:\/\/stadiuminsight.com\/sv\/post-author\/marek-prochazka","name":"Marek Prochazka","image":{"@type":"ImageObject","@id":"https:\/\/stadiuminsight.com\/sv\/ordbok\/vip-pass\/#authorImage","url":"https:\/\/stadiuminsight.com\/wp-content\/uploads\/2024\/07\/cropped-Reduced1_shutterstock_2188071443-1-e1726160946634.jpg","width":96,"height":96,"caption":"Marek Prochazka"}},{"@type":"WebPage","@id":"https:\/\/stadiuminsight.com\/sv\/ordbok\/vip-pass\/#webpage","url":"https:\/\/stadiuminsight.com\/sv\/ordbok\/vip-pass\/","name":"VIP Pass in Stadiums: Access, Benefits & Guide","description":"Comprehensive guide to VIP pass usage in stadiums: features, security, issuance, pricing models, and best practices for operators and guests.","inLanguage":"sv-SE","isPartOf":{"@id":"https:\/\/stadiuminsight.com\/sv\/#website"},"breadcrumb":{"@id":"https:\/\/stadiuminsight.com\/sv\/ordbok\/vip-pass\/#breadcrumblist"},"author":{"@id":"https:\/\/stadiuminsight.com\/sv\/post-author\/marek-prochazka#author"},"creator":{"@id":"https:\/\/stadiuminsight.com\/sv\/post-author\/marek-prochazka#author"},"datePublished":"2025-12-07T16:55:21+00:00","dateModified":"2026-02-16T17:05:10+00:00"},{"@type":"WebSite","@id":"https:\/\/stadiuminsight.com\/sv\/#website","url":"https:\/\/stadiuminsight.com\/sv\/","name":"Stadiuminsight","inLanguage":"sv-SE","publisher":{"@id":"https:\/\/stadiuminsight.com\/sv\/#organization"}}]},"og:locale":"sv_SE","og:site_name":"Stadiuminsight -","og:type":"article","og:title":"VIP Pass in Stadiums: Access, Benefits &amp; Guide","og:description":"Comprehensive guide to VIP pass usage in stadiums: features, security, issuance, pricing models, and best practices for operators and guests.","og:url":"https:\/\/stadiuminsight.com\/sv\/ordbok\/vip-pass\/","article:published_time":"2025-12-07T16:55:21+00:00","article:modified_time":"2026-02-16T17:05:10+00:00","twitter:card":"summary_large_image","twitter:site":"@MarekProch97105","twitter:title":"VIP Pass in Stadiums: Access, Benefits &amp; Guide","twitter:description":"Comprehensive guide to VIP pass usage in stadiums: features, security, issuance, pricing models, and best practices for operators and guests.","twitter:creator":"@MarekProch97105"},"aioseo_meta_data":{"post_id":"11232","title":"Stadionordbok - viktiga stadiontermer och supporterjargong","description":"Utforska v\u00e5r stadionordbok med tydliga f\u00f6rklaringar av sittplatser, biljetter, g\u00e4stfrihet och jargong f\u00f6r supporterupplevelser s\u00e5 att du kan varje term innan n\u00e4sta match.","keywords":null,"keyphrases":{"focus":{"keyphrase":"Stadium dictionary","score":83,"analysis":{"keyphraseInTitle":{"score":9,"maxScore":9,"error":0},"keyphraseInDescription":{"score":9,"maxScore":9,"error":0},"keyphraseLength":{"score":9,"maxScore":9,"error":0,"length":2},"keyphraseInURL":{"score":1,"maxScore":5,"error":1},"keyphraseInIntroduction":{"score":9,"maxScore":9,"error":0},"keyphraseInSubHeadings":{"score":3,"maxScore":9,"error":1},"keyphraseInImageAlt":[],"keywordDensity":{"type":"best","score":9,"maxScore":9,"error":0}}},"additional":[]},"primary_term":null,"canonical_url":null,"og_title":null,"og_description":null,"og_object_type":"default","og_image_type":"default","og_image_url":null,"og_image_width":null,"og_image_height":null,"og_image_custom_url":null,"og_image_custom_fields":null,"og_video":"","og_custom_url":null,"og_article_section":null,"og_article_tags":null,"twitter_use_og":false,"twitter_card":"default","twitter_image_type":"default","twitter_image_url":null,"twitter_image_custom_url":null,"twitter_image_custom_fields":null,"twitter_title":null,"twitter_description":null,"schema":{"blockGraphs":[],"customGraphs":[],"default":{"data":{"Article":[],"Course":[],"Dataset":[],"FAQPage":[],"Movie":[],"Person":[],"Product":[],"ProductReview":[],"Car":[],"Recipe":[],"Service":[],"SoftwareApplication":[],"WebPage":[]},"graphName":"WebPage","isEnabled":true},"graphs":[]},"schema_type":"default","schema_type_options":null,"pillar_content":false,"robots_default":true,"robots_noindex":false,"robots_noarchive":false,"robots_nosnippet":false,"robots_nofollow":false,"robots_noimageindex":false,"robots_noodp":false,"robots_notranslate":false,"robots_max_snippet":"-1","robots_max_videopreview":"-1","robots_max_imagepreview":"large","priority":null,"frequency":"default","local_seo":null,"limit_modified_date":false,"reviewed_by":null,"open_ai":{"title":{"suggestions":[],"usage":0},"description":{"suggestions":[],"usage":0}},"created":"2025-01-16 11:26:45","updated":"2026-02-20 21:16:41"},"aioseo_breadcrumb":"<div class=\"aioseo-breadcrumbs\"><span class=\"aioseo-breadcrumb\">\n\t<a href=\"https:\/\/stadiuminsight.com\/sv\" title=\"Home\">Home<\/a>\n<\/span><span class=\"aioseo-breadcrumb-separator\">&gt;<\/span><span class=\"aioseo-breadcrumb\">\n\tDictionary\n<\/span><\/div>","aioseo_breadcrumb_json":[{"label":"Home","link":"https:\/\/stadiuminsight.com\/sv"},{"label":"Dictionary","link":"https:\/\/stadiuminsight.com\/sv\/ordbok\/"}],"_links":{"self":[{"href":"https:\/\/stadiuminsight.com\/sv\/wp-json\/wp\/v2\/pages\/11232","targetHints":{"allow":["GET"]}}],"collection":[{"href":"https:\/\/stadiuminsight.com\/sv\/wp-json\/wp\/v2\/pages"}],"about":[{"href":"https:\/\/stadiuminsight.com\/sv\/wp-json\/wp\/v2\/types\/page"}],"author":[{"embeddable":true,"href":"https:\/\/stadiuminsight.com\/sv\/wp-json\/wp\/v2\/users\/7"}],"replies":[{"embeddable":true,"href":"https:\/\/stadiuminsight.com\/sv\/wp-json\/wp\/v2\/comments?post=11232"}],"version-history":[{"count":3,"href":"https:\/\/stadiuminsight.com\/sv\/wp-json\/wp\/v2\/pages\/11232\/revisions"}],"predecessor-version":[{"id":14615,"href":"https:\/\/stadiuminsight.com\/sv\/wp-json\/wp\/v2\/pages\/11232\/revisions\/14615"}],"wp:attachment":[{"href":"https:\/\/stadiuminsight.com\/sv\/wp-json\/wp\/v2\/media?parent=11232"}],"curies":[{"name":"wp","href":"https:\/\/api.w.org\/{rel}","templated":true}]}}