{"id":10562,"date":"2024-11-26T16:56:34","date_gmt":"2024-11-26T16:56:34","guid":{"rendered":"https:\/\/stadiuminsight.com\/?page_id=10562"},"modified":"2026-02-16T18:01:49","modified_gmt":"2026-02-16T18:01:49","slug":"webbplatskarta","status":"publish","type":"page","link":"https:\/\/stadiuminsight.com\/sv\/webbplatskarta\/","title":{"rendered":"Webbplatskarta"},"content":{"rendered":"<div id=\"fws_69d4c7a13c44e\"  data-column-margin=\"default\" data-midnight=\"dark\"  class=\"wpb_row vc_row-fluid vc_row\"  style=\"padding-top: 0px; padding-bottom: 0px; \"><div class=\"row-bg-wrap\" data-bg-animation=\"none\" data-bg-animation-delay=\"\" data-bg-overlay=\"false\"><div class=\"inner-wrap row-bg-layer\" ><div class=\"row-bg viewport-desktop\"  style=\"\"><\/div><\/div><\/div><div class=\"row_col_wrap_12 col span_12 dark left\">\n\t<div  class=\"vc_col-sm-12 wpb_column column_container vc_column_container col no-extra-padding inherit_tablet inherit_phone\"  data-padding-pos=\"all\" data-has-bg-color=\"false\" data-bg-color=\"\" data-bg-opacity=\"1\" data-animation=\"\" data-delay=\"0\" >\n\t\t<div class=\"vc_column-inner\" >\n\t\t\t<div class=\"wpb_wrapper\">\n\t\t\t\t\n<div class=\"wpb_text_column wpb_content_element\" >\n\t<div class=\"wpb_wrapper\">\n\t\t<div class=\"aioseo-breadcrumbs\"><span class=\"aioseo-breadcrumb\">\n\tHem\n<\/span><\/div>\n\t<\/div>\n<\/div>\n\n\n\n\n\t\t\t<\/div> \n\t\t<\/div>\n\t<\/div> \n<\/div><\/div>\n\t\t<div id=\"fws_69d4c7a13cad5\"  data-column-margin=\"default\" data-midnight=\"dark\"  class=\"wpb_row vc_row-fluid vc_row\"  style=\"padding-top: 0px; padding-bottom: 0px; \"><div class=\"row-bg-wrap\" data-bg-animation=\"none\" data-bg-animation-delay=\"\" data-bg-overlay=\"false\"><div class=\"inner-wrap row-bg-layer\" ><div class=\"row-bg viewport-desktop\"  style=\"\"><\/div><\/div><\/div><div class=\"row_col_wrap_12 col span_12 dark left\">\n\t<div  class=\"vc_col-sm-12 wpb_column column_container vc_column_container col no-extra-padding inherit_tablet inherit_phone\"  data-padding-pos=\"all\" data-has-bg-color=\"false\" data-bg-color=\"\" data-bg-opacity=\"1\" data-animation=\"\" data-delay=\"0\" >\n\t\t<div class=\"vc_column-inner\" >\n\t\t\t<div class=\"wpb_wrapper\">\n\t\t\t\t<h1 style=\"text-align: left\" class=\"vc_custom_heading vc_do_custom_heading\" >Webbplatskarta<\/h1>\n\t\t\t<\/div> \n\t\t<\/div>\n\t<\/div> \n<\/div><\/div>\n\t\t<div id=\"fws_69d4c7a13ccba\"  data-column-margin=\"none\" data-midnight=\"dark\"  class=\"wpb_row vc_row-fluid vc_row\"  style=\"padding-top: 0px; padding-bottom: 0px; \"><div class=\"row-bg-wrap\" data-bg-animation=\"none\" data-bg-animation-delay=\"\" data-bg-overlay=\"false\"><div class=\"inner-wrap row-bg-layer\" ><div class=\"row-bg viewport-desktop\"  style=\"\"><\/div><\/div><\/div><div class=\"row_col_wrap_12 col span_12 dark left\">\n\t<div  class=\"vc_col-sm-12 wpb_column column_container vc_column_container col no-extra-padding inherit_tablet inherit_phone\"  data-padding-pos=\"all\" data-has-bg-color=\"false\" data-bg-color=\"\" data-bg-opacity=\"1\" data-animation=\"\" data-delay=\"0\" >\n\t\t<div class=\"vc_column-inner\" >\n\t\t\t<div class=\"wpb_wrapper\">\n\t\t\t\t\n<div class=\"wpb_text_column wpb_content_element\" >\n\t<div class=\"wpb_wrapper\">\n\t\t<div class=\"aioseo-html-sitemap\"><style>.aioseo-html-sitemap.labels-hidden ul { margin: 0; }<\/style><div class=\"aioseo-html-post-sitemap\"><h4>Inl\u00e4gg<\/h4><ul><li><a href=\"https:\/\/stadiuminsight.com\/sv\/begransad-park\/\" >GR\u00c4NS PARK<\/a><\/li><li><a href=\"https:\/\/stadiuminsight.com\/sv\/wembley-stadium\/\" >WEMBLEY STADIUM<\/a><\/li><li><a href=\"https:\/\/stadiuminsight.com\/sv\/ullevaal-stadion\/\" >ULLEVAAL STADION<\/a><\/li><li><a href=\"https:\/\/stadiuminsight.com\/sv\/gateshead-internationella-stadion\/\" >GATESHEAD INTERNATIONELLA STADION<\/a><\/li><li><a href=\"https:\/\/stadiuminsight.com\/sv\/rotter-hall\/\" >ROOTS HALL<\/a><\/li><li><a href=\"https:\/\/stadiuminsight.com\/sv\/hushallspark\/\" >HUISH PARK<\/a><\/li><li><a href=\"https:\/\/stadiuminsight.com\/sv\/teknik-stadion\/\" >TEKNIK STADION<\/a><\/li><li><a href=\"https:\/\/stadiuminsight.com\/sv\/shay-stadion\/\" >SHAY-STADION<\/a><\/li><li><a href=\"https:\/\/stadiuminsight.com\/sv\/glanford-park\/\" >GLANFORD PARK<\/a><\/li><li><a href=\"https:\/\/stadiuminsight.com\/sv\/cherrywood-road\/\" >CHERRYWOOD ROAD<\/a><\/li><li><a href=\"https:\/\/stadiuminsight.com\/sv\/rekreationsomrade\/\" >REKREATIONSOMR\u00c5DE<\/a><\/li><li><a href=\"https:\/\/stadiuminsight.com\/sv\/ashton-gate-stadion\/\" >ASHTON GATE STADION<\/a><\/li><li><a href=\"https:\/\/stadiuminsight.com\/sv\/mossrosett\/\" >MOSS ROSE<\/a><\/li><li><a href=\"https:\/\/stadiuminsight.com\/sv\/eleda-stadion\/\" >ELEDA STADION<\/a><\/li><li><a href=\"https:\/\/stadiuminsight.com\/sv\/jordgubbsarena\/\" >Strawberry Arena<\/a><\/li><li><a href=\"https:\/\/stadiuminsight.com\/sv\/tele2-arena\/\" >TELE2 ARENA<\/a><\/li><li><a href=\"https:\/\/stadiuminsight.com\/sv\/gamla-ullevi\/\" >GAMLA ULLEVI<\/a><\/li><li><a href=\"https:\/\/stadiuminsight.com\/sv\/boras-arena\/\" >BOR\u00c5S ARENA<\/a><\/li><li><a href=\"https:\/\/stadiuminsight.com\/sv\/ostgotaporten\/\" >\u00d6STG\u00d6TAPORTEN<\/a><\/li><li><a href=\"https:\/\/stadiuminsight.com\/sv\/behrn-arena\/\" >BEHRN ARENA<\/a><\/li><li><a href=\"https:\/\/stadiuminsight.com\/sv\/visma-arena\/\" >VISMA ARENA<\/a><\/li><li><a href=\"https:\/\/stadiuminsight.com\/sv\/olympia-helsingborg\/\" >OLYMPIA (HELSINGBORG)<\/a><\/li><li><a href=\"https:\/\/stadiuminsight.com\/sv\/guldfageln-arena\/\" >GULDF\u00c5GELN ARENA<\/a><\/li><li><a href=\"https:\/\/stadiuminsight.com\/sv\/intility-arena\/\" >INTILITY ARENA<\/a><\/li><li><a href=\"https:\/\/stadiuminsight.com\/sv\/brann-stadion\/\" >BRANN STADION<\/a><\/li><li><a href=\"https:\/\/stadiuminsight.com\/sv\/lerkendal-stadion\/\" >LERKENDAL STADION<\/a><\/li><li><a href=\"https:\/\/stadiuminsight.com\/sv\/arasen-stadion\/\" >\u00c5R\u00c5SEN STADION<\/a><\/li><li><a href=\"https:\/\/stadiuminsight.com\/sv\/skagerak-arena\/\" >SKAGERAK ARENA<\/a><\/li><li><a href=\"https:\/\/stadiuminsight.com\/sv\/fredrikstad-stadion\/\" >FREDRIKSTAD STADION<\/a><\/li><li><a href=\"https:\/\/stadiuminsight.com\/sv\/sor-arena\/\" >SPARBANKEN S\u00d8R ARENA<\/a><\/li><li><a href=\"https:\/\/stadiuminsight.com\/sv\/sr-bank-arena\/\" >SR-BANK ARENA<\/a><\/li><li><a href=\"https:\/\/stadiuminsight.com\/sv\/farg-linje-stadion\/\" >F\u00c4RG LINJE STADION<\/a><\/li><li><a href=\"https:\/\/stadiuminsight.com\/sv\/alfheim-stadion\/\" >ALFHEIM STADION<\/a><\/li><li><a href=\"https:\/\/stadiuminsight.com\/sv\/aspmyra-stadion\/\" >ASPMYRA STADION<\/a><\/li><li><a href=\"https:\/\/stadiuminsight.com\/sv\/marienlyst-stadion\/\" >MARIENLYST STADION<\/a><\/li><li><a href=\"https:\/\/stadiuminsight.com\/sv\/aker-stadion\/\" >AKER STADION<\/a><\/li><li><a href=\"https:\/\/stadiuminsight.com\/sv\/nadderud-stadion\/\" >NADDERUD STADION<\/a><\/li><li><a href=\"https:\/\/stadiuminsight.com\/sv\/sandefjord-arena\/\" >SANDEFJORD ARENA<\/a><\/li><li><a href=\"https:\/\/stadiuminsight.com\/sv\/sarpsborg-stadion\/\" >SARPSBORG STADION<\/a><\/li><li><a href=\"https:\/\/stadiuminsight.com\/sv\/cardiff-city-stadium\/\" >CARDIFF CITY STADIUM<\/a><\/li><li><a href=\"https:\/\/stadiuminsight.com\/sv\/bramall-lane\/\" >BRAMALL LANE<\/a><\/li><li><a href=\"https:\/\/stadiuminsight.com\/sv\/bet365-stadion\/\" >BET365 STADIUM<\/a><\/li><li><a href=\"https:\/\/stadiuminsight.com\/sv\/kristiansund-stadion\/\" >KRISTIANSUND STADION<\/a><\/li><li><a href=\"https:\/\/stadiuminsight.com\/sv\/studenternas-ip\/\" >STUDENTERNAS IP<\/a><\/li><li><a href=\"https:\/\/stadiuminsight.com\/sv\/orjans-vall\/\" >\u00d6RJANS VALL<\/a><\/li><li><a href=\"https:\/\/stadiuminsight.com\/sv\/platinumcars-arena\/\" >PLATINUMCARS ARENA<\/a><\/li><li><a href=\"https:\/\/stadiuminsight.com\/sv\/bravida-arena\/\" >BRAVIDA ARENA<\/a><\/li><li><a href=\"https:\/\/stadiuminsight.com\/sv\/finnvedsvallen\/\" >FINNVEDSVALLEN<\/a><\/li><li><a href=\"https:\/\/stadiuminsight.com\/sv\/grimsta-ip\/\" >GRIMSTA IP<\/a><\/li><li><a href=\"https:\/\/stadiuminsight.com\/sv\/falmerstadion\/\" >FALMER STADIUM<\/a><\/li><li><a href=\"https:\/\/stadiuminsight.com\/sv\/landskrona-ip\/\" >LANDSKRONA IP<\/a><\/li><li><a href=\"https:\/\/stadiuminsight.com\/sv\/stora-valla\/\" >STORA VALLA<\/a><\/li><li><a href=\"https:\/\/stadiuminsight.com\/sv\/rimnersvallen\/\" >RIMNERSVALLEN<\/a><\/li><li><a href=\"https:\/\/stadiuminsight.com\/sv\/hitachi-energi-arena\/\" >HITACHI ENERGI ARENA<\/a><\/li><li><a href=\"https:\/\/stadiuminsight.com\/sv\/jamtkraft-arena\/\" >J\u00c4MTKRAFT ARENA<\/a><\/li><li><a href=\"https:\/\/stadiuminsight.com\/sv\/np3-arena\/\" >NP3 ARENA<\/a><\/li><li><a href=\"https:\/\/stadiuminsight.com\/sv\/falk-alkoholfri-arena\/\" >FALK ALKOHOLFRI ARENA<\/a><\/li><li><a href=\"https:\/\/stadiuminsight.com\/sv\/jarnvallen\/\" >JERNVALLEN<\/a><\/li><li><a href=\"https:\/\/stadiuminsight.com\/sv\/umea-energi-arena\/\" >UME\u00c5 ENERGI ARENA<\/a><\/li><li><a href=\"https:\/\/stadiuminsight.com\/sv\/saab-arena\/\" >SAAB ARENA<\/a><\/li><li><a href=\"https:\/\/stadiuminsight.com\/sv\/husqvarna-tradgard\/\" >HUSQVARNA TR\u00c4DG\u00c5RD<\/a><\/li><li><a href=\"https:\/\/stadiuminsight.com\/sv\/lofbergs-arena\/\" >L\u00d6FBERGS ARENA<\/a><\/li><li><a href=\"https:\/\/stadiuminsight.com\/sv\/tegera-arena\/\" >TEGERA ARENA<\/a><\/li><li><a href=\"https:\/\/stadiuminsight.com\/sv\/scandinavium\/\" >SCANDINAVIUM<\/a><\/li><li><a href=\"https:\/\/stadiuminsight.com\/sv\/kukus-stadion\/\" >KUKUS STADIUM<\/a><\/li><li><a href=\"https:\/\/stadiuminsight.com\/sv\/monitor-erp-arena\/\" >MONITOR ERP ARENA<\/a><\/li><li><a href=\"https:\/\/stadiuminsight.com\/sv\/stadion-karadordev-park\/\" >STADION KARA\u0110OR\u0110EV PARK<\/a><\/li><li><a href=\"https:\/\/stadiuminsight.com\/sv\/strandvallen\/\" >STRANDVALLEN<\/a><\/li><li><a href=\"https:\/\/stadiuminsight.com\/sv\/ekevaallen\/\" >EKEVALLEN<\/a><\/li><li><a href=\"https:\/\/stadiuminsight.com\/sv\/orjans-vall-2\/\" >\u00d6RJANS VALL<\/a><\/li><li><a href=\"https:\/\/stadiuminsight.com\/sv\/mjornvallen-alingsas-fotbollsarena\/\" >MJ\u00d6RNVALLEN<\/a><\/li><li><a href=\"https:\/\/stadiuminsight.com\/sv\/hellgrenshagen\/\" >HELLGRENSHAGEN<\/a><\/li><li><a href=\"https:\/\/stadiuminsight.com\/sv\/grenadjarvallen\/\" >GRENADJ\u00c4RVALLEN<\/a><\/li><li><a href=\"https:\/\/stadiuminsight.com\/sv\/norvalla\/\" >Norvalla<\/a><\/li><li><a href=\"https:\/\/stadiuminsight.com\/sv\/idrottsparken-svenskt-idrottsarv\/\" >IDROTTSPARKEN<\/a><\/li><li><a href=\"https:\/\/stadiuminsight.com\/sv\/tomelilla-idrottsplats\/\" >TOMELILLA IDROTTSPLATS<\/a><\/li><li><a href=\"https:\/\/stadiuminsight.com\/sv\/slattens-ip\/\" >SL\u00c4TTENS IP<\/a><\/li><\/ul><\/div><br \/><div class=\"aioseo-html-page-sitemap\"><h4>Sidor<\/h4><ul><li><a href=\"https:\/\/stadiuminsight.com\/sv\/\" >Hemsida<\/a><\/li><li><a href=\"https:\/\/stadiuminsight.com\/sv\/om-oss\/\" >Om oss<\/a><\/li><li><a href=\"https:\/\/stadiuminsight.com\/sv\/villkor-och-regler\/\" >Villkor och regler<\/a><\/li><li><a href=\"https:\/\/stadiuminsight.com\/sv\/kontakta-oss\/\" >Kontakta oss<\/a><\/li><li><a href=\"https:\/\/stadiuminsight.com\/sv\/cookie-policy-for-stadiuminsight\/\" >Cookiepolicy f\u00f6r Stadiuminsight<\/a><\/li><li><a href=\"https:\/\/stadiuminsight.com\/sv\/webbplatskarta\/\" >Webbplatskarta<\/a><\/li><li><a href=\"https:\/\/stadiuminsight.com\/sv\/ordbok\/\" >Ordbok<\/a><\/li><li><a href=\"https:\/\/stadiuminsight.com\/sv\/integritetspolicy-for-stadiuminsight\/\" >Integritetspolicy f\u00f6r Stadiuminsight<\/a><\/li><\/ul><\/div><br \/><div class=\"aioseo-html-post-author-sitemap\"><h4>F\u00f6rfattare till inl\u00e4gg<\/h4><ul><li><a href=\"https:\/\/stadiuminsight.com\/sv\/post-forfattare\/marek-prochazka\/\" >Marek Proch\u00e1zka<\/a><\/li><\/ul><\/div><br \/><\/div>\n\t<\/div>\n<\/div>\n\n\n\n\n\t\t\t<\/div> \n\t\t<\/div>\n\t<\/div> \n<\/div><\/div>","protected":false},"excerpt":{"rendered":"Home Sitemap Inl\u00e4ggBOUNDARY PARKWEMBLEY STADIUMULLEVAAL STADIONGATESHEAD INTERNATIONAL STADIUMROOTS HALLHUISH PARKTECHNIQUE STADIUMTHE SHAY STADIUM\u200bGLANFORD PARKCHERRYWOOD ROADRECREATION GROUNDASHTON GATE STADIUMMOSS ROSEELEDA STADIONSTRAWBERRY ARENATELE2 ARENAGAMLA ULLEVIBOR\u00c5S ARENA\u00d6STG\u00d6TAPORTENBEHRN ARENAVISMA ARENAOLYMPIA (HELSINGBORG)\u200bGULDF\u00c5GELN ARENAINTILITY ARENABRANN STADIONLERKENDAL STADION\u00c5R\u00c5SEN STADIONSKAGERAK ARENAFREDRIKSTAD STADIONSPAREBANKEN S\u00d8R ARENASR-BANK ARENACOLOR LINE STADIONALFHEIM STADIONASPMYRA STADIONMARIENLYST STADIONAKER STADIONNADDERUD STADIONSANDEFJORD ARENASARPSBORG STADIONCARDIFF CITY STADIUMBRAMALL LANEBET365 STADIUMKRISTIANSUND STADIONSTUDENTERNAS IP\u00d6RJANS VALLPLATINUMCARS ARENABRAVIDA ARENAFINNVEDSVALLENGRIMSTA IPFALMER STADIUMLANDSKRONA IPSTORA VALLARIMNERSVALLENHITACHI ENERGY ARENAJ\u00c4MTKRAFT ARENANP3 ARENAFALCON ALKOHOLFRI ARENAJERNVALLENUME\u00c5 ENERGI ARENASAAB ARENAHUSQVARNA GARDENL\u00d6FBERGS ARENATEGERA...","protected":false},"author":7,"featured_media":0,"parent":0,"menu_order":0,"comment_status":"closed","ping_status":"closed","template":"","meta":{"_acf_changed":false,"inline_featured_image":false,"_glsr_average":0,"_glsr_ranking":0,"_glsr_reviews":0,"footnotes":""},"class_list":["post-10562","page","type-page","status-publish"],"acf":[],"aioseo_notices":[],"aioseo_head":"\n\t\t<!-- All in One SEO Pro 4.8.1.1 - aioseo.com -->\n\t<meta name=\"description\" content=\"Sitemap get a complete overview of stadiuminsight.com\u2019s sections, guides, and resources. Quickly find information, community discussions, and knowledge across the site.\" \/>\n\t<meta name=\"robots\" content=\"max-image-preview:large\" \/>\n\t<link rel=\"canonical\" href=\"https:\/\/stadiuminsight.com\/sv\/webbplatskarta\/\" \/>\n\t<meta name=\"generator\" content=\"All in One SEO Pro (AIOSEO) 4.8.1.1\" \/>\n\t\t<meta property=\"og:locale\" content=\"sv_SE\" \/>\n\t\t<meta property=\"og:site_name\" content=\"Stadiuminsight -\" \/>\n\t\t<meta property=\"og:type\" content=\"article\" \/>\n\t\t<meta property=\"og:title\" content=\"Get a complete overview of Stadiuminsight.com\u2019s sections\" \/>\n\t\t<meta property=\"og:description\" content=\"Sitemap get a complete overview of stadiuminsight.com\u2019s sections, guides, and resources. Quickly find information, community discussions, and knowledge across the site.\" \/>\n\t\t<meta property=\"og:url\" content=\"https:\/\/stadiuminsight.com\/sv\/webbplatskarta\/\" \/>\n\t\t<meta property=\"article:published_time\" content=\"2024-11-26T16:56:34+00:00\" \/>\n\t\t<meta property=\"article:modified_time\" content=\"2026-02-16T18:01:49+00:00\" \/>\n\t\t<meta name=\"twitter:card\" content=\"summary_large_image\" \/>\n\t\t<meta name=\"twitter:site\" content=\"@MarekProch97105\" \/>\n\t\t<meta name=\"twitter:title\" content=\"Get a complete overview of Stadiuminsight.com\u2019s sections\" \/>\n\t\t<meta name=\"twitter:description\" content=\"Sitemap get a complete overview of stadiuminsight.com\u2019s sections, guides, and resources. Quickly find information, community discussions, and knowledge across the site.\" \/>\n\t\t<meta name=\"twitter:creator\" content=\"@MarekProch97105\" \/>\n\t\t<script type=\"application\/ld+json\" class=\"aioseo-schema\">\n\t\t\t{\"@context\":\"https:\\\/\\\/schema.org\",\"@graph\":[{\"@type\":\"BreadcrumbList\",\"@id\":\"https:\\\/\\\/stadiuminsight.com\\\/sv\\\/webbplatskarta\\\/#breadcrumblist\",\"itemListElement\":[{\"@type\":\"ListItem\",\"@id\":\"https:\\\/\\\/stadiuminsight.com\\\/sv\\\/#listItem\",\"position\":1,\"name\":\"Hem\",\"item\":\"https:\\\/\\\/stadiuminsight.com\\\/sv\\\/\",\"nextItem\":{\"@type\":\"ListItem\",\"@id\":\"https:\\\/\\\/stadiuminsight.com\\\/sv\\\/webbplatskarta\\\/#listItem\",\"name\":\"Sitemap\"}},{\"@type\":\"ListItem\",\"@id\":\"https:\\\/\\\/stadiuminsight.com\\\/sv\\\/webbplatskarta\\\/#listItem\",\"position\":2,\"name\":\"Sitemap\",\"previousItem\":{\"@type\":\"ListItem\",\"@id\":\"https:\\\/\\\/stadiuminsight.com\\\/sv\\\/#listItem\",\"name\":\"Hem\"}}]},{\"@type\":\"Organization\",\"@id\":\"https:\\\/\\\/stadiuminsight.com\\\/sv\\\/#organization\",\"name\":\"Stadiuminsight\",\"url\":\"https:\\\/\\\/stadiuminsight.com\\\/sv\\\/\",\"sameAs\":[\"https:\\\/\\\/x.com\\\/MarekProch97105\",\"https:\\\/\\\/www.linkedin.com\\\/in\\\/marek-prochzka-a44875328\\\/\"]},{\"@type\":\"WebPage\",\"@id\":\"https:\\\/\\\/stadiuminsight.com\\\/sv\\\/webbplatskarta\\\/#webpage\",\"url\":\"https:\\\/\\\/stadiuminsight.com\\\/sv\\\/webbplatskarta\\\/\",\"name\":\"Get a complete overview of Stadiuminsight.com\\u2019s sections\",\"description\":\"Sitemap get a complete overview of stadiuminsight.com\\u2019s sections, guides, and resources. Quickly find information, community discussions, and knowledge across the site.\",\"inLanguage\":\"sv-SE\",\"isPartOf\":{\"@id\":\"https:\\\/\\\/stadiuminsight.com\\\/sv\\\/#website\"},\"breadcrumb\":{\"@id\":\"https:\\\/\\\/stadiuminsight.com\\\/sv\\\/webbplatskarta\\\/#breadcrumblist\"},\"datePublished\":\"2024-11-26T16:56:34+00:00\",\"dateModified\":\"2026-02-16T18:01:49+00:00\"},{\"@type\":\"WebSite\",\"@id\":\"https:\\\/\\\/stadiuminsight.com\\\/sv\\\/#website\",\"url\":\"https:\\\/\\\/stadiuminsight.com\\\/sv\\\/\",\"name\":\"Stadiuminsight\",\"inLanguage\":\"sv-SE\",\"publisher\":{\"@id\":\"https:\\\/\\\/stadiuminsight.com\\\/sv\\\/#organization\"}}]}\n\t\t<\/script>\n\t\t<!-- All in One SEO Pro -->\r\n\t\t<title>Get a complete overview of Stadiuminsight.com\u2019s sections<\/title>\n\n","aioseo_head_json":{"title":"F\u00e5 en fullst\u00e4ndig \u00f6verblick \u00f6ver Stadiuminsight.com's sektioner","description":"Sitemap f\u00e5 en fullst\u00e4ndig \u00f6verblick \u00f6ver stadiuminsight.coms sektioner, guider och resurser. Hitta snabbt information, community-diskussioner och kunskap p\u00e5 hela webbplatsen.","canonical_url":"https:\/\/stadiuminsight.com\/sv\/webbplatskarta\/","robots":"max-image-preview:large","keywords":"","webmasterTools":{"miscellaneous":""},"schema":{"@context":"https:\/\/schema.org","@graph":[{"@type":"BreadcrumbList","@id":"https:\/\/stadiuminsight.com\/sv\/webbplatskarta\/#breadcrumblist","itemListElement":[{"@type":"ListItem","@id":"https:\/\/stadiuminsight.com\/sv\/#listItem","position":1,"name":"Hem","item":"https:\/\/stadiuminsight.com\/sv\/","nextItem":{"@type":"ListItem","@id":"https:\/\/stadiuminsight.com\/sv\/webbplatskarta\/#listItem","name":"Sitemap"}},{"@type":"ListItem","@id":"https:\/\/stadiuminsight.com\/sv\/webbplatskarta\/#listItem","position":2,"name":"Sitemap","previousItem":{"@type":"ListItem","@id":"https:\/\/stadiuminsight.com\/sv\/#listItem","name":"Hem"}}]},{"@type":"Organization","@id":"https:\/\/stadiuminsight.com\/sv\/#organization","name":"Stadiuminsight","url":"https:\/\/stadiuminsight.com\/sv\/","sameAs":["https:\/\/x.com\/MarekProch97105","https:\/\/www.linkedin.com\/in\/marek-prochzka-a44875328\/"]},{"@type":"WebPage","@id":"https:\/\/stadiuminsight.com\/sv\/webbplatskarta\/#webpage","url":"https:\/\/stadiuminsight.com\/sv\/webbplatskarta\/","name":"Get a complete overview of Stadiuminsight.com\u2019s sections","description":"Sitemap get a complete overview of stadiuminsight.com\u2019s sections, guides, and resources. Quickly find information, community discussions, and knowledge across the site.","inLanguage":"sv-SE","isPartOf":{"@id":"https:\/\/stadiuminsight.com\/sv\/#website"},"breadcrumb":{"@id":"https:\/\/stadiuminsight.com\/sv\/webbplatskarta\/#breadcrumblist"},"datePublished":"2024-11-26T16:56:34+00:00","dateModified":"2026-02-16T18:01:49+00:00"},{"@type":"WebSite","@id":"https:\/\/stadiuminsight.com\/sv\/#website","url":"https:\/\/stadiuminsight.com\/sv\/","name":"Stadiuminsight","inLanguage":"sv-SE","publisher":{"@id":"https:\/\/stadiuminsight.com\/sv\/#organization"}}]},"og:locale":"sv_SE","og:site_name":"Stadiuminsight -","og:type":"article","og:title":"Get a complete overview of Stadiuminsight.com\u2019s sections","og:description":"Sitemap get a complete overview of stadiuminsight.com\u2019s sections, guides, and resources. Quickly find information, community discussions, and knowledge across the site.","og:url":"https:\/\/stadiuminsight.com\/sv\/webbplatskarta\/","article:published_time":"2024-11-26T16:56:34+00:00","article:modified_time":"2026-02-16T18:01:49+00:00","twitter:card":"summary_large_image","twitter:site":"@MarekProch97105","twitter:title":"Get a complete overview of Stadiuminsight.com\u2019s sections","twitter:description":"Sitemap get a complete overview of stadiuminsight.com\u2019s sections, guides, and resources. Quickly find information, community discussions, and knowledge across the site.","twitter:creator":"@MarekProch97105"},"aioseo_meta_data":{"post_id":"10562","title":"F\u00e5 en fullst\u00e4ndig \u00f6verblick \u00f6ver Stadiuminsight.com's sektioner","description":"Sitemap f\u00e5 en fullst\u00e4ndig \u00f6verblick \u00f6ver stadiuminsight.coms sektioner, guider och resurser. Hitta snabbt information, community-diskussioner och kunskap p\u00e5 hela webbplatsen.","keywords":null,"keyphrases":{"focus":{"keyphrase":"Sitemap","score":76,"analysis":{"keyphraseInTitle":{"score":3,"maxScore":9,"error":1},"keyphraseInDescription":{"score":9,"maxScore":9,"error":0},"keyphraseLength":{"score":9,"maxScore":9,"error":0,"length":1},"keyphraseInURL":{"score":5,"maxScore":5,"error":0},"keyphraseInIntroduction":{"score":3,"maxScore":9,"error":1},"keyphraseInSubHeadings":[],"keyphraseInImageAlt":[],"keywordDensity":{"type":"best","score":9,"maxScore":9,"error":0}}},"additional":[]},"primary_term":null,"canonical_url":null,"og_title":null,"og_description":null,"og_object_type":"default","og_image_type":"default","og_image_url":null,"og_image_width":null,"og_image_height":null,"og_image_custom_url":null,"og_image_custom_fields":null,"og_video":"","og_custom_url":null,"og_article_section":null,"og_article_tags":null,"twitter_use_og":false,"twitter_card":"default","twitter_image_type":"default","twitter_image_url":null,"twitter_image_custom_url":null,"twitter_image_custom_fields":null,"twitter_title":null,"twitter_description":null,"schema":{"blockGraphs":[],"customGraphs":[],"default":{"data":{"Article":[],"Course":[],"Dataset":[],"FAQPage":[],"Movie":[],"Person":[],"Product":[],"ProductReview":[],"Car":[],"Recipe":[],"Service":[],"SoftwareApplication":[],"WebPage":[]},"graphName":"WebPage","isEnabled":true},"graphs":[]},"schema_type":"default","schema_type_options":null,"pillar_content":false,"robots_default":true,"robots_noindex":false,"robots_noarchive":false,"robots_nosnippet":false,"robots_nofollow":false,"robots_noimageindex":false,"robots_noodp":false,"robots_notranslate":false,"robots_max_snippet":"-1","robots_max_videopreview":"-1","robots_max_imagepreview":"large","priority":null,"frequency":"default","local_seo":null,"limit_modified_date":false,"reviewed_by":null,"open_ai":{"title":{"suggestions":[],"usage":0},"description":{"suggestions":[],"usage":0}},"created":"2024-11-26 16:56:34","updated":"2026-02-16 18:05:09"},"aioseo_breadcrumb":"<div class=\"aioseo-breadcrumbs\"><span class=\"aioseo-breadcrumb\">\n\t<a href=\"https:\/\/stadiuminsight.com\/sv\" title=\"Home\">Home<\/a>\n<\/span><span class=\"aioseo-breadcrumb-separator\">&gt;<\/span><span class=\"aioseo-breadcrumb\">\n\tSitemap\n<\/span><\/div>","aioseo_breadcrumb_json":[{"label":"Home","link":"https:\/\/stadiuminsight.com\/sv"},{"label":"Sitemap","link":"https:\/\/stadiuminsight.com\/sv\/webbplatskarta\/"}],"_links":{"self":[{"href":"https:\/\/stadiuminsight.com\/sv\/wp-json\/wp\/v2\/pages\/10562","targetHints":{"allow":["GET"]}}],"collection":[{"href":"https:\/\/stadiuminsight.com\/sv\/wp-json\/wp\/v2\/pages"}],"about":[{"href":"https:\/\/stadiuminsight.com\/sv\/wp-json\/wp\/v2\/types\/page"}],"author":[{"embeddable":true,"href":"https:\/\/stadiuminsight.com\/sv\/wp-json\/wp\/v2\/users\/7"}],"replies":[{"embeddable":true,"href":"https:\/\/stadiuminsight.com\/sv\/wp-json\/wp\/v2\/comments?post=10562"}],"version-history":[{"count":1,"href":"https:\/\/stadiuminsight.com\/sv\/wp-json\/wp\/v2\/pages\/10562\/revisions"}],"predecessor-version":[{"id":14524,"href":"https:\/\/stadiuminsight.com\/sv\/wp-json\/wp\/v2\/pages\/10562\/revisions\/14524"}],"wp:attachment":[{"href":"https:\/\/stadiuminsight.com\/sv\/wp-json\/wp\/v2\/media?parent=10562"}],"curies":[{"name":"wp","href":"https:\/\/api.w.org\/{rel}","templated":true}]}}