{"id":11965,"date":"2025-04-24T14:18:29","date_gmt":"2025-04-24T14:18:29","guid":{"rendered":"https:\/\/stadiuminsight.com\/?page_id=11965"},"modified":"2025-10-18T10:07:54","modified_gmt":"2025-10-18T10:07:54","slug":"personvernerklaering-for-stadiuminsight","status":"publish","type":"page","link":"https:\/\/stadiuminsight.com\/nb\/personvernerklaering-for-stadiuminsight\/","title":{"rendered":"Personvernerkl\u00e6ring for Stadiuminsight"},"content":{"rendered":"<div id=\"fws_69d4ceed1a433\"  data-column-margin=\"default\" data-midnight=\"dark\"  class=\"wpb_row vc_row-fluid vc_row\"  style=\"padding-top: 0px; padding-bottom: 0px; \"><div class=\"row-bg-wrap\" data-bg-animation=\"none\" data-bg-animation-delay=\"\" data-bg-overlay=\"false\"><div class=\"inner-wrap row-bg-layer\" ><div class=\"row-bg viewport-desktop\"  style=\"\"><\/div><\/div><\/div><div class=\"row_col_wrap_12 col span_12 dark left\">\n\t<div  class=\"vc_col-sm-12 wpb_column column_container vc_column_container col no-extra-padding inherit_tablet inherit_phone\"  data-padding-pos=\"all\" data-has-bg-color=\"false\" data-bg-color=\"\" data-bg-opacity=\"1\" data-animation=\"\" data-delay=\"0\" >\n\t\t<div class=\"vc_column-inner\" >\n\t\t\t<div class=\"wpb_wrapper\">\n\t\t\t\t\n<div class=\"wpb_text_column wpb_content_element\" >\n\t<div class=\"wpb_wrapper\">\n\t\t<div class=\"aioseo-breadcrumbs\"><span class=\"aioseo-breadcrumb\">\n\tHjem\n<\/span><\/div>\n\t<\/div>\n<\/div>\n\n\n\n\n\t\t\t<\/div> \n\t\t<\/div>\n\t<\/div> \n<\/div><\/div>\n\t\t<div id=\"fws_69d4ceed1ad21\"  data-column-margin=\"default\" data-midnight=\"dark\"  class=\"wpb_row vc_row-fluid vc_row\"  style=\"padding-top: 0px; padding-bottom: 0px; \"><div class=\"row-bg-wrap\" data-bg-animation=\"none\" data-bg-animation-delay=\"\" data-bg-overlay=\"false\"><div class=\"inner-wrap row-bg-layer\" ><div class=\"row-bg viewport-desktop\"  style=\"\"><\/div><\/div><\/div><div class=\"row_col_wrap_12 col span_12 dark left\">\n\t<div  class=\"vc_col-sm-12 wpb_column column_container vc_column_container col no-extra-padding inherit_tablet inherit_phone\"  data-padding-pos=\"all\" data-has-bg-color=\"false\" data-bg-color=\"\" data-bg-opacity=\"1\" data-animation=\"\" data-delay=\"0\" >\n\t\t<div class=\"vc_column-inner\" >\n\t\t\t<div class=\"wpb_wrapper\">\n\t\t\t\t\n<div class=\"wpb_text_column wpb_content_element\" >\n\t<div class=\"wpb_wrapper\">\n\t\t\t<\/div>\n<\/div>\n\n\n\n\n\t\t\t<\/div> \n\t\t<\/div>\n\t<\/div> \n<\/div><\/div>\n\t\t<div id=\"fws_69d4ceed1af19\"  data-column-margin=\"default\" data-midnight=\"dark\"  class=\"wpb_row vc_row-fluid vc_row\"  style=\"padding-top: 0px; padding-bottom: 0px; \"><div class=\"row-bg-wrap\" data-bg-animation=\"none\" data-bg-animation-delay=\"\" data-bg-overlay=\"false\"><div class=\"inner-wrap row-bg-layer\" ><div class=\"row-bg viewport-desktop\"  style=\"\"><\/div><\/div><\/div><div class=\"row_col_wrap_12 col span_12 dark left\">\n\t<div  class=\"vc_col-sm-12 wpb_column column_container vc_column_container col no-extra-padding inherit_tablet inherit_phone\"  data-padding-pos=\"all\" data-has-bg-color=\"false\" data-bg-color=\"\" data-bg-opacity=\"1\" data-animation=\"\" data-delay=\"0\" >\n\t\t<div class=\"vc_column-inner\" >\n\t\t\t<div class=\"wpb_wrapper\">\n\t\t\t\t\n<div class=\"wpb_text_column wpb_content_element\" >\n\t<div class=\"wpb_wrapper\">\n\t\t<h1>Retningslinjer for personvern<\/h1>\n<p>P\u00e5 StadiumInsight.com er vi forpliktet til \u00e5 beskytte personvernet ditt og s\u00f8rge for sikkerheten til personopplysningene dine. Disse retningslinjene forklarer hvordan vi samler inn, bruker og beskytter dine data i samsvar med gjeldende databeskyttelseslover, inkludert EUs personvernforordning (GDPR).<\/p>\n<p>1. Behandlingsansvarlig<br \/>\nStadiumInsight.com er behandlingsansvarlig for behandlingen av dine personopplysninger.<\/p>\n<p>2. Informasjon vi samler inn<br \/>\nVi samler bare inn de opplysningene som er n\u00f8dvendige for \u00e5 levere tjenestene v\u00e5re og kommunisere effektivt med deg, for eksempel<\/p>\n<p>Navn<\/p>\n<p>E-postadresse<\/p>\n<p>IP-adresse<\/p>\n<p>Data om bruk av nettstedet (via informasjonskapsler)<\/p>\n<p>3. Form\u00e5let med behandlingen<br \/>\nPersonopplysningene dine kan bli behandlet for \u00e5:<\/p>\n<p>Tilby og forbedre tjenestene v\u00e5re<\/p>\n<p>Besvare henvendelser og kommunisere med brukerne<\/p>\n<p>Oppfylle juridiske og kontraktsmessige forpliktelser<\/p>\n<p>Analysere trafikken p\u00e5 nettstedet og forbedre brukeropplevelsen ved hjelp av informasjonskapsler<\/p>\n<p>4. Juridisk grunnlag<br \/>\nVi behandler personopplysninger basert p\u00e5:<\/p>\n<p>Ditt samtykke (f.eks. bruk av informasjonskapsler)<\/p>\n<p>Kontraktsmessig n\u00f8dvendighet<\/p>\n<p>Berettiget interesse i \u00e5 forbedre tjenesten<\/p>\n<p>Overholdelse av juridiske forpliktelser<\/p>\n<p>5. Deling av data<br \/>\nPersonopplysninger deles ikke med tredjeparter med mindre det er lovp\u00e5lagt eller n\u00f8dvendig for \u00e5 oppfylle en tjenesterelatert funksjon (f.eks. hosting- eller analyseleverand\u00f8rer).<\/p>\n<p>6. Oppbevaring av data<br \/>\nVi lagrer personopplysninger bare s\u00e5 lenge det er n\u00f8dvendig for de form\u00e5lene som er oppf\u00f8rt, eller s\u00e5 lenge det er lovp\u00e5lagt. Vanligvis lagres data i opptil 12 m\u00e5neder etter siste interaksjon, med mindre annet er p\u00e5lagt.<\/p>\n<p>7. Dine rettigheter<br \/>\nI henhold til GDPR har du rett til \u00e5:<\/p>\n<p>F\u00e5 tilgang til dataene dine<\/p>\n<p>Be om korrigering eller sletting<\/p>\n<p>Begrense eller motsette deg behandling<\/p>\n<p>Motta dataene dine i et b\u00e6rbart format<\/p>\n<p>Trekke tilbake samtykket n\u00e5r som helst<\/p>\n<p>Hvis du \u00f8nsker \u00e5 ut\u00f8ve disse rettighetene, vennligst kontakt oss via opplysningene som er oppgitt p\u00e5 StadiumInsight.com.<\/p>\n<p>8. Informasjonskapsler<br \/>\nVi bruker informasjonskapsler til \u00e5 m\u00e5le trafikk, tilpasse brukeropplevelsen og forbedre ytelsen p\u00e5 nettstedet. Du kan n\u00e5r som helst administrere eller deaktivere informasjonskapsler via nettleserinnstillingene dine.<\/p>\n\t<\/div>\n<\/div>\n\n\n\n\n\t\t\t<\/div> \n\t\t<\/div>\n\t<\/div> \n<\/div><\/div>","protected":false},"excerpt":{"rendered":"Hjem Personvernerkl\u00e6ring P\u00e5 StadiumInsight.com er vi forpliktet til \u00e5 beskytte personvernet ditt og sikre sikkerheten til dine personlige opplysninger. Disse retningslinjene forklarer hvordan vi samler inn, bruker og beskytter dine data i samsvar med gjeldende personvernlover, inkludert EUs personvernforordning (GDPR). 1. Behandlingsansvarlig StadiumInsight.com er behandlingsansvarlig for behandlingen av dine personopplysninger. 2. Informasjon vi samler inn Vi samler bare inn de opplysningene som er n\u00f8dvendige...","protected":false},"author":7,"featured_media":0,"parent":0,"menu_order":0,"comment_status":"closed","ping_status":"closed","template":"","meta":{"_acf_changed":false,"inline_featured_image":false,"_glsr_average":0,"_glsr_ranking":0,"_glsr_reviews":0,"footnotes":""},"class_list":["post-11965","page","type-page","status-publish"],"acf":[],"aioseo_notices":[],"aioseo_head":"\n\t\t<!-- All in One SEO Pro 4.8.1.1 - aioseo.com -->\n\t<meta name=\"description\" content=\"Stadiuminsight Privacy Policy explains how we collect, use, and protect your personal data in accordance with the GDPR and your rights.\" \/>\n\t<meta name=\"robots\" content=\"max-image-preview:large\" \/>\n\t<link rel=\"canonical\" href=\"https:\/\/stadiuminsight.com\/nb\/personvernerklaering-for-stadiuminsight\/\" \/>\n\t<meta name=\"generator\" content=\"All in One SEO Pro (AIOSEO) 4.8.1.1\" \/>\n\t\t<meta property=\"og:locale\" content=\"nb_NO\" \/>\n\t\t<meta property=\"og:site_name\" content=\"Stadiuminsight -\" \/>\n\t\t<meta property=\"og:type\" content=\"website\" \/>\n\t\t<meta property=\"og:title\" content=\"Stadiuminsight privacy policy explains on your personal data\" \/>\n\t\t<meta property=\"og:description\" content=\"Stadiuminsight Privacy Policy explains how we collect, use, and protect your personal data in accordance with the GDPR and your rights.\" \/>\n\t\t<meta property=\"og:url\" content=\"https:\/\/stadiuminsight.com\/nb\/personvernerklaering-for-stadiuminsight\/\" \/>\n\t\t<meta name=\"twitter:card\" content=\"summary_large_image\" \/>\n\t\t<meta name=\"twitter:site\" content=\"@MarekProch97105\" \/>\n\t\t<meta name=\"twitter:title\" content=\"Stadiuminsight privacy policy explains on your personal data\" \/>\n\t\t<meta name=\"twitter:description\" content=\"Stadiuminsight Privacy Policy explains how we collect, use, and protect your personal data in accordance with the GDPR and your rights.\" \/>\n\t\t<meta name=\"twitter:creator\" content=\"@MarekProch97105\" \/>\n\t\t<script type=\"application\/ld+json\" class=\"aioseo-schema\">\n\t\t\t{\"@context\":\"https:\\\/\\\/schema.org\",\"@graph\":[{\"@type\":\"BreadcrumbList\",\"@id\":\"https:\\\/\\\/stadiuminsight.com\\\/nb\\\/personvernerklaering-for-stadiuminsight\\\/#breadcrumblist\",\"itemListElement\":[{\"@type\":\"ListItem\",\"@id\":\"https:\\\/\\\/stadiuminsight.com\\\/nb\\\/#listItem\",\"position\":1,\"name\":\"Home\",\"item\":\"https:\\\/\\\/stadiuminsight.com\\\/nb\\\/\",\"nextItem\":{\"@type\":\"ListItem\",\"@id\":\"https:\\\/\\\/stadiuminsight.com\\\/nb\\\/personvernerklaering-for-stadiuminsight\\\/#listItem\",\"name\":\"Privacy policy for Stadiuminsight\"}},{\"@type\":\"ListItem\",\"@id\":\"https:\\\/\\\/stadiuminsight.com\\\/nb\\\/personvernerklaering-for-stadiuminsight\\\/#listItem\",\"position\":2,\"name\":\"Privacy policy for Stadiuminsight\",\"previousItem\":{\"@type\":\"ListItem\",\"@id\":\"https:\\\/\\\/stadiuminsight.com\\\/nb\\\/#listItem\",\"name\":\"Home\"}}]},{\"@type\":\"Organization\",\"@id\":\"https:\\\/\\\/stadiuminsight.com\\\/nb\\\/#organization\",\"name\":\"Stadiuminsight\",\"url\":\"https:\\\/\\\/stadiuminsight.com\\\/nb\\\/\",\"sameAs\":[\"https:\\\/\\\/x.com\\\/MarekProch97105\",\"https:\\\/\\\/www.linkedin.com\\\/in\\\/marek-prochzka-a44875328\\\/\"]},{\"@type\":\"WebPage\",\"@id\":\"https:\\\/\\\/stadiuminsight.com\\\/nb\\\/personvernerklaering-for-stadiuminsight\\\/#webpage\",\"url\":\"https:\\\/\\\/stadiuminsight.com\\\/nb\\\/personvernerklaering-for-stadiuminsight\\\/\",\"name\":\"Stadiuminsight privacy policy explains on your personal data\",\"description\":\"Stadiuminsight Privacy Policy explains how we collect, use, and protect your personal data in accordance with the GDPR and your rights.\",\"inLanguage\":\"nb-NO\",\"isPartOf\":{\"@id\":\"https:\\\/\\\/stadiuminsight.com\\\/nb\\\/#website\"},\"breadcrumb\":{\"@id\":\"https:\\\/\\\/stadiuminsight.com\\\/nb\\\/personvernerklaering-for-stadiuminsight\\\/#breadcrumblist\"},\"datePublished\":\"2025-04-24T14:18:29+00:00\",\"dateModified\":\"2025-10-18T10:07:54+00:00\"},{\"@type\":\"WebSite\",\"@id\":\"https:\\\/\\\/stadiuminsight.com\\\/nb\\\/#website\",\"url\":\"https:\\\/\\\/stadiuminsight.com\\\/nb\\\/\",\"name\":\"Stadiuminsight\",\"inLanguage\":\"nb-NO\",\"publisher\":{\"@id\":\"https:\\\/\\\/stadiuminsight.com\\\/nb\\\/#organization\"}}]}\n\t\t<\/script>\n\t\t<!-- All in One SEO Pro -->\r\n\t\t<title>Stadiuminsight privacy policy explains on your personal data<\/title>\n\n","aioseo_head_json":{"title":"Stadiuminsights personvernerkl\u00e6ring forklarer om dine personopplysninger","description":"Stadiuminsights personvernerkl\u00e6ring forklarer hvordan vi samler inn, bruker og beskytter dine personopplysninger i samsvar med GDPR og dine rettigheter.","canonical_url":"https:\/\/stadiuminsight.com\/nb\/personvernerklaering-for-stadiuminsight\/","robots":"max-image-preview:large","keywords":"","webmasterTools":{"miscellaneous":""},"schema":{"@context":"https:\/\/schema.org","@graph":[{"@type":"BreadcrumbList","@id":"https:\/\/stadiuminsight.com\/nb\/personvernerklaering-for-stadiuminsight\/#breadcrumblist","itemListElement":[{"@type":"ListItem","@id":"https:\/\/stadiuminsight.com\/nb\/#listItem","position":1,"name":"Home","item":"https:\/\/stadiuminsight.com\/nb\/","nextItem":{"@type":"ListItem","@id":"https:\/\/stadiuminsight.com\/nb\/personvernerklaering-for-stadiuminsight\/#listItem","name":"Privacy policy for Stadiuminsight"}},{"@type":"ListItem","@id":"https:\/\/stadiuminsight.com\/nb\/personvernerklaering-for-stadiuminsight\/#listItem","position":2,"name":"Privacy policy for Stadiuminsight","previousItem":{"@type":"ListItem","@id":"https:\/\/stadiuminsight.com\/nb\/#listItem","name":"Home"}}]},{"@type":"Organization","@id":"https:\/\/stadiuminsight.com\/nb\/#organization","name":"Stadiuminsight","url":"https:\/\/stadiuminsight.com\/nb\/","sameAs":["https:\/\/x.com\/MarekProch97105","https:\/\/www.linkedin.com\/in\/marek-prochzka-a44875328\/"]},{"@type":"WebPage","@id":"https:\/\/stadiuminsight.com\/nb\/personvernerklaering-for-stadiuminsight\/#webpage","url":"https:\/\/stadiuminsight.com\/nb\/personvernerklaering-for-stadiuminsight\/","name":"Stadiuminsight privacy policy explains on your personal data","description":"Stadiuminsight Privacy Policy explains how we collect, use, and protect your personal data in accordance with the GDPR and your rights.","inLanguage":"nb-NO","isPartOf":{"@id":"https:\/\/stadiuminsight.com\/nb\/#website"},"breadcrumb":{"@id":"https:\/\/stadiuminsight.com\/nb\/personvernerklaering-for-stadiuminsight\/#breadcrumblist"},"datePublished":"2025-04-24T14:18:29+00:00","dateModified":"2025-10-18T10:07:54+00:00"},{"@type":"WebSite","@id":"https:\/\/stadiuminsight.com\/nb\/#website","url":"https:\/\/stadiuminsight.com\/nb\/","name":"Stadiuminsight","inLanguage":"nb-NO","publisher":{"@id":"https:\/\/stadiuminsight.com\/nb\/#organization"}}]},"og:locale":"nb_NO","og:site_name":"Stadiuminsight -","og:type":"website","og:title":"Stadiuminsight privacy policy explains on your personal data","og:description":"Stadiuminsight Privacy Policy explains how we collect, use, and protect your personal data in accordance with the GDPR and your rights.","og:url":"https:\/\/stadiuminsight.com\/nb\/personvernerklaering-for-stadiuminsight\/","twitter:card":"summary_large_image","twitter:site":"@MarekProch97105","twitter:title":"Stadiuminsight privacy policy explains on your personal data","twitter:description":"Stadiuminsight Privacy Policy explains how we collect, use, and protect your personal data in accordance with the GDPR and your rights.","twitter:creator":"@MarekProch97105"},"aioseo_meta_data":{"post_id":"11965","title":"Stadiuminsights personvernerkl\u00e6ring forklarer om dine personopplysninger","description":"Stadiuminsights personvernerkl\u00e6ring forklarer hvordan vi samler inn, bruker og beskytter dine personopplysninger i samsvar med GDPR og dine rettigheter.","keywords":null,"keyphrases":{"focus":{"keyphrase":"privacy policy","score":70,"analysis":{"keyphraseInTitle":{"score":9,"maxScore":9,"error":0},"keyphraseInDescription":{"score":9,"maxScore":9,"error":0},"keyphraseLength":{"score":9,"maxScore":9,"error":0,"length":2},"keyphraseInURL":{"score":5,"maxScore":5,"error":0},"keyphraseInIntroduction":{"score":3,"maxScore":9,"error":1},"keyphraseInSubHeadings":[],"keyphraseInImageAlt":[],"keywordDensity":{"score":0,"type":"low","maxScore":9,"error":1}}},"additional":[]},"primary_term":null,"canonical_url":null,"og_title":null,"og_description":null,"og_object_type":"website","og_image_type":"default","og_image_url":null,"og_image_width":null,"og_image_height":null,"og_image_custom_url":null,"og_image_custom_fields":null,"og_video":"","og_custom_url":null,"og_article_section":null,"og_article_tags":null,"twitter_use_og":false,"twitter_card":"default","twitter_image_type":"default","twitter_image_url":null,"twitter_image_custom_url":null,"twitter_image_custom_fields":null,"twitter_title":null,"twitter_description":null,"schema":{"blockGraphs":[],"customGraphs":[],"default":{"data":{"Article":[],"Course":[],"Dataset":[],"FAQPage":[],"Movie":[],"Person":[],"Product":[],"ProductReview":[],"Car":[],"Recipe":[],"Service":[],"SoftwareApplication":[],"WebPage":[]},"graphName":"WebPage","isEnabled":true},"graphs":[]},"schema_type":"default","schema_type_options":null,"pillar_content":false,"robots_default":true,"robots_noindex":false,"robots_noarchive":false,"robots_nosnippet":false,"robots_nofollow":false,"robots_noimageindex":false,"robots_noodp":false,"robots_notranslate":false,"robots_max_snippet":"-1","robots_max_videopreview":"-1","robots_max_imagepreview":"large","priority":null,"frequency":"default","local_seo":null,"limit_modified_date":false,"reviewed_by":null,"open_ai":null,"created":"2025-04-24 14:17:12","updated":"2025-10-18 10:16:28"},"aioseo_breadcrumb":"<div class=\"aioseo-breadcrumbs\"><span class=\"aioseo-breadcrumb\">\n\t<a href=\"https:\/\/stadiuminsight.com\/nb\" title=\"Home\">Home<\/a>\n<\/span><span class=\"aioseo-breadcrumb-separator\">&gt;<\/span><span class=\"aioseo-breadcrumb\">\n\tPrivacy policy for Stadiuminsight\n<\/span><\/div>","aioseo_breadcrumb_json":[{"label":"Home","link":"https:\/\/stadiuminsight.com\/nb"},{"label":"Privacy policy for Stadiuminsight","link":"https:\/\/stadiuminsight.com\/nb\/personvernerklaering-for-stadiuminsight\/"}],"_links":{"self":[{"href":"https:\/\/stadiuminsight.com\/nb\/wp-json\/wp\/v2\/pages\/11965","targetHints":{"allow":["GET"]}}],"collection":[{"href":"https:\/\/stadiuminsight.com\/nb\/wp-json\/wp\/v2\/pages"}],"about":[{"href":"https:\/\/stadiuminsight.com\/nb\/wp-json\/wp\/v2\/types\/page"}],"author":[{"embeddable":true,"href":"https:\/\/stadiuminsight.com\/nb\/wp-json\/wp\/v2\/users\/7"}],"replies":[{"embeddable":true,"href":"https:\/\/stadiuminsight.com\/nb\/wp-json\/wp\/v2\/comments?post=11965"}],"version-history":[{"count":2,"href":"https:\/\/stadiuminsight.com\/nb\/wp-json\/wp\/v2\/pages\/11965\/revisions"}],"predecessor-version":[{"id":13389,"href":"https:\/\/stadiuminsight.com\/nb\/wp-json\/wp\/v2\/pages\/11965\/revisions\/13389"}],"wp:attachment":[{"href":"https:\/\/stadiuminsight.com\/nb\/wp-json\/wp\/v2\/media?parent=11965"}],"curies":[{"name":"wp","href":"https:\/\/api.w.org\/{rel}","templated":true}]}}