{"id":11232,"date":"2025-01-16T11:26:45","date_gmt":"2025-01-16T11:26:45","guid":{"rendered":"https:\/\/stadiuminsight.com\/?page_id=11232"},"modified":"2026-02-20T20:59:20","modified_gmt":"2026-02-20T20:59:20","slug":"ordbok","status":"publish","type":"page","link":"https:\/\/stadiuminsight.com\/nb\/ordbok\/","title":{"rendered":"Ordbok"},"content":{"rendered":"<div id=\"fws_69d4c78e4d1e7\"  data-column-margin=\"none\" data-midnight=\"dark\"  class=\"wpb_row vc_row-fluid vc_row\"  style=\"padding-top: 0px; padding-bottom: 0px; \"><div class=\"row-bg-wrap\" data-bg-animation=\"none\" data-bg-animation-delay=\"\" data-bg-overlay=\"false\"><div class=\"inner-wrap row-bg-layer\" ><div class=\"row-bg viewport-desktop\"  style=\"\"><\/div><\/div><\/div><div class=\"row_col_wrap_12 col span_12 dark left\">\n\t<div  class=\"vc_col-sm-12 wpb_column column_container vc_column_container col no-extra-padding inherit_tablet inherit_phone\"  data-padding-pos=\"all\" data-has-bg-color=\"false\" data-bg-color=\"\" data-bg-opacity=\"1\" data-animation=\"\" data-delay=\"0\" >\n\t\t<div class=\"vc_column-inner\" >\n\t\t\t<div class=\"wpb_wrapper\">\n\t\t\t\t<div id=\"fws_69d4c78e4d48c\" data-midnight=\"\" data-column-margin=\"default\" class=\"wpb_row vc_row-fluid vc_row inner_row\"  style=\"\"><div class=\"row-bg-wrap\"> <div class=\"row-bg\" ><\/div> <\/div><div class=\"row_col_wrap_12_inner col span_12  left\">\n\t<div  class=\"vc_col-sm-12 wpb_column column_container vc_column_container col child_column no-extra-padding inherit_tablet inherit_phone\"   data-padding-pos=\"all\" data-has-bg-color=\"false\" data-bg-color=\"\" data-bg-opacity=\"1\" data-animation=\"\" data-delay=\"0\" >\n\t\t<div class=\"vc_column-inner\" >\n\t\t<div class=\"wpb_wrapper\">\n\t\t\t<h1 style=\"text-align: center\" class=\"vc_custom_heading vc_do_custom_heading\" >Ordbok<\/h1>\n<div class=\"wpb_text_column wpb_content_element\" >\n\t<div class=\"wpb_wrapper\">\n\t\t<p style=\"text-align: center;\">V\u00e5r stadionordbok forklarer de viktigste begrepene, frasene og forkortelsene du m\u00f8ter p\u00e5 moderne idrettsarenaer. Fra billettyper og setekategorier til sjargong om gjestfrihet, sikkerhet og supporteropplevelse - denne guiden hjelper deg \u00e5 forst\u00e5 n\u00f8yaktig hva alt betyr f\u00f8r, under og etter bes\u00f8ket ditt.<\/p>\n\t<\/div>\n<\/div>\n\n\n\n\n\t\t<\/div> \n\t<\/div>\n\t<\/div> \n<\/div><\/div><div id=\"fws_69d4c78e4d74b\" data-midnight=\"\" data-column-margin=\"default\" class=\"wpb_row vc_row-fluid vc_row inner_row\"  style=\"\"><div class=\"row-bg-wrap\"> <div class=\"row-bg\" ><\/div> <\/div><div class=\"row_col_wrap_12_inner col span_12  left\">\n\t<div  class=\"vc_col-sm-12 wpb_column column_container vc_column_container col child_column no-extra-padding inherit_tablet inherit_phone\"   data-padding-pos=\"all\" data-has-bg-color=\"false\" data-bg-color=\"\" data-bg-opacity=\"1\" data-animation=\"\" data-delay=\"0\" >\n\t\t<div class=\"vc_column-inner\" >\n\t\t<div class=\"wpb_wrapper\">\n\t\t\t\n<div class=\"wpb_text_column wpb_content_element\" >\n\t<div class=\"wpb_wrapper\">\n\t\t<div class=\"wpg-list-wrapper wpg-list-wrapper-template-alphabet\"><div class=\"wpg-list-filter-container\"><div class=\"wpg-list-filter\"><span class=\"wpg-list-filter-row\"><a class=\"filter active\" data-filter=\"all\">Alle<\/a><a class=\"filter\" data-filter=\".wpg-filter-a\">A<\/a><a class=\"filter\" data-filter=\".wpg-filter-c\">C<\/a><a class=\"filter\" data-filter=\".wpg-filter-f\">F<\/a><a class=\"filter\" data-filter=\".wpg-filter-g\">G<\/a><a class=\"filter\" data-filter=\".wpg-filter-h\">H<\/a><a class=\"filter\" data-filter=\".wpg-filter-j\">J<\/a><a class=\"filter\" data-filter=\".wpg-filter-k\">K<\/a><a class=\"filter\" data-filter=\".wpg-filter-m\">M<\/a><a class=\"filter\" data-filter=\".wpg-filter-p\">P<\/a><a class=\"filter\" data-filter=\".wpg-filter-s\">S<\/a><a class=\"filter\" data-filter=\".wpg-filter-v\">V<\/a><\/span><\/div><\/div><div class=\"wpg-list wpg-list-template-four-column\"><div class=\"wpg-list-block wpg-filter-a mix\" data-filter-base=\"a\"><h3 class=\"wpg-list-block-heading\">A<\/h3><ul class=\"wpg-list-items\"><li class=\"wpg-list-item\"><a class=\"wpg-list-item-title\" title=\"Lufthockey\" href=\"https:\/\/stadiuminsight.com\/nb\/ordbok\/airhockey\/\" >Lufthockey<\/a><\/li><li class=\"wpg-list-item\"><a class=\"wpg-list-item-title\" title=\"Allsvenskan 2023\" href=\"https:\/\/stadiuminsight.com\/nb\/ordbok\/allsvenskan-2023\/\" >Allsvenskan 2023<\/a><\/li><li class=\"wpg-list-item\"><a class=\"wpg-list-item-title\" title=\"Allsvenskan tabell 2022\" href=\"https:\/\/stadiuminsight.com\/nb\/ordbok\/allsvenskan-tabell-2022\/\" >Allsvenskan tabell 2022<\/a><\/li><li class=\"wpg-list-item\"><a class=\"wpg-list-item-title\" title=\"Borteseksjon\" href=\"https:\/\/stadiuminsight.com\/nb\/ordbok\/borteseksjon\/\" >Borteseksjon<\/a><\/li><\/ul><\/div><div class=\"wpg-list-block wpg-filter-c mix\" data-filter-base=\"c\"><h3 class=\"wpg-list-block-heading\">C<\/h3><ul class=\"wpg-list-items\"><li class=\"wpg-list-item\"><a class=\"wpg-list-item-title\" title=\"Cup Online hockey\" href=\"https:\/\/stadiuminsight.com\/nb\/ordbok\/cup-online-hockey\/\" >Cup Online hockey<\/a><\/li><\/ul><\/div><div class=\"wpg-list-block wpg-filter-f mix\" data-filter-base=\"f\"><h3 class=\"wpg-list-block-heading\">F<\/h3><ul class=\"wpg-list-items\"><li class=\"wpg-list-item\"><a class=\"wpg-list-item-title\" title=\"Familieboks\" href=\"https:\/\/stadiuminsight.com\/nb\/ordbok\/familieboks\/\" >Familieboks<\/a><\/li><li class=\"wpg-list-item\"><a class=\"wpg-list-item-title\" title=\"Viftepakker\" href=\"https:\/\/stadiuminsight.com\/nb\/ordbok\/viftepakke\/\" >Viftepakker<\/a><\/li><li class=\"wpg-list-item\"><a class=\"wpg-list-item-title\" title=\"Fk Tomori Berat\" href=\"https:\/\/stadiuminsight.com\/nb\/ordbok\/fk-tomori-berat\/\" >Fk Tomori Berat<\/a><\/li><\/ul><\/div><div class=\"wpg-list-block wpg-filter-g mix\" data-filter-base=\"g\"><h3 class=\"wpg-list-block-heading\">G<\/h3><ul class=\"wpg-list-items\"><li class=\"wpg-list-item\"><a class=\"wpg-list-item-title\" title=\"Groundhopper\" href=\"https:\/\/stadiuminsight.com\/nb\/ordbok\/groundhopper\/\" >Groundhopper<\/a><\/li><li class=\"wpg-list-item\"><a class=\"wpg-list-item-title\" title=\"Gruppebillett\" href=\"https:\/\/stadiuminsight.com\/nb\/ordbok\/gruppebillett\/\" >Gruppebillett<\/a><\/li><\/ul><\/div><div class=\"wpg-list-block wpg-filter-h mix\" data-filter-base=\"h\"><h3 class=\"wpg-list-block-heading\">H<\/h3><ul class=\"wpg-list-items\"><li class=\"wpg-list-item\"><a class=\"wpg-list-item-title\" title=\"Hockeypuck\" href=\"https:\/\/stadiuminsight.com\/nb\/ordbok\/hockeypuck\/\" >Hockeypuck<\/a><\/li><li class=\"wpg-list-item\"><a class=\"wpg-list-item-title\" title=\"Hockeysokker\" href=\"https:\/\/stadiuminsight.com\/nb\/ordbok\/hockeysokker\/\" >Hockeysokker<\/a><\/li><\/ul><\/div><div class=\"wpg-list-block wpg-filter-j mix\" data-filter-base=\"j\"><h3 class=\"wpg-list-block-heading\">J<\/h3><ul class=\"wpg-list-items\"><li class=\"wpg-list-item\"><a class=\"wpg-list-item-title\" title=\"John Rooney\" href=\"https:\/\/stadiuminsight.com\/nb\/ordbok\/john-rooney\/\" >John Rooney<\/a><\/li><\/ul><\/div><div class=\"wpg-list-block wpg-filter-k mix\" data-filter-base=\"k\"><h3 class=\"wpg-list-block-heading\">K<\/h3><ul class=\"wpg-list-items\"><li class=\"wpg-list-item\"><a class=\"wpg-list-item-title\" title=\"Rabatt for barn\" href=\"https:\/\/stadiuminsight.com\/nb\/ordbok\/barnerabatt\/\" >Rabatt for barn<\/a><\/li><\/ul><\/div><div class=\"wpg-list-block wpg-filter-m mix\" data-filter-base=\"m\"><h3 class=\"wpg-list-block-heading\">M<\/h3><ul class=\"wpg-list-items\"><li class=\"wpg-list-item\"><a class=\"wpg-list-item-title\" title=\"Kampdagstilbud\" href=\"https:\/\/stadiuminsight.com\/nb\/ordbok\/kampdagstilbud\/\" >Kampdagstilbud<\/a><\/li><\/ul><\/div><div class=\"wpg-list-block wpg-filter-p mix\" data-filter-base=\"p\"><h3 class=\"wpg-list-block-heading\">P<\/h3><ul class=\"wpg-list-items\"><li class=\"wpg-list-item\"><a class=\"wpg-list-item-title\" title=\"Pitch-turer\" href=\"https:\/\/stadiuminsight.com\/nb\/ordbok\/pitchturer\/\" >Pitch-turer<\/a><\/li><li class=\"wpg-list-item\"><a class=\"wpg-list-item-title\" title=\"Po\u00e4ngst\u00e4llning i Malm\u00f6 FF\" href=\"https:\/\/stadiuminsight.com\/nb\/ordbok\/poangstallning-i-malmo-ff\/\" >Po\u00e4ngst\u00e4llning i Malm\u00f6 FF<\/a><\/li><li class=\"wpg-list-item\"><a class=\"wpg-list-item-title\" title=\"Premium-seter\" href=\"https:\/\/stadiuminsight.com\/nb\/ordbok\/premium-seter\/\" >Premium-seter<\/a><\/li><\/ul><\/div><div class=\"wpg-list-block wpg-filter-s mix\" data-filter-base=\"s\"><h3 class=\"wpg-list-block-heading\">S<\/h3><ul class=\"wpg-list-items\"><li class=\"wpg-list-item\"><a class=\"wpg-list-item-title\" title=\"Stadium Bowl\" href=\"https:\/\/stadiuminsight.com\/nb\/ordbok\/stadionskal\/\" >Stadium Bowl<\/a><\/li><li class=\"wpg-list-item\"><a class=\"wpg-list-item-title\" title=\"Studentbillett\" href=\"https:\/\/stadiuminsight.com\/nb\/ordbok\/studentbillett\/\" >Studentbillett<\/a><\/li><\/ul><\/div><div class=\"wpg-list-block wpg-filter-v mix\" data-filter-base=\"v\"><h3 class=\"wpg-list-block-heading\">V<\/h3><ul class=\"wpg-list-items\"><li class=\"wpg-list-item\"><a class=\"wpg-list-item-title\" title=\"VIP-pass\" href=\"https:\/\/stadiuminsight.com\/nb\/ordbok\/vip-pass\/\" >VIP-pass<\/a><\/li><\/ul><\/div><\/div><div class=\"wpg-clearfix\"><\/div><\/div>\n\t<\/div>\n<\/div>\n\n\n\n\n\t\t<\/div> \n\t<\/div>\n\t<\/div> \n<\/div><\/div>\n\t\t\t<\/div> \n\t\t<\/div>\n\t<\/div> \n<\/div><\/div>","protected":false},"excerpt":{"rendered":"VIP-pass HVA ER ET VIP-PASS P\u00c5 EN STADION? Et VIP-pass er en spesiell type billett som gir deg en bedre og mer komfortabel opplevelse enn et vanlig sete. Du f\u00e5r vanligvis tilgang til eksklusive omr\u00e5der, bedre seter og mat og drikke inkludert eller oppgradert. Les mer interessante beskrivelser i ordboken v\u00e5r her HVA INNEHOLDER ET VIP-PASS? Hva du f\u00e5r avhenger av klubb og stadion, men...","protected":false},"author":7,"featured_media":0,"parent":0,"menu_order":0,"comment_status":"closed","ping_status":"closed","template":"","meta":{"_acf_changed":false,"inline_featured_image":false,"_glsr_average":0,"_glsr_ranking":0,"_glsr_reviews":0,"footnotes":""},"class_list":["post-11232","page","type-page","status-publish"],"acf":[],"aioseo_notices":[],"aioseo_head":"\n\t\t<!-- All in One SEO Pro 4.8.1.1 - aioseo.com -->\n\t<meta name=\"description\" content=\"Comprehensive guide to VIP pass usage in stadiums: features, security, issuance, pricing models, and best practices for operators and guests.\" \/>\n\t<meta name=\"robots\" content=\"max-image-preview:large\" \/>\n\t<link rel=\"canonical\" href=\"https:\/\/stadiuminsight.com\/nb\/ordbok\/vip-pass\/\" \/>\n\t<meta name=\"generator\" content=\"All in One SEO Pro (AIOSEO) 4.8.1.1\" \/>\n\t\t<meta property=\"og:locale\" content=\"nb_NO\" \/>\n\t\t<meta property=\"og:site_name\" content=\"Stadiuminsight -\" \/>\n\t\t<meta property=\"og:type\" content=\"article\" \/>\n\t\t<meta property=\"og:title\" content=\"VIP Pass in Stadiums: Access, Benefits &amp; Guide\" \/>\n\t\t<meta property=\"og:description\" content=\"Comprehensive guide to VIP pass usage in stadiums: features, security, issuance, pricing models, and best practices for operators and guests.\" \/>\n\t\t<meta property=\"og:url\" content=\"https:\/\/stadiuminsight.com\/nb\/ordbok\/vip-pass\/\" \/>\n\t\t<meta property=\"article:published_time\" content=\"2025-12-07T16:55:21+00:00\" \/>\n\t\t<meta property=\"article:modified_time\" content=\"2026-02-16T17:05:10+00:00\" \/>\n\t\t<meta name=\"twitter:card\" content=\"summary_large_image\" \/>\n\t\t<meta name=\"twitter:site\" content=\"@MarekProch97105\" \/>\n\t\t<meta name=\"twitter:title\" content=\"VIP Pass in Stadiums: Access, Benefits &amp; Guide\" \/>\n\t\t<meta name=\"twitter:description\" content=\"Comprehensive guide to VIP pass usage in stadiums: features, security, issuance, pricing models, and best practices for operators and guests.\" \/>\n\t\t<meta name=\"twitter:creator\" content=\"@MarekProch97105\" \/>\n\t\t<script type=\"application\/ld+json\" class=\"aioseo-schema\">\n\t\t\t{\"@context\":\"https:\\\/\\\/schema.org\",\"@graph\":[{\"@type\":\"BreadcrumbList\",\"@id\":\"https:\\\/\\\/stadiuminsight.com\\\/nb\\\/ordbok\\\/vip-pass\\\/#breadcrumblist\",\"itemListElement\":[{\"@type\":\"ListItem\",\"@id\":\"https:\\\/\\\/stadiuminsight.com\\\/nb\\\/#listItem\",\"position\":1,\"name\":\"Home\",\"item\":\"https:\\\/\\\/stadiuminsight.com\\\/nb\\\/\",\"nextItem\":{\"@type\":\"ListItem\",\"@id\":\"https:\\\/\\\/stadiuminsight.com\\\/nb\\\/ordbok\\\/vip-pass\\\/#listItem\",\"name\":\"VIP pass\"}},{\"@type\":\"ListItem\",\"@id\":\"https:\\\/\\\/stadiuminsight.com\\\/nb\\\/ordbok\\\/vip-pass\\\/#listItem\",\"position\":2,\"name\":\"VIP pass\",\"previousItem\":{\"@type\":\"ListItem\",\"@id\":\"https:\\\/\\\/stadiuminsight.com\\\/nb\\\/#listItem\",\"name\":\"Home\"}}]},{\"@type\":\"Organization\",\"@id\":\"https:\\\/\\\/stadiuminsight.com\\\/nb\\\/#organization\",\"name\":\"Stadiuminsight\",\"url\":\"https:\\\/\\\/stadiuminsight.com\\\/nb\\\/\",\"sameAs\":[\"https:\\\/\\\/x.com\\\/MarekProch97105\",\"https:\\\/\\\/www.linkedin.com\\\/in\\\/marek-prochzka-a44875328\\\/\"]},{\"@type\":\"Person\",\"@id\":\"https:\\\/\\\/stadiuminsight.com\\\/nb\\\/post-author\\\/marek-prochazka#author\",\"url\":\"https:\\\/\\\/stadiuminsight.com\\\/nb\\\/post-author\\\/marek-prochazka\",\"name\":\"Marek Prochazka\",\"image\":{\"@type\":\"ImageObject\",\"@id\":\"https:\\\/\\\/stadiuminsight.com\\\/nb\\\/ordbok\\\/vip-pass\\\/#authorImage\",\"url\":\"https:\\\/\\\/stadiuminsight.com\\\/wp-content\\\/uploads\\\/2024\\\/07\\\/cropped-Reduced1_shutterstock_2188071443-1-e1726160946634.jpg\",\"width\":96,\"height\":96,\"caption\":\"Marek Prochazka\"}},{\"@type\":\"WebPage\",\"@id\":\"https:\\\/\\\/stadiuminsight.com\\\/nb\\\/ordbok\\\/vip-pass\\\/#webpage\",\"url\":\"https:\\\/\\\/stadiuminsight.com\\\/nb\\\/ordbok\\\/vip-pass\\\/\",\"name\":\"VIP Pass in Stadiums: Access, Benefits & Guide\",\"description\":\"Comprehensive guide to VIP pass usage in stadiums: features, security, issuance, pricing models, and best practices for operators and guests.\",\"inLanguage\":\"nb-NO\",\"isPartOf\":{\"@id\":\"https:\\\/\\\/stadiuminsight.com\\\/nb\\\/#website\"},\"breadcrumb\":{\"@id\":\"https:\\\/\\\/stadiuminsight.com\\\/nb\\\/ordbok\\\/vip-pass\\\/#breadcrumblist\"},\"author\":{\"@id\":\"https:\\\/\\\/stadiuminsight.com\\\/nb\\\/post-author\\\/marek-prochazka#author\"},\"creator\":{\"@id\":\"https:\\\/\\\/stadiuminsight.com\\\/nb\\\/post-author\\\/marek-prochazka#author\"},\"datePublished\":\"2025-12-07T16:55:21+00:00\",\"dateModified\":\"2026-02-16T17:05:10+00:00\"},{\"@type\":\"WebSite\",\"@id\":\"https:\\\/\\\/stadiuminsight.com\\\/nb\\\/#website\",\"url\":\"https:\\\/\\\/stadiuminsight.com\\\/nb\\\/\",\"name\":\"Stadiuminsight\",\"inLanguage\":\"nb-NO\",\"publisher\":{\"@id\":\"https:\\\/\\\/stadiuminsight.com\\\/nb\\\/#organization\"}}]}\n\t\t<\/script>\n\t\t<!-- All in One SEO Pro -->\r\n\t\t<title>VIP Pass in Stadiums: Access, Benefits &amp; Guide<\/title>\n\n","aioseo_head_json":{"title":"VIP-pass p\u00e5 stadioner: Tilgang, fordeler og guide","description":"Omfattende guide til bruk av VIP-pass p\u00e5 stadioner: funksjoner, sikkerhet, utstedelse, prismodeller og beste praksis for operat\u00f8rer og gjester.","canonical_url":"https:\/\/stadiuminsight.com\/nb\/ordbok\/vip-pass\/","robots":"max-image-preview:large","keywords":"","webmasterTools":{"miscellaneous":""},"schema":{"@context":"https:\/\/schema.org","@graph":[{"@type":"BreadcrumbList","@id":"https:\/\/stadiuminsight.com\/nb\/ordbok\/vip-pass\/#breadcrumblist","itemListElement":[{"@type":"ListItem","@id":"https:\/\/stadiuminsight.com\/nb\/#listItem","position":1,"name":"Home","item":"https:\/\/stadiuminsight.com\/nb\/","nextItem":{"@type":"ListItem","@id":"https:\/\/stadiuminsight.com\/nb\/ordbok\/vip-pass\/#listItem","name":"VIP pass"}},{"@type":"ListItem","@id":"https:\/\/stadiuminsight.com\/nb\/ordbok\/vip-pass\/#listItem","position":2,"name":"VIP pass","previousItem":{"@type":"ListItem","@id":"https:\/\/stadiuminsight.com\/nb\/#listItem","name":"Home"}}]},{"@type":"Organization","@id":"https:\/\/stadiuminsight.com\/nb\/#organization","name":"Stadiuminsight","url":"https:\/\/stadiuminsight.com\/nb\/","sameAs":["https:\/\/x.com\/MarekProch97105","https:\/\/www.linkedin.com\/in\/marek-prochzka-a44875328\/"]},{"@type":"Person","@id":"https:\/\/stadiuminsight.com\/nb\/post-author\/marek-prochazka#author","url":"https:\/\/stadiuminsight.com\/nb\/post-author\/marek-prochazka","name":"Marek Prochazka","image":{"@type":"ImageObject","@id":"https:\/\/stadiuminsight.com\/nb\/ordbok\/vip-pass\/#authorImage","url":"https:\/\/stadiuminsight.com\/wp-content\/uploads\/2024\/07\/cropped-Reduced1_shutterstock_2188071443-1-e1726160946634.jpg","width":96,"height":96,"caption":"Marek Prochazka"}},{"@type":"WebPage","@id":"https:\/\/stadiuminsight.com\/nb\/ordbok\/vip-pass\/#webpage","url":"https:\/\/stadiuminsight.com\/nb\/ordbok\/vip-pass\/","name":"VIP Pass in Stadiums: Access, Benefits & Guide","description":"Comprehensive guide to VIP pass usage in stadiums: features, security, issuance, pricing models, and best practices for operators and guests.","inLanguage":"nb-NO","isPartOf":{"@id":"https:\/\/stadiuminsight.com\/nb\/#website"},"breadcrumb":{"@id":"https:\/\/stadiuminsight.com\/nb\/ordbok\/vip-pass\/#breadcrumblist"},"author":{"@id":"https:\/\/stadiuminsight.com\/nb\/post-author\/marek-prochazka#author"},"creator":{"@id":"https:\/\/stadiuminsight.com\/nb\/post-author\/marek-prochazka#author"},"datePublished":"2025-12-07T16:55:21+00:00","dateModified":"2026-02-16T17:05:10+00:00"},{"@type":"WebSite","@id":"https:\/\/stadiuminsight.com\/nb\/#website","url":"https:\/\/stadiuminsight.com\/nb\/","name":"Stadiuminsight","inLanguage":"nb-NO","publisher":{"@id":"https:\/\/stadiuminsight.com\/nb\/#organization"}}]},"og:locale":"nb_NO","og:site_name":"Stadiuminsight -","og:type":"article","og:title":"VIP Pass in Stadiums: Access, Benefits &amp; Guide","og:description":"Comprehensive guide to VIP pass usage in stadiums: features, security, issuance, pricing models, and best practices for operators and guests.","og:url":"https:\/\/stadiuminsight.com\/nb\/ordbok\/vip-pass\/","article:published_time":"2025-12-07T16:55:21+00:00","article:modified_time":"2026-02-16T17:05:10+00:00","twitter:card":"summary_large_image","twitter:site":"@MarekProch97105","twitter:title":"VIP Pass in Stadiums: Access, Benefits &amp; Guide","twitter:description":"Comprehensive guide to VIP pass usage in stadiums: features, security, issuance, pricing models, and best practices for operators and guests.","twitter:creator":"@MarekProch97105"},"aioseo_meta_data":{"post_id":"11232","title":"Stadionordbok - viktige stadionbegreper og fansjargong","description":"Utforsk stadionordboken v\u00e5r med tydelige forklaringer p\u00e5 sjargong om sitteplasser, billetter, hospitality og supporteropplevelser, slik at du kan alle begrepene f\u00f8r neste kamp.","keywords":null,"keyphrases":{"focus":{"keyphrase":"Stadium dictionary","score":83,"analysis":{"keyphraseInTitle":{"score":9,"maxScore":9,"error":0},"keyphraseInDescription":{"score":9,"maxScore":9,"error":0},"keyphraseLength":{"score":9,"maxScore":9,"error":0,"length":2},"keyphraseInURL":{"score":1,"maxScore":5,"error":1},"keyphraseInIntroduction":{"score":9,"maxScore":9,"error":0},"keyphraseInSubHeadings":{"score":3,"maxScore":9,"error":1},"keyphraseInImageAlt":[],"keywordDensity":{"type":"best","score":9,"maxScore":9,"error":0}}},"additional":[]},"primary_term":null,"canonical_url":null,"og_title":null,"og_description":null,"og_object_type":"default","og_image_type":"default","og_image_url":null,"og_image_width":null,"og_image_height":null,"og_image_custom_url":null,"og_image_custom_fields":null,"og_video":"","og_custom_url":null,"og_article_section":null,"og_article_tags":null,"twitter_use_og":false,"twitter_card":"default","twitter_image_type":"default","twitter_image_url":null,"twitter_image_custom_url":null,"twitter_image_custom_fields":null,"twitter_title":null,"twitter_description":null,"schema":{"blockGraphs":[],"customGraphs":[],"default":{"data":{"Article":[],"Course":[],"Dataset":[],"FAQPage":[],"Movie":[],"Person":[],"Product":[],"ProductReview":[],"Car":[],"Recipe":[],"Service":[],"SoftwareApplication":[],"WebPage":[]},"graphName":"WebPage","isEnabled":true},"graphs":[]},"schema_type":"default","schema_type_options":null,"pillar_content":false,"robots_default":true,"robots_noindex":false,"robots_noarchive":false,"robots_nosnippet":false,"robots_nofollow":false,"robots_noimageindex":false,"robots_noodp":false,"robots_notranslate":false,"robots_max_snippet":"-1","robots_max_videopreview":"-1","robots_max_imagepreview":"large","priority":null,"frequency":"default","local_seo":null,"limit_modified_date":false,"reviewed_by":null,"open_ai":{"title":{"suggestions":[],"usage":0},"description":{"suggestions":[],"usage":0}},"created":"2025-01-16 11:26:45","updated":"2026-02-20 21:16:41"},"aioseo_breadcrumb":"<div class=\"aioseo-breadcrumbs\"><span class=\"aioseo-breadcrumb\">\n\t<a href=\"https:\/\/stadiuminsight.com\/nb\" title=\"Home\">Home<\/a>\n<\/span><span class=\"aioseo-breadcrumb-separator\">&gt;<\/span><span class=\"aioseo-breadcrumb\">\n\tDictionary\n<\/span><\/div>","aioseo_breadcrumb_json":[{"label":"Home","link":"https:\/\/stadiuminsight.com\/nb"},{"label":"Dictionary","link":"https:\/\/stadiuminsight.com\/nb\/ordbok\/"}],"_links":{"self":[{"href":"https:\/\/stadiuminsight.com\/nb\/wp-json\/wp\/v2\/pages\/11232","targetHints":{"allow":["GET"]}}],"collection":[{"href":"https:\/\/stadiuminsight.com\/nb\/wp-json\/wp\/v2\/pages"}],"about":[{"href":"https:\/\/stadiuminsight.com\/nb\/wp-json\/wp\/v2\/types\/page"}],"author":[{"embeddable":true,"href":"https:\/\/stadiuminsight.com\/nb\/wp-json\/wp\/v2\/users\/7"}],"replies":[{"embeddable":true,"href":"https:\/\/stadiuminsight.com\/nb\/wp-json\/wp\/v2\/comments?post=11232"}],"version-history":[{"count":3,"href":"https:\/\/stadiuminsight.com\/nb\/wp-json\/wp\/v2\/pages\/11232\/revisions"}],"predecessor-version":[{"id":14615,"href":"https:\/\/stadiuminsight.com\/nb\/wp-json\/wp\/v2\/pages\/11232\/revisions\/14615"}],"wp:attachment":[{"href":"https:\/\/stadiuminsight.com\/nb\/wp-json\/wp\/v2\/media?parent=11232"}],"curies":[{"name":"wp","href":"https:\/\/api.w.org\/{rel}","templated":true}]}}