{"id":10562,"date":"2024-11-26T16:56:34","date_gmt":"2024-11-26T16:56:34","guid":{"rendered":"https:\/\/stadiuminsight.com\/?page_id=10562"},"modified":"2026-02-16T18:01:49","modified_gmt":"2026-02-16T18:01:49","slug":"sitemap","status":"publish","type":"page","link":"https:\/\/stadiuminsight.com\/nb\/sitemap\/","title":{"rendered":"Sitemap"},"content":{"rendered":"<div id=\"fws_69d4c79e2c5f0\"  data-column-margin=\"default\" data-midnight=\"dark\"  class=\"wpb_row vc_row-fluid vc_row\"  style=\"padding-top: 0px; padding-bottom: 0px; \"><div class=\"row-bg-wrap\" data-bg-animation=\"none\" data-bg-animation-delay=\"\" data-bg-overlay=\"false\"><div class=\"inner-wrap row-bg-layer\" ><div class=\"row-bg viewport-desktop\"  style=\"\"><\/div><\/div><\/div><div class=\"row_col_wrap_12 col span_12 dark left\">\n\t<div  class=\"vc_col-sm-12 wpb_column column_container vc_column_container col no-extra-padding inherit_tablet inherit_phone\"  data-padding-pos=\"all\" data-has-bg-color=\"false\" data-bg-color=\"\" data-bg-opacity=\"1\" data-animation=\"\" data-delay=\"0\" >\n\t\t<div class=\"vc_column-inner\" >\n\t\t\t<div class=\"wpb_wrapper\">\n\t\t\t\t\n<div class=\"wpb_text_column wpb_content_element\" >\n\t<div class=\"wpb_wrapper\">\n\t\t<div class=\"aioseo-breadcrumbs\"><span class=\"aioseo-breadcrumb\">\n\tHjem\n<\/span><\/div>\n\t<\/div>\n<\/div>\n\n\n\n\n\t\t\t<\/div> \n\t\t<\/div>\n\t<\/div> \n<\/div><\/div>\n\t\t<div id=\"fws_69d4c79e2cc6a\"  data-column-margin=\"default\" data-midnight=\"dark\"  class=\"wpb_row vc_row-fluid vc_row\"  style=\"padding-top: 0px; padding-bottom: 0px; \"><div class=\"row-bg-wrap\" data-bg-animation=\"none\" data-bg-animation-delay=\"\" data-bg-overlay=\"false\"><div class=\"inner-wrap row-bg-layer\" ><div class=\"row-bg viewport-desktop\"  style=\"\"><\/div><\/div><\/div><div class=\"row_col_wrap_12 col span_12 dark left\">\n\t<div  class=\"vc_col-sm-12 wpb_column column_container vc_column_container col no-extra-padding inherit_tablet inherit_phone\"  data-padding-pos=\"all\" data-has-bg-color=\"false\" data-bg-color=\"\" data-bg-opacity=\"1\" data-animation=\"\" data-delay=\"0\" >\n\t\t<div class=\"vc_column-inner\" >\n\t\t\t<div class=\"wpb_wrapper\">\n\t\t\t\t<h1 style=\"text-align: left\" class=\"vc_custom_heading vc_do_custom_heading\" >Sitemap<\/h1>\n\t\t\t<\/div> \n\t\t<\/div>\n\t<\/div> \n<\/div><\/div>\n\t\t<div id=\"fws_69d4c79e2ce60\"  data-column-margin=\"none\" data-midnight=\"dark\"  class=\"wpb_row vc_row-fluid vc_row\"  style=\"padding-top: 0px; padding-bottom: 0px; \"><div class=\"row-bg-wrap\" data-bg-animation=\"none\" data-bg-animation-delay=\"\" data-bg-overlay=\"false\"><div class=\"inner-wrap row-bg-layer\" ><div class=\"row-bg viewport-desktop\"  style=\"\"><\/div><\/div><\/div><div class=\"row_col_wrap_12 col span_12 dark left\">\n\t<div  class=\"vc_col-sm-12 wpb_column column_container vc_column_container col no-extra-padding inherit_tablet inherit_phone\"  data-padding-pos=\"all\" data-has-bg-color=\"false\" data-bg-color=\"\" data-bg-opacity=\"1\" data-animation=\"\" data-delay=\"0\" >\n\t\t<div class=\"vc_column-inner\" >\n\t\t\t<div class=\"wpb_wrapper\">\n\t\t\t\t\n<div class=\"wpb_text_column wpb_content_element\" >\n\t<div class=\"wpb_wrapper\">\n\t\t<div class=\"aioseo-html-sitemap\"><style>.aioseo-html-sitemap.labels-hidden ul { margin: 0; }<\/style><div class=\"aioseo-html-post-sitemap\"><h4>Innlegg<\/h4><ul><li><a href=\"https:\/\/stadiuminsight.com\/nb\/grensepark\/\" >BOUNDARY PARK<\/a><\/li><li><a href=\"https:\/\/stadiuminsight.com\/nb\/wembley-stadion\/\" >WEMBLEY STADION<\/a><\/li><li><a href=\"https:\/\/stadiuminsight.com\/nb\/ullevaal-stadion\/\" >ULLEVAAL STADION<\/a><\/li><li><a href=\"https:\/\/stadiuminsight.com\/nb\/gateshead-internasjonale-stadion\/\" >GATESHEAD INTERNASJONALE STADION<\/a><\/li><li><a href=\"https:\/\/stadiuminsight.com\/nb\/roots-hall\/\" >ROOTS HALL<\/a><\/li><li><a href=\"https:\/\/stadiuminsight.com\/nb\/huish-park\/\" >HUISH PARK<\/a><\/li><li><a href=\"https:\/\/stadiuminsight.com\/nb\/teknikk-stadion\/\" >TEKNIKK STADION<\/a><\/li><li><a href=\"https:\/\/stadiuminsight.com\/nb\/shay-stadion\/\" >SHAY STADION<\/a><\/li><li><a href=\"https:\/\/stadiuminsight.com\/nb\/glanford-park\/\" >GLANFORD PARK<\/a><\/li><li><a href=\"https:\/\/stadiuminsight.com\/nb\/cherrywood-road\/\" >CHERRYWOOD ROAD<\/a><\/li><li><a href=\"https:\/\/stadiuminsight.com\/nb\/rekreasjonsomrade\/\" >REKREASJONSOMR\u00c5DE<\/a><\/li><li><a href=\"https:\/\/stadiuminsight.com\/nb\/ashton-gate-stadion\/\" >ASHTON GATE STADION<\/a><\/li><li><a href=\"https:\/\/stadiuminsight.com\/nb\/mose-rose\/\" >MOSS ROSE<\/a><\/li><li><a href=\"https:\/\/stadiuminsight.com\/nb\/eleda-stadion\/\" >ELEDA STADION<\/a><\/li><li><a href=\"https:\/\/stadiuminsight.com\/nb\/jordbaerarena\/\" >Strawberry Arena<\/a><\/li><li><a href=\"https:\/\/stadiuminsight.com\/nb\/tele2-arena\/\" >TELE2 ARENA<\/a><\/li><li><a href=\"https:\/\/stadiuminsight.com\/nb\/gamle-ullevi\/\" >GAMLA ULLEVI<\/a><\/li><li><a href=\"https:\/\/stadiuminsight.com\/nb\/boras-arena\/\" >BOR\u00c5S ARENA<\/a><\/li><li><a href=\"https:\/\/stadiuminsight.com\/nb\/ostgotaporten\/\" >\u00d6STG\u00d6TAPORTEN<\/a><\/li><li><a href=\"https:\/\/stadiuminsight.com\/nb\/behrn-arena\/\" >BEHRN ARENA<\/a><\/li><li><a href=\"https:\/\/stadiuminsight.com\/nb\/visma-arena\/\" >VISMA ARENA<\/a><\/li><li><a href=\"https:\/\/stadiuminsight.com\/nb\/olympia-helsingborg\/\" >OLYMPIA (HELSINGBORG)<\/a><\/li><li><a href=\"https:\/\/stadiuminsight.com\/nb\/guldfageln-arena\/\" >GULDF\u00c5GELN ARENA<\/a><\/li><li><a href=\"https:\/\/stadiuminsight.com\/nb\/intility-arena\/\" >INTILITY ARENA<\/a><\/li><li><a href=\"https:\/\/stadiuminsight.com\/nb\/brann-stadion\/\" >BRANN STADION<\/a><\/li><li><a href=\"https:\/\/stadiuminsight.com\/nb\/lerkendal-stadion\/\" >LERKENDAL STADION<\/a><\/li><li><a href=\"https:\/\/stadiuminsight.com\/nb\/arasen-stadion\/\" >\u00c5R\u00c5SEN STADION<\/a><\/li><li><a href=\"https:\/\/stadiuminsight.com\/nb\/skagerak-arena\/\" >SKAGERAK ARENA<\/a><\/li><li><a href=\"https:\/\/stadiuminsight.com\/nb\/fredrikstad-stadion\/\" >FREDRIKSTAD STADION<\/a><\/li><li><a href=\"https:\/\/stadiuminsight.com\/nb\/sor-arena\/\" >SPAREBANKEN S\u00d8R ARENA<\/a><\/li><li><a href=\"https:\/\/stadiuminsight.com\/nb\/sr-bank-arena\/\" >SR-BANK ARENA<\/a><\/li><li><a href=\"https:\/\/stadiuminsight.com\/nb\/color-line-stadion\/\" >COLOR LINE STADION<\/a><\/li><li><a href=\"https:\/\/stadiuminsight.com\/nb\/alfheim-stadion\/\" >ALFHEIM STADION<\/a><\/li><li><a href=\"https:\/\/stadiuminsight.com\/nb\/aspmyra-stadion\/\" >ASPMYRA STADION<\/a><\/li><li><a href=\"https:\/\/stadiuminsight.com\/nb\/marienlyst-stadion\/\" >MARIENLYST STADION<\/a><\/li><li><a href=\"https:\/\/stadiuminsight.com\/nb\/aker-stadion\/\" >AKER STADION<\/a><\/li><li><a href=\"https:\/\/stadiuminsight.com\/nb\/nadderud-stadion\/\" >NADDERUD STADION<\/a><\/li><li><a href=\"https:\/\/stadiuminsight.com\/nb\/sandefjord-arena\/\" >SANDEFJORD ARENA<\/a><\/li><li><a href=\"https:\/\/stadiuminsight.com\/nb\/sarpsborg-stadion\/\" >SARPSBORG STADION<\/a><\/li><li><a href=\"https:\/\/stadiuminsight.com\/nb\/cardiff-city-stadion\/\" >CARDIFF CITY STADION<\/a><\/li><li><a href=\"https:\/\/stadiuminsight.com\/nb\/bramall-lane\/\" >BRAMALL LANE<\/a><\/li><li><a href=\"https:\/\/stadiuminsight.com\/nb\/bet365-stadion\/\" >BET365 STADIUM<\/a><\/li><li><a href=\"https:\/\/stadiuminsight.com\/nb\/kristiansund-stadion\/\" >KRISTIANSUND STADION<\/a><\/li><li><a href=\"https:\/\/stadiuminsight.com\/nb\/studenternas-ip\/\" >STUDENTERNAS IP<\/a><\/li><li><a href=\"https:\/\/stadiuminsight.com\/nb\/orjans-vall\/\" >\u00d6RJANS VALL<\/a><\/li><li><a href=\"https:\/\/stadiuminsight.com\/nb\/platinumcars-arena\/\" >PLATINUMCARS ARENA<\/a><\/li><li><a href=\"https:\/\/stadiuminsight.com\/nb\/bravida-arena\/\" >BRAVIDA ARENA<\/a><\/li><li><a href=\"https:\/\/stadiuminsight.com\/nb\/finnvedsvallen\/\" >FINNVEDSVALLEN<\/a><\/li><li><a href=\"https:\/\/stadiuminsight.com\/nb\/grimsta-ip\/\" >GRIMSTA IP<\/a><\/li><li><a href=\"https:\/\/stadiuminsight.com\/nb\/falmer-stadion\/\" >FALMER STADION<\/a><\/li><li><a href=\"https:\/\/stadiuminsight.com\/nb\/landskrona-ip\/\" >LANDSKRONA IP<\/a><\/li><li><a href=\"https:\/\/stadiuminsight.com\/nb\/stora-valla\/\" >STORA VALLA<\/a><\/li><li><a href=\"https:\/\/stadiuminsight.com\/nb\/rimnersvallen\/\" >RIMNERSVALLEN<\/a><\/li><li><a href=\"https:\/\/stadiuminsight.com\/nb\/hitachi-energy-arena\/\" >HITACHI ENERGY ARENA<\/a><\/li><li><a href=\"https:\/\/stadiuminsight.com\/nb\/jamtkraft-arena\/\" >J\u00c4MTKRAFT ARENA<\/a><\/li><li><a href=\"https:\/\/stadiuminsight.com\/nb\/np3-arena\/\" >NP3 ARENA<\/a><\/li><li><a href=\"https:\/\/stadiuminsight.com\/nb\/falk-alkoholfri-arena\/\" >FALK ALKOHOLFRI ARENA<\/a><\/li><li><a href=\"https:\/\/stadiuminsight.com\/nb\/jernvallen\/\" >JERNVALLEN<\/a><\/li><li><a href=\"https:\/\/stadiuminsight.com\/nb\/umea-energi-arena\/\" >UME\u00c5 ENERGI ARENA<\/a><\/li><li><a href=\"https:\/\/stadiuminsight.com\/nb\/saab-arena\/\" >SAAB ARENA<\/a><\/li><li><a href=\"https:\/\/stadiuminsight.com\/nb\/husqvarna-hage\/\" >HUSQVARNA HAGE<\/a><\/li><li><a href=\"https:\/\/stadiuminsight.com\/nb\/lofbergs-arena\/\" >L\u00d6FBERGS ARENA<\/a><\/li><li><a href=\"https:\/\/stadiuminsight.com\/nb\/tegera-arena\/\" >TEGERA ARENA<\/a><\/li><li><a href=\"https:\/\/stadiuminsight.com\/nb\/scandinavium\/\" >SCANDINAVIUM<\/a><\/li><li><a href=\"https:\/\/stadiuminsight.com\/nb\/kukus-stadion\/\" >KUKUS STADION<\/a><\/li><li><a href=\"https:\/\/stadiuminsight.com\/nb\/monitor-erp-arena\/\" >MONITOR ERP ARENA<\/a><\/li><li><a href=\"https:\/\/stadiuminsight.com\/nb\/stadion-karadordev-park\/\" >STADION KARA\u0110OR\u0110EV PARK<\/a><\/li><li><a href=\"https:\/\/stadiuminsight.com\/nb\/strandvallen\/\" >STRANDVALLEN<\/a><\/li><li><a href=\"https:\/\/stadiuminsight.com\/nb\/ekevahallen\/\" >EKEVALLEN<\/a><\/li><li><a href=\"https:\/\/stadiuminsight.com\/nb\/orjans-vall-2\/\" >\u00d6RJANS VALL<\/a><\/li><li><a href=\"https:\/\/stadiuminsight.com\/nb\/mjornvallen-alingsas-fotballarena\/\" >MJ\u00d6RNVALLEN<\/a><\/li><li><a href=\"https:\/\/stadiuminsight.com\/nb\/hellgrenshagen\/\" >HELLGRENSHAGEN<\/a><\/li><li><a href=\"https:\/\/stadiuminsight.com\/nb\/grenadjarvallen\/\" >GRENADJ\u00c4RVALLEN<\/a><\/li><li><a href=\"https:\/\/stadiuminsight.com\/nb\/norvalla\/\" >NORVALLA<\/a><\/li><li><a href=\"https:\/\/stadiuminsight.com\/nb\/idrottsparken-svensk-idrettsarv\/\" >IDROTTSPARKEN<\/a><\/li><li><a href=\"https:\/\/stadiuminsight.com\/nb\/tomelilla-idrottsplats\/\" >TOMELILLA IDROTTSPLATS<\/a><\/li><li><a href=\"https:\/\/stadiuminsight.com\/nb\/slattens-ip\/\" >SL\u00c4TTENS IP<\/a><\/li><\/ul><\/div><br \/><div class=\"aioseo-html-page-sitemap\"><h4>Sider<\/h4><ul><li><a href=\"https:\/\/stadiuminsight.com\/nb\/\" >Hjemmeside<\/a><\/li><li><a href=\"https:\/\/stadiuminsight.com\/nb\/om-oss\/\" >Om oss<\/a><\/li><li><a href=\"https:\/\/stadiuminsight.com\/nb\/betingelser-og-regler\/\" >Betingelser og regler<\/a><\/li><li><a href=\"https:\/\/stadiuminsight.com\/nb\/kontakt-oss\/\" >Kontakt oss<\/a><\/li><li><a href=\"https:\/\/stadiuminsight.com\/nb\/retningslinjer-for-informasjonskapsler-for-stadiuminsight\/\" >Retningslinjer for informasjonskapsler for Stadiuminsight<\/a><\/li><li><a href=\"https:\/\/stadiuminsight.com\/nb\/sitemap\/\" >Sitemap<\/a><\/li><li><a href=\"https:\/\/stadiuminsight.com\/nb\/ordbok\/\" >Ordbok<\/a><\/li><li><a href=\"https:\/\/stadiuminsight.com\/nb\/personvernerklaering-for-stadiuminsight\/\" >Personvernerkl\u00e6ring for Stadiuminsight<\/a><\/li><\/ul><\/div><br \/><div class=\"aioseo-html-post-author-sitemap\"><h4>Post Forfattere<\/h4><ul><li><a href=\"https:\/\/stadiuminsight.com\/nb\/innleggsforfatter\/marek-prochazka\/\" >Marek Proch\u00e1zka<\/a><\/li><\/ul><\/div><br \/><\/div>\n\t<\/div>\n<\/div>\n\n\n\n\n\t\t\t<\/div> \n\t\t<\/div>\n\t<\/div> \n<\/div><\/div>","protected":false},"excerpt":{"rendered":"Home Sitemap PostsBOUNDARY PARKWEMBLEY STADIUMULLEVAAL STADIONGATESHEAD INTERNATIONAL STADIUMROOTS HALLHUISH PARKTECHNIQUE STADIUMTHE SHAY STADIUM\u200bGLANFORD PARKCHERRYWOOD ROADRECREATION GROUNDASHTON GATE STADIUMMOSS ROSEELEDA STADIONSTRAWBERRY ARENATELE2 ARENAGAMLA ULLEVIBOR\u00c5S ARENA\u00d6STG\u00d6TAPORTENBEHRN ARENAVISMA ARENAOLYMPIA (HELSINGBORG)\u200bGULDF\u00c5GELN ARENAINTILITY ARENABRANN STADIONLERKENDAL STADION\u00c5R\u00c5SEN STADIONSKAGERAK ARENAFREDRIKSTAD STADIONSPAREBANKEN S\u00d8R ARENASR-BANK ARENACOLOR LINE STADIONALFHEIM STADIONASPMYRA STADIONMARIENLYST STADIONAKER STADIONNADDERUD STADIONSANDEFJORD ARENASARPSBORG STADIONCARDIFF CITY STADIUMBRAMALL LANEBET365 STADIUMKRISTIANSUND STADIONSTUDENTERNAS IP\u00d6RJANS VALLPLATINUMCARS ARENABRAVIDA ARENAFINNVEDSVALLENGRIMSTA IPFALMER STADIUMLANDSKRONA IPSTORA VALLARIMNERSVALLENHITACHI ENERGY ARENAJ\u00c4MTKRAFT ARENANP3 ARENAFALCON ALKOHOLFRI ARENAJERNVALLENUME\u00c5 ENERGI ARENASAAB ARENAHUSQVARNA GARDENL\u00d6FBERGS ARENATEGERA...","protected":false},"author":7,"featured_media":0,"parent":0,"menu_order":0,"comment_status":"closed","ping_status":"closed","template":"","meta":{"_acf_changed":false,"inline_featured_image":false,"_glsr_average":0,"_glsr_ranking":0,"_glsr_reviews":0,"footnotes":""},"class_list":["post-10562","page","type-page","status-publish"],"acf":[],"aioseo_notices":[],"aioseo_head":"\n\t\t<!-- All in One SEO Pro 4.8.1.1 - aioseo.com -->\n\t<meta name=\"description\" content=\"Sitemap get a complete overview of stadiuminsight.com\u2019s sections, guides, and resources. Quickly find information, community discussions, and knowledge across the site.\" \/>\n\t<meta name=\"robots\" content=\"max-image-preview:large\" \/>\n\t<link rel=\"canonical\" href=\"https:\/\/stadiuminsight.com\/nb\/sitemap\/\" \/>\n\t<meta name=\"generator\" content=\"All in One SEO Pro (AIOSEO) 4.8.1.1\" \/>\n\t\t<meta property=\"og:locale\" content=\"nb_NO\" \/>\n\t\t<meta property=\"og:site_name\" content=\"Stadiuminsight -\" \/>\n\t\t<meta property=\"og:type\" content=\"article\" \/>\n\t\t<meta property=\"og:title\" content=\"Get a complete overview of Stadiuminsight.com\u2019s sections\" \/>\n\t\t<meta property=\"og:description\" content=\"Sitemap get a complete overview of stadiuminsight.com\u2019s sections, guides, and resources. Quickly find information, community discussions, and knowledge across the site.\" \/>\n\t\t<meta property=\"og:url\" content=\"https:\/\/stadiuminsight.com\/nb\/sitemap\/\" \/>\n\t\t<meta property=\"article:published_time\" content=\"2024-11-26T16:56:34+00:00\" \/>\n\t\t<meta property=\"article:modified_time\" content=\"2026-02-16T18:01:49+00:00\" \/>\n\t\t<meta name=\"twitter:card\" content=\"summary_large_image\" \/>\n\t\t<meta name=\"twitter:site\" content=\"@MarekProch97105\" \/>\n\t\t<meta name=\"twitter:title\" content=\"Get a complete overview of Stadiuminsight.com\u2019s sections\" \/>\n\t\t<meta name=\"twitter:description\" content=\"Sitemap get a complete overview of stadiuminsight.com\u2019s sections, guides, and resources. Quickly find information, community discussions, and knowledge across the site.\" \/>\n\t\t<meta name=\"twitter:creator\" content=\"@MarekProch97105\" \/>\n\t\t<script type=\"application\/ld+json\" class=\"aioseo-schema\">\n\t\t\t{\"@context\":\"https:\\\/\\\/schema.org\",\"@graph\":[{\"@type\":\"BreadcrumbList\",\"@id\":\"https:\\\/\\\/stadiuminsight.com\\\/nb\\\/sitemap\\\/#breadcrumblist\",\"itemListElement\":[{\"@type\":\"ListItem\",\"@id\":\"https:\\\/\\\/stadiuminsight.com\\\/nb\\\/#listItem\",\"position\":1,\"name\":\"Home\",\"item\":\"https:\\\/\\\/stadiuminsight.com\\\/nb\\\/\",\"nextItem\":{\"@type\":\"ListItem\",\"@id\":\"https:\\\/\\\/stadiuminsight.com\\\/nb\\\/sitemap\\\/#listItem\",\"name\":\"Sitemap\"}},{\"@type\":\"ListItem\",\"@id\":\"https:\\\/\\\/stadiuminsight.com\\\/nb\\\/sitemap\\\/#listItem\",\"position\":2,\"name\":\"Sitemap\",\"previousItem\":{\"@type\":\"ListItem\",\"@id\":\"https:\\\/\\\/stadiuminsight.com\\\/nb\\\/#listItem\",\"name\":\"Home\"}}]},{\"@type\":\"Organization\",\"@id\":\"https:\\\/\\\/stadiuminsight.com\\\/nb\\\/#organization\",\"name\":\"Stadiuminsight\",\"url\":\"https:\\\/\\\/stadiuminsight.com\\\/nb\\\/\",\"sameAs\":[\"https:\\\/\\\/x.com\\\/MarekProch97105\",\"https:\\\/\\\/www.linkedin.com\\\/in\\\/marek-prochzka-a44875328\\\/\"]},{\"@type\":\"WebPage\",\"@id\":\"https:\\\/\\\/stadiuminsight.com\\\/nb\\\/sitemap\\\/#webpage\",\"url\":\"https:\\\/\\\/stadiuminsight.com\\\/nb\\\/sitemap\\\/\",\"name\":\"Get a complete overview of Stadiuminsight.com\\u2019s sections\",\"description\":\"Sitemap get a complete overview of stadiuminsight.com\\u2019s sections, guides, and resources. Quickly find information, community discussions, and knowledge across the site.\",\"inLanguage\":\"nb-NO\",\"isPartOf\":{\"@id\":\"https:\\\/\\\/stadiuminsight.com\\\/nb\\\/#website\"},\"breadcrumb\":{\"@id\":\"https:\\\/\\\/stadiuminsight.com\\\/nb\\\/sitemap\\\/#breadcrumblist\"},\"datePublished\":\"2024-11-26T16:56:34+00:00\",\"dateModified\":\"2026-02-16T18:01:49+00:00\"},{\"@type\":\"WebSite\",\"@id\":\"https:\\\/\\\/stadiuminsight.com\\\/nb\\\/#website\",\"url\":\"https:\\\/\\\/stadiuminsight.com\\\/nb\\\/\",\"name\":\"Stadiuminsight\",\"inLanguage\":\"nb-NO\",\"publisher\":{\"@id\":\"https:\\\/\\\/stadiuminsight.com\\\/nb\\\/#organization\"}}]}\n\t\t<\/script>\n\t\t<!-- All in One SEO Pro -->\r\n\t\t<title>Get a complete overview of Stadiuminsight.com\u2019s sections<\/title>\n\n","aioseo_head_json":{"title":"F\u00e5 en fullstendig oversikt over Stadiuminsight.coms seksjoner","description":"Sitemap f\u00e5r du en fullstendig oversikt over stadioninsight.coms seksjoner, guider og ressurser. Finn raskt informasjon, diskusjoner og kunnskap p\u00e5 hele nettstedet.","canonical_url":"https:\/\/stadiuminsight.com\/nb\/sitemap\/","robots":"max-image-preview:large","keywords":"","webmasterTools":{"miscellaneous":""},"schema":{"@context":"https:\/\/schema.org","@graph":[{"@type":"BreadcrumbList","@id":"https:\/\/stadiuminsight.com\/nb\/sitemap\/#breadcrumblist","itemListElement":[{"@type":"ListItem","@id":"https:\/\/stadiuminsight.com\/nb\/#listItem","position":1,"name":"Home","item":"https:\/\/stadiuminsight.com\/nb\/","nextItem":{"@type":"ListItem","@id":"https:\/\/stadiuminsight.com\/nb\/sitemap\/#listItem","name":"Sitemap"}},{"@type":"ListItem","@id":"https:\/\/stadiuminsight.com\/nb\/sitemap\/#listItem","position":2,"name":"Sitemap","previousItem":{"@type":"ListItem","@id":"https:\/\/stadiuminsight.com\/nb\/#listItem","name":"Home"}}]},{"@type":"Organization","@id":"https:\/\/stadiuminsight.com\/nb\/#organization","name":"Stadiuminsight","url":"https:\/\/stadiuminsight.com\/nb\/","sameAs":["https:\/\/x.com\/MarekProch97105","https:\/\/www.linkedin.com\/in\/marek-prochzka-a44875328\/"]},{"@type":"WebPage","@id":"https:\/\/stadiuminsight.com\/nb\/sitemap\/#webpage","url":"https:\/\/stadiuminsight.com\/nb\/sitemap\/","name":"Get a complete overview of Stadiuminsight.com\u2019s sections","description":"Sitemap get a complete overview of stadiuminsight.com\u2019s sections, guides, and resources. Quickly find information, community discussions, and knowledge across the site.","inLanguage":"nb-NO","isPartOf":{"@id":"https:\/\/stadiuminsight.com\/nb\/#website"},"breadcrumb":{"@id":"https:\/\/stadiuminsight.com\/nb\/sitemap\/#breadcrumblist"},"datePublished":"2024-11-26T16:56:34+00:00","dateModified":"2026-02-16T18:01:49+00:00"},{"@type":"WebSite","@id":"https:\/\/stadiuminsight.com\/nb\/#website","url":"https:\/\/stadiuminsight.com\/nb\/","name":"Stadiuminsight","inLanguage":"nb-NO","publisher":{"@id":"https:\/\/stadiuminsight.com\/nb\/#organization"}}]},"og:locale":"nb_NO","og:site_name":"Stadiuminsight -","og:type":"article","og:title":"Get a complete overview of Stadiuminsight.com\u2019s sections","og:description":"Sitemap get a complete overview of stadiuminsight.com\u2019s sections, guides, and resources. Quickly find information, community discussions, and knowledge across the site.","og:url":"https:\/\/stadiuminsight.com\/nb\/sitemap\/","article:published_time":"2024-11-26T16:56:34+00:00","article:modified_time":"2026-02-16T18:01:49+00:00","twitter:card":"summary_large_image","twitter:site":"@MarekProch97105","twitter:title":"Get a complete overview of Stadiuminsight.com\u2019s sections","twitter:description":"Sitemap get a complete overview of stadiuminsight.com\u2019s sections, guides, and resources. Quickly find information, community discussions, and knowledge across the site.","twitter:creator":"@MarekProch97105"},"aioseo_meta_data":{"post_id":"10562","title":"F\u00e5 en fullstendig oversikt over Stadiuminsight.coms seksjoner","description":"Sitemap f\u00e5r du en fullstendig oversikt over stadioninsight.coms seksjoner, guider og ressurser. Finn raskt informasjon, diskusjoner og kunnskap p\u00e5 hele nettstedet.","keywords":null,"keyphrases":{"focus":{"keyphrase":"Sitemap","score":76,"analysis":{"keyphraseInTitle":{"score":3,"maxScore":9,"error":1},"keyphraseInDescription":{"score":9,"maxScore":9,"error":0},"keyphraseLength":{"score":9,"maxScore":9,"error":0,"length":1},"keyphraseInURL":{"score":5,"maxScore":5,"error":0},"keyphraseInIntroduction":{"score":3,"maxScore":9,"error":1},"keyphraseInSubHeadings":[],"keyphraseInImageAlt":[],"keywordDensity":{"type":"best","score":9,"maxScore":9,"error":0}}},"additional":[]},"primary_term":null,"canonical_url":null,"og_title":null,"og_description":null,"og_object_type":"default","og_image_type":"default","og_image_url":null,"og_image_width":null,"og_image_height":null,"og_image_custom_url":null,"og_image_custom_fields":null,"og_video":"","og_custom_url":null,"og_article_section":null,"og_article_tags":null,"twitter_use_og":false,"twitter_card":"default","twitter_image_type":"default","twitter_image_url":null,"twitter_image_custom_url":null,"twitter_image_custom_fields":null,"twitter_title":null,"twitter_description":null,"schema":{"blockGraphs":[],"customGraphs":[],"default":{"data":{"Article":[],"Course":[],"Dataset":[],"FAQPage":[],"Movie":[],"Person":[],"Product":[],"ProductReview":[],"Car":[],"Recipe":[],"Service":[],"SoftwareApplication":[],"WebPage":[]},"graphName":"WebPage","isEnabled":true},"graphs":[]},"schema_type":"default","schema_type_options":null,"pillar_content":false,"robots_default":true,"robots_noindex":false,"robots_noarchive":false,"robots_nosnippet":false,"robots_nofollow":false,"robots_noimageindex":false,"robots_noodp":false,"robots_notranslate":false,"robots_max_snippet":"-1","robots_max_videopreview":"-1","robots_max_imagepreview":"large","priority":null,"frequency":"default","local_seo":null,"limit_modified_date":false,"reviewed_by":null,"open_ai":{"title":{"suggestions":[],"usage":0},"description":{"suggestions":[],"usage":0}},"created":"2024-11-26 16:56:34","updated":"2026-02-16 18:05:09"},"aioseo_breadcrumb":"<div class=\"aioseo-breadcrumbs\"><span class=\"aioseo-breadcrumb\">\n\t<a href=\"https:\/\/stadiuminsight.com\/nb\" title=\"Home\">Home<\/a>\n<\/span><span class=\"aioseo-breadcrumb-separator\">&gt;<\/span><span class=\"aioseo-breadcrumb\">\n\tSitemap\n<\/span><\/div>","aioseo_breadcrumb_json":[{"label":"Home","link":"https:\/\/stadiuminsight.com\/nb"},{"label":"Sitemap","link":"https:\/\/stadiuminsight.com\/nb\/sitemap\/"}],"_links":{"self":[{"href":"https:\/\/stadiuminsight.com\/nb\/wp-json\/wp\/v2\/pages\/10562","targetHints":{"allow":["GET"]}}],"collection":[{"href":"https:\/\/stadiuminsight.com\/nb\/wp-json\/wp\/v2\/pages"}],"about":[{"href":"https:\/\/stadiuminsight.com\/nb\/wp-json\/wp\/v2\/types\/page"}],"author":[{"embeddable":true,"href":"https:\/\/stadiuminsight.com\/nb\/wp-json\/wp\/v2\/users\/7"}],"replies":[{"embeddable":true,"href":"https:\/\/stadiuminsight.com\/nb\/wp-json\/wp\/v2\/comments?post=10562"}],"version-history":[{"count":1,"href":"https:\/\/stadiuminsight.com\/nb\/wp-json\/wp\/v2\/pages\/10562\/revisions"}],"predecessor-version":[{"id":14524,"href":"https:\/\/stadiuminsight.com\/nb\/wp-json\/wp\/v2\/pages\/10562\/revisions\/14524"}],"wp:attachment":[{"href":"https:\/\/stadiuminsight.com\/nb\/wp-json\/wp\/v2\/media?parent=10562"}],"curies":[{"name":"wp","href":"https:\/\/api.w.org\/{rel}","templated":true}]}}