{"id":10316,"date":"2024-11-07T14:42:01","date_gmt":"2024-11-07T14:42:01","guid":{"rendered":"https:\/\/stadiuminsight.com\/?page_id=10316"},"modified":"2025-10-06T22:58:07","modified_gmt":"2025-10-06T22:58:07","slug":"retningslinjer-for-informasjonskapsler-for-stadiuminsight","status":"publish","type":"page","link":"https:\/\/stadiuminsight.com\/nb\/retningslinjer-for-informasjonskapsler-for-stadiuminsight\/","title":{"rendered":"Retningslinjer for informasjonskapsler for Stadiuminsight"},"content":{"rendered":"<div id=\"fws_69d65debc0b25\"  data-column-margin=\"default\" data-midnight=\"dark\"  class=\"wpb_row vc_row-fluid vc_row\"  style=\"padding-top: 0px; padding-bottom: 0px; \"><div class=\"row-bg-wrap\" data-bg-animation=\"none\" data-bg-animation-delay=\"\" data-bg-overlay=\"false\"><div class=\"inner-wrap row-bg-layer\" ><div class=\"row-bg viewport-desktop\"  style=\"\"><\/div><\/div><\/div><div class=\"row_col_wrap_12 col span_12 dark left\">\n\t<div  class=\"vc_col-sm-12 wpb_column column_container vc_column_container col no-extra-padding inherit_tablet inherit_phone\"  data-padding-pos=\"all\" data-has-bg-color=\"false\" data-bg-color=\"\" data-bg-opacity=\"1\" data-animation=\"\" data-delay=\"0\" >\n\t\t<div class=\"vc_column-inner\" >\n\t\t\t<div class=\"wpb_wrapper\">\n\t\t\t\t\n<div class=\"wpb_text_column wpb_content_element\" >\n\t<div class=\"wpb_wrapper\">\n\t\t<div class=\"aioseo-breadcrumbs\"><span class=\"aioseo-breadcrumb\">\n\tHjem\n<\/span><\/div>\n\t<\/div>\n<\/div>\n\n\n\n\n\t\t\t<\/div> \n\t\t<\/div>\n\t<\/div> \n<\/div><\/div>\n\t\t<div id=\"fws_69d65debc19d6\"  data-column-margin=\"default\" data-midnight=\"dark\"  class=\"wpb_row vc_row-fluid vc_row\"  style=\"padding-top: 0px; padding-bottom: 0px; \"><div class=\"row-bg-wrap\" data-bg-animation=\"none\" data-bg-animation-delay=\"\" data-bg-overlay=\"false\"><div class=\"inner-wrap row-bg-layer\" ><div class=\"row-bg viewport-desktop\"  style=\"\"><\/div><\/div><\/div><div class=\"row_col_wrap_12 col span_12 dark left\">\n\t<div  class=\"vc_col-sm-12 wpb_column column_container vc_column_container col no-extra-padding inherit_tablet inherit_phone\"  data-padding-pos=\"all\" data-has-bg-color=\"false\" data-bg-color=\"\" data-bg-opacity=\"1\" data-animation=\"\" data-delay=\"0\" >\n\t\t<div class=\"vc_column-inner\" >\n\t\t\t<div class=\"wpb_wrapper\">\n\t\t\t\t\n<div class=\"wpb_text_column wpb_content_element\" >\n\t<div class=\"wpb_wrapper\">\n\t\t\t<\/div>\n<\/div>\n\n\n\n\n\t\t\t<\/div> \n\t\t<\/div>\n\t<\/div> \n<\/div><\/div>\n\t\t<div id=\"fws_69d65debc20e9\"  data-column-margin=\"default\" data-midnight=\"dark\"  class=\"wpb_row vc_row-fluid vc_row\"  style=\"padding-top: 0px; padding-bottom: 0px; \"><div class=\"row-bg-wrap\" data-bg-animation=\"none\" data-bg-animation-delay=\"\" data-bg-overlay=\"false\"><div class=\"inner-wrap row-bg-layer\" ><div class=\"row-bg viewport-desktop\"  style=\"\"><\/div><\/div><\/div><div class=\"row_col_wrap_12 col span_12 dark left\">\n\t<div  class=\"vc_col-sm-12 wpb_column column_container vc_column_container col no-extra-padding inherit_tablet inherit_phone\"  data-padding-pos=\"all\" data-has-bg-color=\"false\" data-bg-color=\"\" data-bg-opacity=\"1\" data-animation=\"\" data-delay=\"0\" >\n\t\t<div class=\"vc_column-inner\" >\n\t\t\t<div class=\"wpb_wrapper\">\n\t\t\t\t\n<div class=\"wpb_text_column wpb_content_element\" >\n\t<div class=\"wpb_wrapper\">\n\t\t<h2>Retningslinjer for informasjonskapsler for StadiumInsight.com<\/h2>\n<p>Disse retningslinjene for informasjonskapsler forklarer hvordan StadiumInsight.com bruker informasjonskapsler og lignende teknologier for \u00e5 gjenkjenne deg n\u00e5r du bes\u00f8ker nettstedet v\u00e5rt. Den beskriver hva informasjonskapsler er, hvorfor vi bruker dem, og dine rettigheter til \u00e5 kontrollere bruken av dem.<\/p>\n<h3>Hva er informasjonskapsler?<\/h3>\n<p>Informasjonskapsler er sm\u00e5 tekstfiler som lagres p\u00e5 datamaskinen eller mobilenheten din n\u00e5r du bes\u00f8ker et nettsted. De bidrar til \u00e5 sikre at nettstedet fungerer som det skal, forbedrer brukeropplevelsen og samler inn informasjon om hvordan bes\u00f8kende samhandler med nettstedet.<\/p>\n<h3>Hvorfor bruker vi informasjonskapsler?<\/h3>\n<ul>\n<li>Vi bruker informasjonskapsler for \u00e5 sikre at StadiumInsight.com fungerer som tiltenkt, for \u00e5 forbedre ytelsen og for \u00e5 gi en mer personlig tilpasset opplevelse. Informasjonskapslene vi bruker inkluderer:<\/li>\n<li>N\u00f8dvendige informasjonskapsler - muliggj\u00f8r kjernefunksjonalitet som sikker navigering og tilgang til viktige funksjoner.<\/li>\n<li>Ytelsesinformasjonskapsler - Samler inn anonymiserte data om bes\u00f8kendes aktivitet, slik at vi kan forst\u00e5 hvordan nettstedet brukes og hvordan vi kan forbedre det.<\/li>\n<li>Funksjonalitetsinformasjonskapsler - Husk preferansene dine, for eksempel spr\u00e5k eller region, for \u00e5 gi deg en skreddersydd opplevelse.<\/li>\n<li>Informasjonskapsler for markedsf\u00f8ring - levere relevant innhold, kampanjer eller informasjon om arrangementer, og m\u00e5le hvor vellykket markedsf\u00f8ringsarbeidet v\u00e5rt er.<\/li>\n<\/ul>\n<h3>Hvilke typer informasjonskapsler bruker vi?<\/h3>\n<p>F\u00f8rsteparts informasjonskapsler - Opprettet av StadiumInsight.com for \u00e5 optimalisere og tilpasse opplevelsen din.<\/p>\n<p>Tredjeparts informasjonskapsler - Opprettet av betrodde partnere som tilbyr tjenester som analyse, markedsf\u00f8ring eller innebygd innhold.<\/p>\n<h3>Hvordan kan du kontrollere informasjonskapsler?<\/h3>\n<p>Du bestemmer selv hvilke informasjonskapsler du vil godta. Det kan du selv gj\u00f8re:<\/p>\n<p>Juster nettleserinnstillingene - Blokker eller slett informasjonskapsler via nettleserens innstillinger. Merk at enkelte funksjoner p\u00e5 nettstedet kanskje ikke fungerer som de skal hvis informasjonskapsler er deaktivert.<\/p>\n<p>Avmelding fra tredjeparter - Enkelte tredjeparts informasjonskapsler har egne avmeldingsalternativer, som er tilgjengelige direkte fra disse leverand\u00f8rene.<\/p>\n<h3>Oppdateringer av disse retningslinjene<\/h3>\n<p>Vi kan oppdatere disse retningslinjene fra tid til annen, for eksempel hvis bruken av informasjonskapsler endres eller hvis lovkravene oppdateres. Vennligst sjekk denne siden med jevne mellomrom for oppdateringer.<\/p>\n<h3>Kontakt oss<\/h3>\n<p>Hvis du har sp\u00f8rsm\u00e5l eller bekymringer om v\u00e5r bruk av informasjonskapsler, kan du kontakte oss via informasjonen p\u00e5 StadiumInsight.com.<\/p>\n\t<\/div>\n<\/div>\n\n\n\n\n\t\t\t<\/div> \n\t\t<\/div>\n\t<\/div> \n<\/div><\/div>","protected":false},"excerpt":{"rendered":"Home Retningslinjer for informasjonskapsler for StadiumInsight.com Disse retningslinjene for informasjonskapsler forklarer hvordan StadiumInsight.com bruker informasjonskapsler og lignende teknologier for \u00e5 gjenkjenne deg n\u00e5r du bes\u00f8ker nettstedet v\u00e5rt. Den beskriver hva informasjonskapsler er, hvorfor vi bruker dem, og dine rettigheter til \u00e5 kontrollere bruken av dem. Hva er informasjonskapsler? Informasjonskapsler er sm\u00e5 tekstfiler som lagres p\u00e5 datamaskinen eller mobilenheten din n\u00e5r du bes\u00f8ker et nettsted. De bidrar til \u00e5 sikre at nettstedet fungerer som det skal, forbedrer brukeropplevelsen,...","protected":false},"author":7,"featured_media":0,"parent":0,"menu_order":0,"comment_status":"closed","ping_status":"closed","template":"","meta":{"_acf_changed":false,"inline_featured_image":false,"_glsr_average":0,"_glsr_ranking":0,"_glsr_reviews":0,"footnotes":""},"class_list":["post-10316","page","type-page","status-publish"],"acf":[],"aioseo_notices":[],"aioseo_head":"\n\t\t<!-- All in One SEO Pro 4.8.1.1 - aioseo.com -->\n\t<meta name=\"description\" content=\"Read our cookie policy to learn how StadiumInsight uses cookies to enhance your browsing experience and protect your personal information online.\" \/>\n\t<meta name=\"robots\" content=\"max-image-preview:large\" \/>\n\t<link rel=\"canonical\" href=\"https:\/\/stadiuminsight.com\/nb\/retningslinjer-for-informasjonskapsler-for-stadiuminsight\/\" \/>\n\t<meta name=\"generator\" content=\"All in One SEO Pro (AIOSEO) 4.8.1.1\" \/>\n\t\t<meta property=\"og:locale\" content=\"nb_NO\" \/>\n\t\t<meta property=\"og:site_name\" content=\"Stadiuminsight -\" \/>\n\t\t<meta property=\"og:type\" content=\"website\" \/>\n\t\t<meta property=\"og:title\" content=\"Cookie Policy for StadiumInsight \u2013 Protecting Your Data\" \/>\n\t\t<meta property=\"og:description\" content=\"Read our cookie policy to learn how StadiumInsight uses cookies to enhance your browsing experience and protect your personal information online.\" \/>\n\t\t<meta property=\"og:url\" content=\"https:\/\/stadiuminsight.com\/nb\/retningslinjer-for-informasjonskapsler-for-stadiuminsight\/\" \/>\n\t\t<meta name=\"twitter:card\" content=\"summary_large_image\" \/>\n\t\t<meta name=\"twitter:site\" content=\"@MarekProch97105\" \/>\n\t\t<meta name=\"twitter:title\" content=\"Cookie Policy for StadiumInsight \u2013 Protecting Your Data\" \/>\n\t\t<meta name=\"twitter:description\" content=\"Read our cookie policy to learn how StadiumInsight uses cookies to enhance your browsing experience and protect your personal information online.\" \/>\n\t\t<meta name=\"twitter:creator\" content=\"@MarekProch97105\" \/>\n\t\t<script type=\"application\/ld+json\" class=\"aioseo-schema\">\n\t\t\t{\"@context\":\"https:\\\/\\\/schema.org\",\"@graph\":[{\"@type\":\"BreadcrumbList\",\"@id\":\"https:\\\/\\\/stadiuminsight.com\\\/nb\\\/retningslinjer-for-informasjonskapsler-for-stadiuminsight\\\/#breadcrumblist\",\"itemListElement\":[{\"@type\":\"ListItem\",\"@id\":\"https:\\\/\\\/stadiuminsight.com\\\/nb\\\/#listItem\",\"position\":1,\"name\":\"Home\",\"item\":\"https:\\\/\\\/stadiuminsight.com\\\/nb\\\/\",\"nextItem\":{\"@type\":\"ListItem\",\"@id\":\"https:\\\/\\\/stadiuminsight.com\\\/nb\\\/retningslinjer-for-informasjonskapsler-for-stadiuminsight\\\/#listItem\",\"name\":\"Cookie policy for Stadiuminsight\"}},{\"@type\":\"ListItem\",\"@id\":\"https:\\\/\\\/stadiuminsight.com\\\/nb\\\/retningslinjer-for-informasjonskapsler-for-stadiuminsight\\\/#listItem\",\"position\":2,\"name\":\"Cookie policy for Stadiuminsight\",\"previousItem\":{\"@type\":\"ListItem\",\"@id\":\"https:\\\/\\\/stadiuminsight.com\\\/nb\\\/#listItem\",\"name\":\"Home\"}}]},{\"@type\":\"Organization\",\"@id\":\"https:\\\/\\\/stadiuminsight.com\\\/nb\\\/#organization\",\"name\":\"Stadiuminsight\",\"url\":\"https:\\\/\\\/stadiuminsight.com\\\/nb\\\/\",\"sameAs\":[\"https:\\\/\\\/x.com\\\/MarekProch97105\",\"https:\\\/\\\/www.linkedin.com\\\/in\\\/marek-prochzka-a44875328\\\/\"]},{\"@type\":\"WebPage\",\"@id\":\"https:\\\/\\\/stadiuminsight.com\\\/nb\\\/retningslinjer-for-informasjonskapsler-for-stadiuminsight\\\/#webpage\",\"url\":\"https:\\\/\\\/stadiuminsight.com\\\/nb\\\/retningslinjer-for-informasjonskapsler-for-stadiuminsight\\\/\",\"name\":\"Cookie Policy for StadiumInsight \\u2013 Protecting Your Data\",\"description\":\"Read our cookie policy to learn how StadiumInsight uses cookies to enhance your browsing experience and protect your personal information online.\",\"inLanguage\":\"nb-NO\",\"isPartOf\":{\"@id\":\"https:\\\/\\\/stadiuminsight.com\\\/nb\\\/#website\"},\"breadcrumb\":{\"@id\":\"https:\\\/\\\/stadiuminsight.com\\\/nb\\\/retningslinjer-for-informasjonskapsler-for-stadiuminsight\\\/#breadcrumblist\"},\"datePublished\":\"2024-11-07T14:42:01+00:00\",\"dateModified\":\"2025-10-06T22:58:07+00:00\"},{\"@type\":\"WebSite\",\"@id\":\"https:\\\/\\\/stadiuminsight.com\\\/nb\\\/#website\",\"url\":\"https:\\\/\\\/stadiuminsight.com\\\/nb\\\/\",\"name\":\"Stadiuminsight\",\"inLanguage\":\"nb-NO\",\"publisher\":{\"@id\":\"https:\\\/\\\/stadiuminsight.com\\\/nb\\\/#organization\"}}]}\n\t\t<\/script>\n\t\t<!-- All in One SEO Pro -->\r\n\t\t<title>Cookie Policy for StadiumInsight \u2013 Protecting Your Data<\/title>\n\n","aioseo_head_json":{"title":"Retningslinjer for informasjonskapsler for StadiumInsight - Beskyttelse av dine data","description":"Les v\u00e5re retningslinjer for informasjonskapsler for \u00e5 finne ut hvordan StadiumInsight bruker informasjonskapsler for \u00e5 forbedre nettleseropplevelsen din og beskytte din personlige informasjon p\u00e5 nettet.","canonical_url":"https:\/\/stadiuminsight.com\/nb\/retningslinjer-for-informasjonskapsler-for-stadiuminsight\/","robots":"max-image-preview:large","keywords":"","webmasterTools":{"miscellaneous":""},"schema":{"@context":"https:\/\/schema.org","@graph":[{"@type":"BreadcrumbList","@id":"https:\/\/stadiuminsight.com\/nb\/retningslinjer-for-informasjonskapsler-for-stadiuminsight\/#breadcrumblist","itemListElement":[{"@type":"ListItem","@id":"https:\/\/stadiuminsight.com\/nb\/#listItem","position":1,"name":"Home","item":"https:\/\/stadiuminsight.com\/nb\/","nextItem":{"@type":"ListItem","@id":"https:\/\/stadiuminsight.com\/nb\/retningslinjer-for-informasjonskapsler-for-stadiuminsight\/#listItem","name":"Cookie policy for Stadiuminsight"}},{"@type":"ListItem","@id":"https:\/\/stadiuminsight.com\/nb\/retningslinjer-for-informasjonskapsler-for-stadiuminsight\/#listItem","position":2,"name":"Cookie policy for Stadiuminsight","previousItem":{"@type":"ListItem","@id":"https:\/\/stadiuminsight.com\/nb\/#listItem","name":"Home"}}]},{"@type":"Organization","@id":"https:\/\/stadiuminsight.com\/nb\/#organization","name":"Stadiuminsight","url":"https:\/\/stadiuminsight.com\/nb\/","sameAs":["https:\/\/x.com\/MarekProch97105","https:\/\/www.linkedin.com\/in\/marek-prochzka-a44875328\/"]},{"@type":"WebPage","@id":"https:\/\/stadiuminsight.com\/nb\/retningslinjer-for-informasjonskapsler-for-stadiuminsight\/#webpage","url":"https:\/\/stadiuminsight.com\/nb\/retningslinjer-for-informasjonskapsler-for-stadiuminsight\/","name":"Cookie Policy for StadiumInsight \u2013 Protecting Your Data","description":"Read our cookie policy to learn how StadiumInsight uses cookies to enhance your browsing experience and protect your personal information online.","inLanguage":"nb-NO","isPartOf":{"@id":"https:\/\/stadiuminsight.com\/nb\/#website"},"breadcrumb":{"@id":"https:\/\/stadiuminsight.com\/nb\/retningslinjer-for-informasjonskapsler-for-stadiuminsight\/#breadcrumblist"},"datePublished":"2024-11-07T14:42:01+00:00","dateModified":"2025-10-06T22:58:07+00:00"},{"@type":"WebSite","@id":"https:\/\/stadiuminsight.com\/nb\/#website","url":"https:\/\/stadiuminsight.com\/nb\/","name":"Stadiuminsight","inLanguage":"nb-NO","publisher":{"@id":"https:\/\/stadiuminsight.com\/nb\/#organization"}}]},"og:locale":"nb_NO","og:site_name":"Stadiuminsight -","og:type":"website","og:title":"Cookie Policy for StadiumInsight \u2013 Protecting Your Data","og:description":"Read our cookie policy to learn how StadiumInsight uses cookies to enhance your browsing experience and protect your personal information online.","og:url":"https:\/\/stadiuminsight.com\/nb\/retningslinjer-for-informasjonskapsler-for-stadiuminsight\/","twitter:card":"summary_large_image","twitter:site":"@MarekProch97105","twitter:title":"Cookie Policy for StadiumInsight \u2013 Protecting Your Data","twitter:description":"Read our cookie policy to learn how StadiumInsight uses cookies to enhance your browsing experience and protect your personal information online.","twitter:creator":"@MarekProch97105"},"aioseo_meta_data":{"post_id":"10316","title":"Retningslinjer for informasjonskapsler for StadiumInsight - Beskyttelse av dine data","description":"Les v\u00e5re retningslinjer for informasjonskapsler for \u00e5 finne ut hvordan StadiumInsight bruker informasjonskapsler for \u00e5 forbedre nettleseropplevelsen din og beskytte din personlige informasjon p\u00e5 nettet.","keywords":null,"keyphrases":{"focus":{"keyphrase":"cookie policy","score":90,"analysis":{"keyphraseInTitle":{"score":9,"maxScore":9,"error":0},"keyphraseInDescription":{"score":9,"maxScore":9,"error":0},"keyphraseLength":{"score":9,"maxScore":9,"error":0,"length":2},"keyphraseInURL":{"score":5,"maxScore":5,"error":0},"keyphraseInIntroduction":{"score":9,"maxScore":9,"error":0},"keyphraseInSubHeadings":{"score":3,"maxScore":9,"error":1},"keyphraseInImageAlt":[],"keywordDensity":{"type":"best","score":9,"maxScore":9,"error":0}}},"additional":[]},"primary_term":null,"canonical_url":null,"og_title":null,"og_description":null,"og_object_type":"website","og_image_type":"default","og_image_url":null,"og_image_width":null,"og_image_height":null,"og_image_custom_url":null,"og_image_custom_fields":null,"og_video":"","og_custom_url":null,"og_article_section":null,"og_article_tags":null,"twitter_use_og":false,"twitter_card":"default","twitter_image_type":"default","twitter_image_url":null,"twitter_image_custom_url":null,"twitter_image_custom_fields":null,"twitter_title":null,"twitter_description":null,"schema":{"blockGraphs":[],"customGraphs":[],"default":{"data":{"Article":[],"Course":[],"Dataset":[],"FAQPage":[],"Movie":[],"Person":[],"Product":[],"ProductReview":[],"Car":[],"Recipe":[],"Service":[],"SoftwareApplication":[],"WebPage":[]},"graphName":"WebPage","isEnabled":true},"graphs":[]},"schema_type":"default","schema_type_options":null,"pillar_content":false,"robots_default":true,"robots_noindex":false,"robots_noarchive":false,"robots_nosnippet":false,"robots_nofollow":false,"robots_noimageindex":false,"robots_noodp":false,"robots_notranslate":false,"robots_max_snippet":"-1","robots_max_videopreview":"-1","robots_max_imagepreview":"large","priority":null,"frequency":"default","local_seo":null,"limit_modified_date":false,"reviewed_by":null,"open_ai":null,"created":"2024-11-07 14:34:36","updated":"2025-10-06 23:03:13"},"aioseo_breadcrumb":"<div class=\"aioseo-breadcrumbs\"><span class=\"aioseo-breadcrumb\">\n\t<a href=\"https:\/\/stadiuminsight.com\/nb\" title=\"Home\">Home<\/a>\n<\/span><span class=\"aioseo-breadcrumb-separator\">&gt;<\/span><span class=\"aioseo-breadcrumb\">\n\tCookie policy for Stadiuminsight\n<\/span><\/div>","aioseo_breadcrumb_json":[{"label":"Home","link":"https:\/\/stadiuminsight.com\/nb"},{"label":"Cookie policy for Stadiuminsight","link":"https:\/\/stadiuminsight.com\/nb\/retningslinjer-for-informasjonskapsler-for-stadiuminsight\/"}],"_links":{"self":[{"href":"https:\/\/stadiuminsight.com\/nb\/wp-json\/wp\/v2\/pages\/10316","targetHints":{"allow":["GET"]}}],"collection":[{"href":"https:\/\/stadiuminsight.com\/nb\/wp-json\/wp\/v2\/pages"}],"about":[{"href":"https:\/\/stadiuminsight.com\/nb\/wp-json\/wp\/v2\/types\/page"}],"author":[{"embeddable":true,"href":"https:\/\/stadiuminsight.com\/nb\/wp-json\/wp\/v2\/users\/7"}],"replies":[{"embeddable":true,"href":"https:\/\/stadiuminsight.com\/nb\/wp-json\/wp\/v2\/comments?post=10316"}],"version-history":[{"count":4,"href":"https:\/\/stadiuminsight.com\/nb\/wp-json\/wp\/v2\/pages\/10316\/revisions"}],"predecessor-version":[{"id":13355,"href":"https:\/\/stadiuminsight.com\/nb\/wp-json\/wp\/v2\/pages\/10316\/revisions\/13355"}],"wp:attachment":[{"href":"https:\/\/stadiuminsight.com\/nb\/wp-json\/wp\/v2\/media?parent=10316"}],"curies":[{"name":"wp","href":"https:\/\/api.w.org\/{rel}","templated":true}]}}