{"id":10310,"date":"2024-11-07T14:27:37","date_gmt":"2024-11-07T14:27:37","guid":{"rendered":"https:\/\/stadiuminsight.com\/?page_id=10310"},"modified":"2026-04-03T15:18:31","modified_gmt":"2026-04-03T15:18:31","slug":"kontakt-oss","status":"publish","type":"page","link":"https:\/\/stadiuminsight.com\/nb\/kontakt-oss\/","title":{"rendered":"Kontakt oss"},"content":{"rendered":"<div id=\"fws_69d4e0015abdc\"  data-column-margin=\"default\" data-midnight=\"dark\"  class=\"wpb_row vc_row-fluid vc_row\"  style=\"padding-top: 0px; padding-bottom: 0px; \"><div class=\"row-bg-wrap\" data-bg-animation=\"none\" data-bg-animation-delay=\"\" data-bg-overlay=\"false\"><div class=\"inner-wrap row-bg-layer\" ><div class=\"row-bg viewport-desktop\"  style=\"\"><\/div><\/div><\/div><div class=\"row_col_wrap_12 col span_12 dark left\">\n\t<div  class=\"vc_col-sm-12 wpb_column column_container vc_column_container col no-extra-padding inherit_tablet inherit_phone\"  data-padding-pos=\"all\" data-has-bg-color=\"false\" data-bg-color=\"\" data-bg-opacity=\"1\" data-animation=\"\" data-delay=\"0\" >\n\t\t<div class=\"vc_column-inner\" >\n\t\t\t<div class=\"wpb_wrapper\">\n\t\t\t\t\n<div class=\"wpb_text_column wpb_content_element\" >\n\t<div class=\"wpb_wrapper\">\n\t\t<div class=\"aioseo-breadcrumbs\"><span class=\"aioseo-breadcrumb\">\n\tHjem\n<\/span><\/div>\n\t<\/div>\n<\/div>\n\n\n\n\n\t\t\t<\/div> \n\t\t<\/div>\n\t<\/div> \n<\/div><\/div>\n\t\t<div id=\"fws_69d4e0015b540\"  data-column-margin=\"default\" data-midnight=\"dark\"  class=\"wpb_row vc_row-fluid vc_row\"  style=\"padding-top: 0px; padding-bottom: 0px; \"><div class=\"row-bg-wrap\" data-bg-animation=\"none\" data-bg-animation-delay=\"\" data-bg-overlay=\"false\"><div class=\"inner-wrap row-bg-layer\" ><div class=\"row-bg viewport-desktop\"  style=\"\"><\/div><\/div><\/div><div class=\"row_col_wrap_12 col span_12 dark left\">\n\t<div  class=\"vc_col-sm-12 wpb_column column_container vc_column_container col no-extra-padding inherit_tablet inherit_phone\"  data-padding-pos=\"all\" data-has-bg-color=\"false\" data-bg-color=\"\" data-bg-opacity=\"1\" data-animation=\"\" data-delay=\"0\" >\n\t\t<div class=\"vc_column-inner\" >\n\t\t\t<div class=\"wpb_wrapper\">\n\t\t\t\t\n<div class=\"wpb_text_column wpb_content_element\" >\n\t<div class=\"wpb_wrapper\">\n\t\t\t<\/div>\n<\/div>\n\n\n\n\n\t\t\t<\/div> \n\t\t<\/div>\n\t<\/div> \n<\/div><\/div>\n\t\t<div id=\"fws_69d4e0015b723\"  data-column-margin=\"default\" data-midnight=\"dark\"  class=\"wpb_row vc_row-fluid vc_row\"  style=\"padding-top: 0px; padding-bottom: 0px; \"><div class=\"row-bg-wrap\" data-bg-animation=\"none\" data-bg-animation-delay=\"\" data-bg-overlay=\"false\"><div class=\"inner-wrap row-bg-layer\" ><div class=\"row-bg viewport-desktop\"  style=\"\"><\/div><\/div><\/div><div class=\"row_col_wrap_12 col span_12 dark left\">\n\t<div  class=\"vc_col-sm-12 wpb_column column_container vc_column_container col no-extra-padding inherit_tablet inherit_phone\"  data-padding-pos=\"all\" data-has-bg-color=\"false\" data-bg-color=\"\" data-bg-opacity=\"1\" data-animation=\"\" data-delay=\"0\" >\n\t\t<div class=\"vc_column-inner\" >\n\t\t\t<div class=\"wpb_wrapper\">\n\t\t\t\t\n<div class=\"wpb_text_column wpb_content_element\" >\n\t<div class=\"wpb_wrapper\">\n\t\t<h2>Kontakt oss<\/h2>\n<p><strong>Hvis du er interessert i \u00e5 samarbeide med oss eller har sp\u00f8rsm\u00e5l, ikke n\u00f8l med \u00e5 ta kontakt via e-post p\u00e5 letswork@upfront24.com<\/strong><\/p>\n\t<\/div>\n<\/div>\n\n\n\n\n\t\t\t<\/div> \n\t\t<\/div>\n\t<\/div> \n<\/div><\/div>","protected":false},"excerpt":{"rendered":"Home Contact us If you\u2019re interested in partnering with us or have any questions, don\u2019t hesitate to get in touch via email at letswork@upfront24.com","protected":false},"author":7,"featured_media":0,"parent":0,"menu_order":0,"comment_status":"closed","ping_status":"closed","template":"","meta":{"_acf_changed":false,"inline_featured_image":false,"_glsr_average":0,"_glsr_ranking":0,"_glsr_reviews":0,"footnotes":""},"class_list":["post-10310","page","type-page","status-publish"],"acf":[],"aioseo_notices":[],"aioseo_head":"\n\t\t<!-- All in One SEO Pro 4.8.1.1 - aioseo.com -->\n\t<meta name=\"description\" content=\"Contact StadiumInsight \u2013 Email us for collaboration, support, or inquiries. We respond promptly and are always ready to help you with any needs.\" \/>\n\t<meta name=\"robots\" content=\"max-image-preview:large\" \/>\n\t<link rel=\"canonical\" href=\"https:\/\/stadiuminsight.com\/nb\/kontakt-oss\/\" \/>\n\t<meta name=\"generator\" content=\"All in One SEO Pro (AIOSEO) 4.8.1.1\" \/>\n\t\t<meta property=\"og:locale\" content=\"nb_NO\" \/>\n\t\t<meta property=\"og:site_name\" content=\"Stadiuminsight -\" \/>\n\t\t<meta property=\"og:type\" content=\"website\" \/>\n\t\t<meta property=\"og:title\" content=\"Contact \u2013 Get in touch with StadiumInsight for collaboration\" \/>\n\t\t<meta property=\"og:description\" content=\"Contact StadiumInsight \u2013 Email us for collaboration, support, or inquiries. We respond promptly and are always ready to help you with any needs.\" \/>\n\t\t<meta property=\"og:url\" content=\"https:\/\/stadiuminsight.com\/nb\/kontakt-oss\/\" \/>\n\t\t<meta name=\"twitter:card\" content=\"summary_large_image\" \/>\n\t\t<meta name=\"twitter:site\" content=\"@MarekProch97105\" \/>\n\t\t<meta name=\"twitter:title\" content=\"Contact \u2013 Get in touch with StadiumInsight for collaboration\" \/>\n\t\t<meta name=\"twitter:description\" content=\"Contact StadiumInsight \u2013 Email us for collaboration, support, or inquiries. We respond promptly and are always ready to help you with any needs.\" \/>\n\t\t<meta name=\"twitter:creator\" content=\"@MarekProch97105\" \/>\n\t\t<script type=\"application\/ld+json\" class=\"aioseo-schema\">\n\t\t\t{\"@context\":\"https:\\\/\\\/schema.org\",\"@graph\":[{\"@type\":\"BreadcrumbList\",\"@id\":\"https:\\\/\\\/stadiuminsight.com\\\/nb\\\/kontakt-oss\\\/#breadcrumblist\",\"itemListElement\":[{\"@type\":\"ListItem\",\"@id\":\"https:\\\/\\\/stadiuminsight.com\\\/nb\\\/#listItem\",\"position\":1,\"name\":\"Home\",\"item\":\"https:\\\/\\\/stadiuminsight.com\\\/nb\\\/\",\"nextItem\":{\"@type\":\"ListItem\",\"@id\":\"https:\\\/\\\/stadiuminsight.com\\\/nb\\\/kontakt-oss\\\/#listItem\",\"name\":\"Contact us\"}},{\"@type\":\"ListItem\",\"@id\":\"https:\\\/\\\/stadiuminsight.com\\\/nb\\\/kontakt-oss\\\/#listItem\",\"position\":2,\"name\":\"Contact us\",\"previousItem\":{\"@type\":\"ListItem\",\"@id\":\"https:\\\/\\\/stadiuminsight.com\\\/nb\\\/#listItem\",\"name\":\"Home\"}}]},{\"@type\":\"Organization\",\"@id\":\"https:\\\/\\\/stadiuminsight.com\\\/nb\\\/#organization\",\"name\":\"Stadiuminsight\",\"url\":\"https:\\\/\\\/stadiuminsight.com\\\/nb\\\/\",\"sameAs\":[\"https:\\\/\\\/x.com\\\/MarekProch97105\",\"https:\\\/\\\/www.linkedin.com\\\/in\\\/marek-prochzka-a44875328\\\/\"]},{\"@type\":\"WebPage\",\"@id\":\"https:\\\/\\\/stadiuminsight.com\\\/nb\\\/kontakt-oss\\\/#webpage\",\"url\":\"https:\\\/\\\/stadiuminsight.com\\\/nb\\\/kontakt-oss\\\/\",\"name\":\"Contact \\u2013 Get in touch with StadiumInsight for collaboration\",\"description\":\"Contact StadiumInsight \\u2013 Email us for collaboration, support, or inquiries. We respond promptly and are always ready to help you with any needs.\",\"inLanguage\":\"nb-NO\",\"isPartOf\":{\"@id\":\"https:\\\/\\\/stadiuminsight.com\\\/nb\\\/#website\"},\"breadcrumb\":{\"@id\":\"https:\\\/\\\/stadiuminsight.com\\\/nb\\\/kontakt-oss\\\/#breadcrumblist\"},\"datePublished\":\"2024-11-07T14:27:37+00:00\",\"dateModified\":\"2026-04-03T15:18:31+00:00\"},{\"@type\":\"WebSite\",\"@id\":\"https:\\\/\\\/stadiuminsight.com\\\/nb\\\/#website\",\"url\":\"https:\\\/\\\/stadiuminsight.com\\\/nb\\\/\",\"name\":\"Stadiuminsight\",\"inLanguage\":\"nb-NO\",\"publisher\":{\"@id\":\"https:\\\/\\\/stadiuminsight.com\\\/nb\\\/#organization\"}}]}\n\t\t<\/script>\n\t\t<!-- All in One SEO Pro -->\r\n\t\t<title>Contact \u2013 Get in touch with StadiumInsight for collaboration<\/title>\n\n","aioseo_head_json":{"title":"Kontakt - Ta kontakt med StadiumInsight for samarbeid","description":"Kontakt StadiumInsight - Send oss en e-post for samarbeid, support eller henvendelser. Vi svarer raskt og er alltid klare til \u00e5 hjelpe deg med det du m\u00e5tte ha behov for.","canonical_url":"https:\/\/stadiuminsight.com\/nb\/kontakt-oss\/","robots":"max-image-preview:large","keywords":"","webmasterTools":{"miscellaneous":""},"schema":{"@context":"https:\/\/schema.org","@graph":[{"@type":"BreadcrumbList","@id":"https:\/\/stadiuminsight.com\/nb\/kontakt-oss\/#breadcrumblist","itemListElement":[{"@type":"ListItem","@id":"https:\/\/stadiuminsight.com\/nb\/#listItem","position":1,"name":"Home","item":"https:\/\/stadiuminsight.com\/nb\/","nextItem":{"@type":"ListItem","@id":"https:\/\/stadiuminsight.com\/nb\/kontakt-oss\/#listItem","name":"Contact us"}},{"@type":"ListItem","@id":"https:\/\/stadiuminsight.com\/nb\/kontakt-oss\/#listItem","position":2,"name":"Contact us","previousItem":{"@type":"ListItem","@id":"https:\/\/stadiuminsight.com\/nb\/#listItem","name":"Home"}}]},{"@type":"Organization","@id":"https:\/\/stadiuminsight.com\/nb\/#organization","name":"Stadiuminsight","url":"https:\/\/stadiuminsight.com\/nb\/","sameAs":["https:\/\/x.com\/MarekProch97105","https:\/\/www.linkedin.com\/in\/marek-prochzka-a44875328\/"]},{"@type":"WebPage","@id":"https:\/\/stadiuminsight.com\/nb\/kontakt-oss\/#webpage","url":"https:\/\/stadiuminsight.com\/nb\/kontakt-oss\/","name":"Contact \u2013 Get in touch with StadiumInsight for collaboration","description":"Contact StadiumInsight \u2013 Email us for collaboration, support, or inquiries. We respond promptly and are always ready to help you with any needs.","inLanguage":"nb-NO","isPartOf":{"@id":"https:\/\/stadiuminsight.com\/nb\/#website"},"breadcrumb":{"@id":"https:\/\/stadiuminsight.com\/nb\/kontakt-oss\/#breadcrumblist"},"datePublished":"2024-11-07T14:27:37+00:00","dateModified":"2026-04-03T15:18:31+00:00"},{"@type":"WebSite","@id":"https:\/\/stadiuminsight.com\/nb\/#website","url":"https:\/\/stadiuminsight.com\/nb\/","name":"Stadiuminsight","inLanguage":"nb-NO","publisher":{"@id":"https:\/\/stadiuminsight.com\/nb\/#organization"}}]},"og:locale":"nb_NO","og:site_name":"Stadiuminsight -","og:type":"website","og:title":"Contact \u2013 Get in touch with StadiumInsight for collaboration","og:description":"Contact StadiumInsight \u2013 Email us for collaboration, support, or inquiries. We respond promptly and are always ready to help you with any needs.","og:url":"https:\/\/stadiuminsight.com\/nb\/kontakt-oss\/","twitter:card":"summary_large_image","twitter:site":"@MarekProch97105","twitter:title":"Contact \u2013 Get in touch with StadiumInsight for collaboration","twitter:description":"Contact StadiumInsight \u2013 Email us for collaboration, support, or inquiries. We respond promptly and are always ready to help you with any needs.","twitter:creator":"@MarekProch97105"},"aioseo_meta_data":{"post_id":"10310","title":"Kontakt - Ta kontakt med StadiumInsight for samarbeid","description":"Kontakt StadiumInsight - Send oss en e-post for samarbeid, support eller henvendelser. Vi svarer raskt og er alltid klare til \u00e5 hjelpe deg med det du m\u00e5tte ha behov for.","keywords":null,"keyphrases":{"focus":{"keyphrase":"Contact","score":75,"analysis":{"keyphraseInTitle":{"score":9,"maxScore":9,"error":0},"keyphraseInDescription":{"score":9,"maxScore":9,"error":0},"keyphraseLength":{"score":9,"maxScore":9,"error":0,"length":1},"keyphraseInURL":{"score":5,"maxScore":5,"error":0},"keyphraseInIntroduction":{"score":3,"maxScore":9,"error":1},"keyphraseInSubHeadings":{"score":9,"maxScore":9,"error":0},"keyphraseInImageAlt":[],"keywordDensity":{"type":"high","score":0,"maxScore":9,"error":1}}},"additional":[]},"primary_term":null,"canonical_url":null,"og_title":null,"og_description":null,"og_object_type":"website","og_image_type":"default","og_image_url":null,"og_image_width":null,"og_image_height":null,"og_image_custom_url":null,"og_image_custom_fields":null,"og_video":"","og_custom_url":null,"og_article_section":null,"og_article_tags":null,"twitter_use_og":false,"twitter_card":"default","twitter_image_type":"default","twitter_image_url":null,"twitter_image_custom_url":null,"twitter_image_custom_fields":null,"twitter_title":null,"twitter_description":null,"schema":{"blockGraphs":[],"customGraphs":[],"default":{"data":{"Article":[],"Course":[],"Dataset":[],"FAQPage":[],"Movie":[],"Person":[],"Product":[],"ProductReview":[],"Car":[],"Recipe":[],"Service":[],"SoftwareApplication":[],"WebPage":[]},"graphName":"WebPage","isEnabled":true},"graphs":[]},"schema_type":"default","schema_type_options":null,"pillar_content":false,"robots_default":true,"robots_noindex":false,"robots_noarchive":false,"robots_nosnippet":false,"robots_nofollow":false,"robots_noimageindex":false,"robots_noodp":false,"robots_notranslate":false,"robots_max_snippet":"-1","robots_max_videopreview":"-1","robots_max_imagepreview":"large","priority":null,"frequency":"default","local_seo":null,"limit_modified_date":false,"reviewed_by":null,"open_ai":{"title":{"suggestions":[],"usage":0},"description":{"suggestions":[],"usage":0}},"created":"2024-11-07 14:24:37","updated":"2026-04-03 15:29:55"},"aioseo_breadcrumb":"<div class=\"aioseo-breadcrumbs\"><span class=\"aioseo-breadcrumb\">\n\t<a href=\"https:\/\/stadiuminsight.com\/nb\" title=\"Home\">Home<\/a>\n<\/span><span class=\"aioseo-breadcrumb-separator\">&gt;<\/span><span class=\"aioseo-breadcrumb\">\n\tContact us\n<\/span><\/div>","aioseo_breadcrumb_json":[{"label":"Home","link":"https:\/\/stadiuminsight.com\/nb"},{"label":"Contact us","link":"https:\/\/stadiuminsight.com\/nb\/kontakt-oss\/"}],"_links":{"self":[{"href":"https:\/\/stadiuminsight.com\/nb\/wp-json\/wp\/v2\/pages\/10310","targetHints":{"allow":["GET"]}}],"collection":[{"href":"https:\/\/stadiuminsight.com\/nb\/wp-json\/wp\/v2\/pages"}],"about":[{"href":"https:\/\/stadiuminsight.com\/nb\/wp-json\/wp\/v2\/types\/page"}],"author":[{"embeddable":true,"href":"https:\/\/stadiuminsight.com\/nb\/wp-json\/wp\/v2\/users\/7"}],"replies":[{"embeddable":true,"href":"https:\/\/stadiuminsight.com\/nb\/wp-json\/wp\/v2\/comments?post=10310"}],"version-history":[{"count":8,"href":"https:\/\/stadiuminsight.com\/nb\/wp-json\/wp\/v2\/pages\/10310\/revisions"}],"predecessor-version":[{"id":14732,"href":"https:\/\/stadiuminsight.com\/nb\/wp-json\/wp\/v2\/pages\/10310\/revisions\/14732"}],"wp:attachment":[{"href":"https:\/\/stadiuminsight.com\/nb\/wp-json\/wp\/v2\/media?parent=10310"}],"curies":[{"name":"wp","href":"https:\/\/api.w.org\/{rel}","templated":true}]}}